{"id":77805,"date":"2022-09-03T19:27:01","date_gmt":"2022-09-03T18:27:01","guid":{"rendered":"https:\/\/staging.spassio.com\/?page_id=77805"},"modified":"2024-04-22T13:40:57","modified_gmt":"2024-04-22T12:40:57","slug":"guide-grundlaggning-modulhus","status":"publish","type":"page","link":"https:\/\/staging.spassio.com\/sv\/guide-grundlaggning-modulhus\/","title":{"rendered":"Guide f\u00f6r grundl\u00e4ggning av modulhus"},"content":{"rendered":"<p>Alla modulhus m\u00e5ste f\u00e4stas p\u00e5 en permanent grund och trots att de byggs p\u00e5 annan plats \u00e4r det f\u00f6rst n\u00e4r de prefabricerade modulerna f\u00e4sts p\u00e5 grunden som modulhuset anses vara komplett. Stiftelsens huvudsakliga m\u00e5l \u00e4r att ge <a href=\"https:\/\/staging.spassio.com\/categories\/modular-houses\/\">modulhuset<\/a> stabilitet genom att skapa en solid grund. F\u00f6r att g\u00f6ra det \u00e4r det viktigt att v\u00e4lja r\u00e4tt typ av fundament genom att ta h\u00e4nsyn till faktorer som markens egenskaper eller husets strukturella utformning.<\/p>\n<h2>Det viktigaste du b\u00f6r veta om modul\u00e4ra husgrunder<\/h2>\n<h3>1.Det \u00e4r rekommenderat att g\u00f6ra en markunders\u00f6kning<\/h3>\n<p>I Storbritannien och de flesta europeiska l\u00e4nder kr\u00e4vs inte en markunders\u00f6kning, men det rekommenderas starkt. En geoteknisk unders\u00f6kning ger en detaljerad bild av de djupare jordlagren. Att ha denna information i f\u00f6rv\u00e4g hj\u00e4lper till att identifiera den b\u00e4sta typen av <a href=\"https:\/\/staging.spassio.com\/glossary\/foundation\/\">fundament<\/a> och minskar risken f\u00f6r att st\u00f6ta p\u00e5 ov\u00e4ntade element under utgr\u00e4vningen.<\/p>\n<h3>2.Modulhustillverkaren ansvarar ofta f\u00f6r att bygga grunden<\/h3>\n<p>Vissa modulhustillverkare tar hand om hela byggprocessen, inklusive installation av grunden p\u00e5 plats. De tillverkare som inte erbjuder denna tj\u00e4nst kr\u00e4ver att du anlitar en entrepren\u00f6r f\u00f6r att bygga grunden, men de kommer fortfarande att erbjuda v\u00e4gledning i valet av grund och byggprocessen.<\/p>\n<h3>3.Modulerna \u00e4r direkt kopplade till fundamentet<\/h3>\n<p>Modulerna som \u00f6verensst\u00e4mmer med modulhuset tillverkas i en fabriksliknande milj\u00f6 och levereras till byggplatsen n\u00e4r de \u00e4r f\u00e4rdiga. D\u00e4r lyfts de upp med en kran och f\u00e4sts i allm\u00e4nhet p\u00e5 fundamentet med kopplingar eller bultar. Anslutningsdonet eller bulten \u00e4r vanligtvis svetsad till b\u00e5de modulen och fundamentet<a href=\"#_ftn1\" name=\"_ftnref1\">[1]<\/a>.<\/p>\n<h2>Vilken typ av grund kr\u00e4vs f\u00f6r ett modulhus?<\/h2>\n<p>Det finns fem huvudtyper av permanenta fundament som vanligtvis anv\u00e4nds f\u00f6r modulbyggnation och som inte skiljer sig fr\u00e5n de fundament som anv\u00e4nds f\u00f6r att resa ett traditionellt hus som byggts p\u00e5 plats.<\/p>\n<h3>Fundament f\u00f6r flak<\/h3>\n<p>En plintgrund \u00e4r en typ av ytlig grund som best\u00e5r av en betongplatta som ligger horisontellt p\u00e5 marken och t\u00e4cker hela husets grundyta. F\u00f6r att f\u00f6rb\u00e4ttra grundens motst\u00e5ndskraft och h\u00e5llbarhet f\u00f6rst\u00e4rks betongplattan i allm\u00e4nhet med st\u00e5lst\u00e4nger och f\u00f6rtjockas i kanterna.<\/p>\n<p>Gr\u00e4vningsarbetet som kr\u00e4vs f\u00f6r att installera denna typ av fundament \u00e4r minimalt eftersom flottarna i princip st\u00e5r p\u00e5 en utj\u00e4mnad jordb\u00e4dd. D\u00e4rf\u00f6r g\u00e5r det oftast snabbare och \u00e4r billigare att bygga denna typ av fundament.<\/p>\n<h3>Individuell grundl\u00e4ggning eller enkel grundplatta<\/h3>\n<p>Enskilda fundament \u00e4r en typ av grunda fundament som best\u00e5r av en upps\u00e4ttning kvadratiska, rektangul\u00e4ra eller runda plattor som vanligtvis placeras under markytan. Dessa \u00e4r oftast tillverkade av armerad betong och \u00e4r j\u00e4mnt f\u00f6rdelade mellan varandra. Individuella fotplattor \u00e4r mycket vanliga inom traditionell byggnation, men inte de vanligaste inom modulhus.<\/p>\n<p>Modulhus byggs oftast med strukturer som best\u00e5r av b\u00e4rande v\u00e4ggar och enstaka pelare \u00e4r utformade f\u00f6r att st\u00f6dja strukturella pelare. I vissa situationer, t.ex. p\u00e5 sluttande mark, \u00e4r individuella fundament en bra l\u00f6sning f\u00f6r att undvika omfattande gr\u00e4vningsarbete, men f\u00f6r att ansluta huset till fundamenten \u00e4r det n\u00f6dv\u00e4ndigt att f\u00e4sta ytterligare en horisontell struktur under husets v\u00e4ggar.<\/p>\n<h3>Fundament f\u00f6r band eller v\u00e4gg<\/h3>\n<p>Band- eller v\u00e4ggfundament \u00e4r en mycket vanlig typ av ytligt fundament i modulbyggnation, de liknar ett individuellt fundament, men i det h\u00e4r fallet best\u00e5r det inte av flera plattor utan \u00e4r byggt som en kontinuerlig plattremsa. Denna fot byggs direkt under husets b\u00e4rande v\u00e4ggar med en bredd som i allm\u00e4nhet \u00e4r 2 till 3 g\u00e5nger v\u00e4ggarnas bredd.<\/p>\n<h3>Djupa fundament<\/h3>\n<p>Denna typ av fundament anv\u00e4nds endast n\u00e4r marken \u00e4r svag vid ytan. F\u00f6r att grunden ska fungera korrekt och ge det n\u00f6dv\u00e4ndiga st\u00f6det till modulhuset kr\u00e4vs det att den vilar p\u00e5 fast mark. N\u00e4r de f\u00f6rsta jordlagren \u00e4r svaga och inte har tillr\u00e4cklig styrka f\u00f6r att b\u00e4ra upp grunden, m\u00e5ste man gr\u00e4va djupare ner i marken tills man hittar b\u00e4ttre jord.<\/p>\n<p>Det finns olika typer av djupa fundament, men i bostadshus \u00e4r p\u00e5l- eller skruvp\u00e5lsfundament de vanligaste. P\u00e5lar \u00e4r l\u00e5nga cylindrar som kan byggas p\u00e5 plats eller prefabriceras och som vanligtvis tillverkas av olika material, t.ex. betong, st\u00e5l eller tr\u00e4.<\/p>\n<h3>Grundl\u00e4ggning av k\u00e4llare<\/h3>\n<p>Det \u00e4r definitivt m\u00f6jligt att bygga ett modulhus p\u00e5 en k\u00e4llargrund. Denna typ av fundament kr\u00e4ver en betydande m\u00e4ngd gr\u00e4vningsarbete, vilket f\u00f6ljaktligen kommer att \u00f6ka byggkostnaden. Vanligtvis \u00e4r det dock fortfarande kostnadseffektivt eftersom det ger extra kvadratmeter som kan anv\u00e4ndas som antingen bostadsyta eller f\u00f6rvaring.<\/p>\n<p>K\u00e4llaren best\u00e5r av tv\u00e5 olika konstruktionselement: en plintgrund och v\u00e4ggarna som i de flesta fall \u00e4r byggda av armerad betong. Modulerna som \u00f6verensst\u00e4mmer med modulhuset placeras ovanp\u00e5 k\u00e4llarv\u00e4ggarna.<\/p>\n<p><img fetchpriority=\"high\" decoding=\"async\" class=\"alignnone wp-image-29240 size-large\" src=\"https:\/\/staging.spassio.com\/wp-content\/uploads\/2022\/09\/construction-contractors-1024x682.jpg\" alt=\"\" width=\"1024\" height=\"682\" srcset=\"https:\/\/staging.spassio.com\/wp-content\/uploads\/2022\/09\/construction-contractors-1024x682.jpg 1024w, https:\/\/staging.spassio.com\/wp-content\/uploads\/2022\/09\/construction-contractors-300x200.jpg 300w, https:\/\/staging.spassio.com\/wp-content\/uploads\/2022\/09\/construction-contractors-768x512.jpg 768w, https:\/\/staging.spassio.com\/wp-content\/uploads\/2022\/09\/construction-contractors-900x600.jpg 900w, https:\/\/staging.spassio.com\/wp-content\/uploads\/2022\/09\/construction-contractors-496x331.jpg 496w, https:\/\/staging.spassio.com\/wp-content\/uploads\/2022\/09\/construction-contractors.jpg 1280w\" sizes=\"(max-width: 1024px) 100vw, 1024px\" \/><\/p>\n<h2>Vilken \u00e4r den b\u00e4sta grunden f\u00f6r ett modulhus?<\/h2>\n<p>Var och en av de grundtyper som beskrivs ovan kan ge bra st\u00f6d \u00e5t ett hus byggt med modulkonstruktion, men den b\u00e4sta grundtypen varierar fr\u00e5n ett modulhus till ett annat. H\u00e4r \u00e4r n\u00e5gra av de viktigaste aspekterna att t\u00e4nka p\u00e5 n\u00e4r du v\u00e4ljer den b\u00e4sta typen av fundament f\u00f6r ett modulhus:<\/p>\n<ul>\n<li><strong>Jordens sammans\u00e4ttning<\/strong>: Jordens sammans\u00e4ttning \u00e4r en av de viktigaste aspekterna att ta h\u00e4nsyn till eftersom grunden m\u00e5ste vila p\u00e5 fast mark. Att identifiera eventuella svaga lager kan vara till stor hj\u00e4lp f\u00f6r att avg\u00f6ra behovet av en djupare grund. Men att identifiera element som stenar kan ocks\u00e5 vara f\u00f6rdelaktigt eftersom det kan spara de sv\u00e5righeter vi skulle st\u00f6ta p\u00e5 om vi skulle best\u00e4mma oss f\u00f6r att gr\u00e4va.<\/li>\n<li>Modulhusets <strong>struktur<\/strong>: Att veta om modulhuset \u00e4r byggt med en b\u00e4rande v\u00e4ggstruktur eller en pelarstruktur g\u00f6r det l\u00e4ttare att v\u00e4lja en grundtyp som uppfyller kraven utan att l\u00e4gga till en extra kostnad f\u00f6r konstruktionen.<\/li>\n<li><strong>Markens topografi<\/strong>: Att ta h\u00e4nsyn till topografin kan hj\u00e4lpa oss att v\u00e4lja den mest ekonomiska och till och med milj\u00f6v\u00e4nliga grundtypen. Plana marker ger oss oftast en enklare startpunkt, men det betyder inte att vi alltid ska gr\u00e4va f\u00f6r att j\u00e4mna ut terr\u00e4ngen. Genom att laborera med topografin och olika typer av fundament kan vi erbjuda riktigt kostnadseffektiva l\u00f6sningar.<\/li>\n<li><strong>Tillverkarens expertis<\/strong>: F\u00f6r att s\u00e4kerst\u00e4lla att grunden \u00e4r solid och s\u00e4ker b\u00f6r valet av tillverkare g\u00f6ras av ansvariga arkitekter och ingenj\u00f6rer. Tillverkaren av modulhus tar vanligtvis hand om dessa tj\u00e4nster. I de fall d\u00e4r fundamentet byggs av en extern arbetare kommer tillverkaren fortfarande att ge n\u00f6dv\u00e4ndig v\u00e4gledning f\u00f6r att s\u00e4kerst\u00e4lla att den valda typen \u00e4r den mest l\u00e4mpliga.<\/li>\n<\/ul>\n<p>Referenser:<br \/>\n<a style=\"color: #3eb6a8;\" href=\"#_ftnref1\" name=\"_ftn1\">[1]<\/a>Pujadas Gispert, E. Prefabricerade fundament f\u00f6r bost\u00e4der till\u00e4mpade p\u00e5 rumsmoduler Universitat Polit\u00e8cnica de Catalunya <a href=\"https:\/\/core.ac.uk\/download\/pdf\/81577177.pdf\">https:\/\/core.ac.uk\/download\/pdf\/81577177.pdf<\/a><br \/>\nUtvalda bilder: <a href=\"https:\/\/staging.spassio.com\/models\/mevena-modern-exclusive-v1\/\">Modern Exclusive V1 av Mevena<\/a><\/p>\n","protected":false},"excerpt":{"rendered":"<p>Alla modulhus m\u00e5ste f\u00e4stas p\u00e5 en permanent grund och trots att de byggs p\u00e5 annan plats \u00e4r det f\u00f6rst n\u00e4r de prefabricerade modulerna f\u00e4sts p\u00e5 grunden som modulhuset anses vara komplett. Stiftelsens huvudsakliga m\u00e5l \u00e4r att ge modulhuset stabilitet genom att skapa en solid grund. F\u00f6r att g\u00f6ra det \u00e4r det viktigt att v\u00e4lja r\u00e4tt [&hellip;]<\/p>\n","protected":false},"author":194,"featured_media":77807,"parent":0,"menu_order":0,"comment_status":"closed","ping_status":"closed","template":"","meta":{"content-type":"","_FSMCFIC_featured_image_caption":"","_FSMCFIC_featured_image_nocaption":"","_FSMCFIC_featured_image_hide":"","footnotes":""},"class_list":["post-77805","page","type-page","status-publish","has-post-thumbnail","hentry"],"_wp_attached_file":null,"_wp_attachment_metadata":null,"_wp_attachment_backup_sizes":null,"siteground_optimizer_webp_conversion_attempts":null,"siteground_optimizer_is_converted_to_webp":null,"siteground_optimizer_optimization_attempts":null,"siteground_optimizer_optimization_failed":null,"wpml_media_processed":null,"_wp_attachment_image_alt":null,"siteground_optimizer_is_optimized":null,"siteground_optimizer_webp_conversion_failed":null,"_elementor_source_image_hash":null,"siteground_optimizer_compression_level":null,"_elementor_inline_svg":null,"_imagify_optimization_level":null,"_imagify_status":null,"_imagify_data":null,"siteground_optimizer_original_filesize":null,"wpse_external_file_url":null,"fave_currency":null,"fave_currency_info":null,"fave_property_id":null,"fave_property_map":null,"fave_property_location":null,"houzez_geolocation_lat":null,"houzez_geolocation_long":null,"fave_property_map_street_view":null,"fave_featured":null,"fave_loggedintoview":null,"fave_agent_display_option":null,"fave_prop_homeslider":null,"fave_single_top_area":null,"fave_single_content_area":null,"_yoast_wpseo_primary_property_type":null,"_yoast_wpseo_primary_property_feature":null,"_yoast_wpseo_primary_property_label":null,"_yoast_wpseo_primary_property_country":null,"houzez_manual_expire":null,"_houzez_expiration_date_status":null,"houzez_total_property_views":null,"houzez_views_by_date":null,"houzez_recently_viewed":null,"fave_property_price":null,"fave_property_price_prefix":null,"fave_property_size":null,"fave_property_bathrooms":null,"fave_property_garage":null,"fave_levels":null,"fave_roof-type":null,"fave_construction-type":null,"fave_video_url":null,"fave_video_image":null,"fave_payment_status":null,"fave_property_agency":null,"fave_countries":null,"fave_sleeps":null,"_yoast_wpseo_primary_property_status":null,"fave_property_images":null,"fave_attachments":null,"technical_description":null,"houzez_featured_listing_date":null,"fave_property_size_prefix":null,"fave_property_bedrooms":null,"fave_property_price_postfix":null,"fave_production-time-in-weeks":null,"fave_building-time-in-days":null,"fave_window-glazing":null,"_yoast_wpseo_primary_feature-2":null,"_yoast_wpseo_primary_feature-3":null,"fave_warranty-in-years":null,"fave_property_land":null,"fave_property_land_postfix":null,"wpsebeba57d406-00de-d339-8c02-3956a916f506":null,"_oembed_eefb35903900c5c166d55ccf7fc62a8a":null,"_oembed_30948e80c1a853da0b519e72c40d2e13":null,"_oembed_0b78a31d7c7e6041adc064d46c40f98b":null,"_oembed_42c2c13b5902a21593b1d521556aea88":null,"_oembed_4fb58e495f37e206f97738a42dbe566f":null,"_oembed_b2828bee61bd9076cd21ece641de7abc":null,"_oembed_0c92428c960763e658977ce4918863f4":null,"_oembed_02b72dc3d26bdba6ff900a268ade2517":null,"_oembed_8c819834f7fc0b74364aa34a8193f46f":null,"_oembed_088962b77808b37d57abe5c8143f9652":null,"_oembed_dfae0e674c59ba061a82b330fc7fdea0":null,"_oembed_74e5075f66c4cd04b0e118feb24f6636":null,"fave_mortgage_cal":null,"_air_wp_sync_record_id":null,"_air_wp_sync_hash":null,"_air_wp_sync_importer_id":null,"_air_wp_sync_updated_at":null,"external_listing_link":null,"fave_property_map_address":null,"fave_multi_units_ids":null,"$wpml_language$":null,"fave_virtual_tour":null,"fave_gross-external-area":null,"_houzez_expiration_date":null,"_houzez_expiration_date_options":null,"floor_plans":null,"_oembed_a17db82fa378d53b4dc6ed46e5344499":null,"_oembed_da390569a339f4d7147d95cfb8c04c12":null,"_oembed_6a3eda5947bcc098660397ca8e21a941":null,"fave_roof-angle":null,"fave_seo-content":null,"_oembed_a7b8941eeee966e7350aede20b4d62be":null,"_oembed_time_a7b8941eeee966e7350aede20b4d62be":null,"additional_features":null,"fave_multi_units":null,"_oembed_716f56b62500685a7dd15ea2ec7579bd":null,"_oembed_time_716f56b62500685a7dd15ea2ec7579bd":null,"_oembed_8ececd3dd2598a4aedb5dfc82df2a0f6":null,"_oembed_time_8ececd3dd2598a4aedb5dfc82df2a0f6":null,"_oembed_4cef7884ea6ef16d48cd8675b12e440d":null,"fave_property_garage_size":null,"_oembed_5c1eaf7b40f4e3a3089b38beb88ba480":null,"fave_property_zip":null,"_oembed_ccdd6e0304386ece64b3b91f572b0be4":null,"_oembed_ae30d19e3e861b389146a1ccc2828104":null,"fave_property_rooms":null,"fave_property_year":null,"two_page_speed":null,"fave_year_established":null,"Status":null,"_oembed_5b2d8d2cf33b469c98e488ea5b118c30":null,"WPML Language Code":null,"_links":{"self":[{"href":"https:\/\/staging.spassio.com\/sv\/wp-json\/wp\/v2\/pages\/77805","targetHints":{"allow":["GET"]}}],"collection":[{"href":"https:\/\/staging.spassio.com\/sv\/wp-json\/wp\/v2\/pages"}],"about":[{"href":"https:\/\/staging.spassio.com\/sv\/wp-json\/wp\/v2\/types\/page"}],"author":[{"embeddable":true,"href":"https:\/\/staging.spassio.com\/sv\/wp-json\/wp\/v2\/users\/194"}],"replies":[{"embeddable":true,"href":"https:\/\/staging.spassio.com\/sv\/wp-json\/wp\/v2\/comments?post=77805"}],"version-history":[{"count":0,"href":"https:\/\/staging.spassio.com\/sv\/wp-json\/wp\/v2\/pages\/77805\/revisions"}],"wp:featuredmedia":[{"embeddable":true,"href":"https:\/\/staging.spassio.com\/sv\/wp-json\/wp\/v2\/media\/77807"}],"wp:attachment":[{"href":"https:\/\/staging.spassio.com\/sv\/wp-json\/wp\/v2\/media?parent=77805"}],"curies":[{"name":"wp","href":"https:\/\/api.w.org\/{rel}","templated":true}]}}