{"id":77809,"date":"2022-09-19T12:36:31","date_gmt":"2022-09-19T11:36:31","guid":{"rendered":"https:\/\/staging.spassio.com\/?page_id=77809"},"modified":"2024-04-22T13:42:47","modified_gmt":"2024-04-22T12:42:47","slug":"introduktion-kopa-prefabricerat-hus","status":"publish","type":"page","link":"https:\/\/staging.spassio.com\/sv\/introduktion-kopa-prefabricerat-hus\/","title":{"rendered":"Introduktion till att k\u00f6pa ett prefabricerat hus"},"content":{"rendered":"<p>I den h\u00e4r guiden hittar du de grundl\u00e4ggande riktlinjerna f\u00f6r att starta processen med att k\u00f6pa ett prefabricerat hus. Prefabricerad byggnation fungerar helt annorlunda \u00e4n traditionell byggnation eftersom det mesta av byggprocessen sker utanf\u00f6r byggarbetsplatsen i en fabriksliknande milj\u00f6. D\u00e4rf\u00f6r kommer de steg vi b\u00f6r f\u00f6lja n\u00e4r vi <a href=\"\/\">k\u00f6per ett prefabricerat<\/a> hus att vara unika f\u00f6r denna typ av konstruktion.<\/p>\n<p>Processen f\u00f6r att k\u00f6pa ett prefabricerat hem:<\/p>\n<ol>\n<li>Leta efter en tillverkare av prefabricerade hus<\/li>\n<li>Hitta din tomt<\/li>\n<li>B\u00f6rja arbeta med din tillverkare<\/li>\n<\/ol>\n<p>Att f\u00f6rst\u00e5 hur prefabricerad byggnation fungerar ger dig en uppfattning om vad du kan f\u00f6rv\u00e4nta dig och var du ska b\u00f6rja. T\u00e4nk dock p\u00e5 att prefab \u00e4r en generisk term som definierar ett s\u00e4tt att bygga, men det finns olika typer av prefabricerade hus. Varje typ av prefabricerat hus har olika f\u00f6rdelar, l\u00e4r k\u00e4nna dem f\u00f6r att v\u00e4lja det prefabricerade hus som passar dig b\u00e4st.<\/p>\n<h2>Vad beh\u00f6ver du veta om att k\u00f6pa ett prefabricerat hem<\/h2>\n<p>Innan du b\u00f6rjar k\u00f6pa ett <a href=\"\/\">prefabricerat hem<\/a> \u00e4r det viktigt att du tar dig tid att f\u00f6rst\u00e5 vad denna typ av konstruktion inneb\u00e4r f\u00f6r att f\u00e5 en klar uppfattning om vad du ska leta efter och vad du kan f\u00f6rv\u00e4nta dig.<\/p>\n<h3>Hur fungerar prefabricerade hus?<\/h3>\n<ul>\n<li><strong>Tillverkarna \u00e4r ganska specialiserade<\/strong>: Eftersom prefabricering i h\u00f6g grad \u00e4r systematiserad \u00e4r de flesta tillverkare specialiserade p\u00e5 en designstil. Genom att v\u00e4lja r\u00e4tt tillverkare kan vi f\u00e5 exakt det vi letar efter.<\/li>\n<li>Tomtens <strong>egenskaper spelar<\/strong> roll: N\u00e4r du bygger ett prefabricerat hus \u00e4r det viktigt att v\u00e4lja en l\u00e4mplig tomt f\u00f6r att s\u00e4kerst\u00e4lla en smidig byggprocess.<\/li>\n<li><strong>Designfasen b\u00f6r inte<\/strong> stressas fram: Eftersom det mesta av byggandet sker i en fabriksliknande milj\u00f6 finns det inte mycket marginal f\u00f6r \u00e4garen att titta p\u00e5 utrymmet medan det byggs och \u00e4ndra eventuella designfunktioner n\u00e4r byggnadsarbetena v\u00e4l har p\u00e5b\u00f6rjats. Ta lite tid p\u00e5 dig att best\u00e4mma dig f\u00f6r designen innan du godk\u00e4nner den.<\/li>\n<\/ul>\n<h2>Hur mycket kan du f\u00f6rv\u00e4nta dig att betala f\u00f6r ett prefabricerat hem?<\/h2>\n<p>Att k\u00f6pa ett prefabricerat hus \u00e4r i allm\u00e4nhet billigare \u00e4n att bygga ett traditionellt platsbyggt hus, och man kan spara s\u00e5 mycket som 20 % av byggkostnaden <a href=\"#_ftn1\" name=\"_ftnref1\">[1]<\/a>. Priset beror dock p\u00e5 vilken typ av prefab, husets storlek och vilka material som anv\u00e4nds. Till exempel kan du hitta ekonomiska prefabricerade hus f\u00f6r en startkostnad p\u00e5 30 000 \u20ac f\u00f6r prefabriceringsarbetet. \u00c4nd\u00e5 \u00e4r en prislapp p\u00e5 cirka 200 000 euro ett vanligare v\u00e4rde n\u00e4r man k\u00f6per ett prefabricerat hus i familjestorlek.<\/p>\n<p>Processen f\u00f6r att k\u00f6pa ett prefabricerat hem:<\/p>\n<h3>1.Leta efter en tillverkare av prefabricerade hus<\/h3>\n<p>N\u00e4r du har best\u00e4mt dig f\u00f6r vilken typ av prefabricerat hus som passar dig b\u00e4st \u00e4r det dags att leta efter en tillverkare. Med tanke p\u00e5 prefabprocessens natur \u00e4r det viktigt att v\u00e4lja en prefabbyggare baserat p\u00e5 f\u00f6ljande:<\/p>\n<ul>\n<li><strong>Typ av prefabricerad<\/strong> byggnad: Hitta en tillverkare som bygger den typ av prefab som du letar efter.<\/li>\n<li><strong>Stil<\/strong>: Prefabtillverkare tenderar att specialisera sig p\u00e5 en arkitektonisk stil, definiera vilken estetik som passar dig b\u00e4st och leta efter en tillverkare som fokuserar p\u00e5 den stilen.<\/li>\n<li><strong>F\u00f6rdesignade eller skr\u00e4ddarsydda<\/strong>: Vissa tillverkare erbjuder f\u00e4rdigdesignade prefabricerade hus, andra fokuserar endast p\u00e5 skr\u00e4ddarsydda konstruktioner och n\u00e5gra erbjuder b\u00e5da alternativen. Innan du best\u00e4mmer dig f\u00f6r en tillverkare b\u00f6r du ta st\u00e4llning till om en f\u00e4rdig planl\u00f6sning passar dig eller om du hellre vill designa ett hus fr\u00e5n grunden.<\/li>\n<li><strong>Leverans<\/strong>: Se till att tillverkaren kan garantera leveransen till ditt land.<\/li>\n<\/ul>\n<h3>2.Hitta din tomt<\/h3>\n<p>Leta efter en tomt att bygga ditt prefabricerade hus p\u00e5 och r\u00e5dg\u00f6r med din tillverkare innan du k\u00f6per den. Detta samr\u00e5d ger dig m\u00f6jlighet att verifiera att marken \u00e4r l\u00e4mplig b\u00e5de ur juridisk och fysisk synvinkel f\u00f6r att bygga den typ av prefabricerad byggnad som du har i \u00e5tanke.<\/p>\n<p>Som en allm\u00e4n regel \u00e4r detta de viktigaste sakerna att t\u00e4nka p\u00e5 n\u00e4r man k\u00f6per mark f\u00f6r att bygga en prefabricerad byggnad:<\/p>\n<ul>\n<li><strong>Platt topografi<\/strong>: Vissa prefabricerade hus, s\u00e4rskilt de som \u00e4r f\u00f6rdesignade, kr\u00e4ver en plan yta f\u00f6r att kunna h\u00f6jas.<\/li>\n<li><strong>Tillg\u00e4ngliga v\u00e4gar<\/strong>: F\u00f6r att s\u00e4kerst\u00e4lla att alla prefabricerade komponenter kan n\u00e5 fastigheten b\u00f6r v\u00e4garna som leder till tomten vara breda och fria fr\u00e5n hinder.<\/li>\n<\/ul>\n<h3>3.B\u00f6rja arbeta med din tillverkare<\/h3>\n<p>S\u00e5 snart du b\u00f6rjar arbeta med din tillverkare b\u00f6rjar du utforma det prefabricerade hemmet och definiera byggprocessen med de olika yrkesverksamma som \u00e4r inblandade. Varje f\u00f6retag och varje land f\u00f6ljer lite olika processer, s\u00e5 det \u00e4r viktigt att du tar dig tid att diskutera alla viktiga aspekter av byggprocessen med din tillverkare.<\/p>\n<p>Detta \u00e4r n\u00e5gra av de viktigaste sakerna att t\u00e4nka p\u00e5:<\/p>\n<ul>\n<li><strong>Du kan beh\u00f6va anlita en entrepren\u00f6r<\/strong>: vissa tillverkare tar hand om b\u00e5de off-site och on-site byggnation, medan andra bara fokuserar p\u00e5 prefabricering av huset. I det h\u00e4r fallet m\u00e5ste du anlita en entrepren\u00f6r f\u00f6r att utf\u00f6ra alla arbeten p\u00e5 plats, t.ex. att bygga grunden, anl\u00e4gga landskapet och ansluta eln\u00e4tet.<\/li>\n<li><strong>Du kan beh\u00f6va anlita en arkitekt<\/strong>: I vissa europeiska l\u00e4nder, t.ex. Spanien, beh\u00f6ver du en registrerad arkitekt f\u00f6r att f\u00e5 bygglov<a href=\"#_ftn2\" name=\"_ftnref1\">[2]<\/a>. Vissa <a href=\"https:\/\/staging.spassio.com\/manufacturers\/\">prefabriceringsf\u00f6retag<\/a> kan inkludera denna tj\u00e4nst, klarg\u00f6r med dem vad som ing\u00e5r.<\/li>\n<li><strong>Du kommer troligen att beh\u00f6va ans\u00f6ka om bygg<\/strong>lov: Alla prefabricerade hus, f\u00f6rutom de flesta sm\u00e5hus, beh\u00f6ver ett bygglov f\u00f6r att f\u00e5 byggas. I de flesta l\u00e4nder, t.ex. Storbritannien, \u00e4r det fastighets\u00e4garen som m\u00e5ste ans\u00f6ka om detta tillst\u00e5nd<a href=\"#_ftn1\" name=\"_ftnref3\">[3]<\/a>. Din arkitekt kommer att f\u00f6rbereda de flesta av dokumenten \u00e5t dig, men det \u00e4r ditt ansvar att skaffa de tillst\u00e5nd som kr\u00e4vs f\u00f6r att du ska kunna bygga.<img fetchpriority=\"high\" decoding=\"async\" class=\"alignnone wp-image-29416 size-large\" src=\"https:\/\/staging.spassio.com\/wp-content\/uploads\/2022\/09\/guide-buying-prefab-1024x576.jpg\" alt=\"k\u00f6pa ett prefabricerat hus\" width=\"1024\" height=\"576\" srcset=\"https:\/\/staging.spassio.com\/wp-content\/uploads\/2022\/09\/guide-buying-prefab-1024x576.jpg 1024w, https:\/\/staging.spassio.com\/wp-content\/uploads\/2022\/09\/guide-buying-prefab-300x169.jpg 300w, https:\/\/staging.spassio.com\/wp-content\/uploads\/2022\/09\/guide-buying-prefab-768x432.jpg 768w, https:\/\/staging.spassio.com\/wp-content\/uploads\/2022\/09\/guide-buying-prefab-1536x864.jpg 1536w, https:\/\/staging.spassio.com\/wp-content\/uploads\/2022\/09\/guide-buying-prefab-1067x600.jpg 1067w, https:\/\/staging.spassio.com\/wp-content\/uploads\/2022\/09\/guide-buying-prefab-496x279.jpg 496w, https:\/\/staging.spassio.com\/wp-content\/uploads\/2022\/09\/guide-buying-prefab.jpg 1920w\" sizes=\"(max-width: 1024px) 100vw, 1024px\" \/><\/li>\n<\/ul>\n<h2>Vilken typ av prefab ska du k\u00f6pa?<\/h2>\n<p>Det finns fyra huvudtyper av prefabricerade hus. Var och en av dem f\u00f6ljer en annan byggprocess som inneb\u00e4r f\u00f6rdelar s\u00e5v\u00e4l som nackdelar beroende p\u00e5 v\u00e5ra f\u00f6rv\u00e4ntningar, behov eller preferenser.<\/p>\n<p><strong>Modulbyggda hus<\/strong>: Du kan f\u00e5 en konstruktion som ser ut precis som ett platsbyggt hus med antingen en modern eller en traditionell look. Eftersom <a href=\"https:\/\/staging.spassio.com\/categories\/modular-houses\/\">modulhus<\/a> byggs genom sammanfogning av prefabricerade tredimensionella moduler \u00e4r monteringen av huset snabb och enkel. Men ett modulhus kanske inte \u00e4r ett bra val om v\u00e4garna som leder till din fastighet inte \u00e4r tillg\u00e4ngliga f\u00f6r den lastbil med stora dimensioner som kr\u00e4vs f\u00f6r att transportera modulerna.<\/p>\n<p><strong>Panelbyggda hus<\/strong>: Genom att k\u00f6pa denna typ av prefabricerade hus f\u00e5r vi ocks\u00e5 ett hus som ser ut precis som en traditionell konstruktion i den stil vi f\u00f6redrar. I det h\u00e4r fallet \u00e4r de prefabricerade byggdelarna dock inte volymetriska utan platta: en upps\u00e4ttning paneler som \u00e4r utformade som v\u00e4ggar, tak och innertak. Detta inneb\u00e4r att monteringen inte \u00e4r lika snabb, \u00e4ven om leveransen ofta \u00e4r mer flexibel och en smalare v\u00e4g kanske inte st\u00f6r den lika mycket.<\/p>\n<p><strong>Timmerhus<\/strong>: Timmer kan f\u00f6rberedas helt utanf\u00f6r byggarbetsplatsen och sedan transporteras till byggarbetsplatsen som en monteringsf\u00e4rdig byggsats. S\u00e5 att <a href=\"https:\/\/staging.spassio.com\/categories\/log-houses\/\">k\u00f6pa ett timmerhus<\/a> kan vara ett bra alternativ om tillfartsv\u00e4gen som leder till din tomt \u00e4r komplicerad.<\/p>\n<p><strong>Sm\u00e5 hus<\/strong>: Ett litet hus \u00e4r en unik typ av prefabricerat hus som \u00e4r litet men ocks\u00e5 flyttbart. Det byggs helt p\u00e5 plats och placeras vanligtvis p\u00e5 hjul, vilket g\u00f6r det till ett bra alternativ om du letar efter en flexibel och minimal livsstil d\u00e4r du inte permanent placerar huset p\u00e5 en specifik <a href=\"https:\/\/staging.spassio.com\/guide-to-finding-and-buying-land\/\">tomt<\/a>.<\/p>\n<p><strong>VANLIGA FR\u00c5GOR<br \/>\n<\/strong><\/p>\n<h3>\u00c4r ett prefabricerat hus en bra investering?<\/h3>\n<p>Ja, om du planerar att investera i byggandet av ett hus \u00e4r det en smart id\u00e9 att v\u00e4lja att bygga det med prefabricerad konstruktion. Kvaliteten p\u00e5 prefabricerade hus \u00e4r lika bra som kvaliteten p\u00e5 traditionellt byggda hus, men kostnaderna f\u00f6r att bygga dem \u00e4r l\u00e4gre. Att bygga ett prefabricerat hus \u00e4r d\u00e4rf\u00f6r en bra investering.<\/p>\n<h3>F\u00f6rlorar prefabricerade hus i v\u00e4rde?<\/h3>\n<p>Permanenta prefabricerade byggnader som modulhus, panelbyggda hus, timmerhus eller stugor betraktas som fastigheter och byggs upp med samma kvalitet som traditionell byggnation. D\u00e4rf\u00f6r f\u00f6rlorar de i allm\u00e4nhet inte i v\u00e4rde.<\/p>\n<h3>Hur g\u00f6r jag mitt prefabricerade hus bel\u00e5nbart?<\/h3>\n<p>Ett <a href=\"https:\/\/staging.spassio.com\/mortgage-prefab-house\/\">prefabricerat hus \u00e4r bel\u00e5ningsbart<\/a> om det st\u00e5r p\u00e5 en permanent grund och \u00e4r byggt enligt de lokala byggreglerna. I allm\u00e4nhet kan prefabricerade byggnader som modulhus, panelbyggda hus eller timmerhus enkelt f\u00e5 ett bol\u00e5n.<\/p>\n<p>Referenser<br \/>\n<a style=\"color: #3eb6a8;\" href=\"#_ftnref1\" name=\"_ftn1\">[1]<\/a>Bertram, N., Fuchs, S., Mischke, J., Palter, R., Strube, G., &amp; Woetzel, J. (2019, June) Modular construction from projects to products Capital Projects &amp; Infrastructure https:\/\/www.ivvd.nl\/wp-content\/uploads\/2019\/12\/Modular-construction-from-projects-to-products-full-report-NEW.pdf<br \/>\n<a style=\"color: #3eb6a8;\" href=\"#_ftnref2\" name=\"_ftn2\">[2]<\/a>Allt du beh\u00f6ver veta innan du k\u00f6per ett prefabricerat hus i Spanien Pacheco &amp; Asociados <a href=\"https:\/\/www.spanisharchitect.info\/2017\/08\/24\/everything-you-need-to-know-before-buying-a-prefabricated-house-in-spain\/\">https:\/\/www.spanisharchitect.info\/2017\/08\/24\/everything-you-need-to-know-before-buying-a-prefabricated-house-in-spain\/<\/a><br \/>\n<a style=\"color: #3eb6a8;\" href=\"#_ftnref3\" name=\"_ftn3\">[3]<\/a>Ditt ansvar Planeringsportal <a href=\"https:\/\/www.planningportal.co.uk\/permission\/responsibilities\">https:\/\/www.planningportal.co.uk\/permission\/responsibilities<\/a><\/p>\n","protected":false},"excerpt":{"rendered":"<p>I den h\u00e4r guiden hittar du de grundl\u00e4ggande riktlinjerna f\u00f6r att starta processen med att k\u00f6pa ett prefabricerat hus. Prefabricerad byggnation fungerar helt annorlunda \u00e4n traditionell byggnation eftersom det mesta av byggprocessen sker utanf\u00f6r byggarbetsplatsen i en fabriksliknande milj\u00f6. D\u00e4rf\u00f6r kommer de steg vi b\u00f6r f\u00f6lja n\u00e4r vi k\u00f6per ett prefabricerat hus att vara unika [&hellip;]<\/p>\n","protected":false},"author":194,"featured_media":77811,"parent":0,"menu_order":0,"comment_status":"closed","ping_status":"closed","template":"","meta":{"content-type":"","_FSMCFIC_featured_image_caption":"","_FSMCFIC_featured_image_nocaption":"","_FSMCFIC_featured_image_hide":"","footnotes":""},"class_list":["post-77809","page","type-page","status-publish","has-post-thumbnail","hentry"],"_wp_attached_file":null,"_wp_attachment_metadata":null,"_wp_attachment_backup_sizes":null,"siteground_optimizer_webp_conversion_attempts":null,"siteground_optimizer_is_converted_to_webp":null,"siteground_optimizer_optimization_attempts":null,"siteground_optimizer_optimization_failed":null,"wpml_media_processed":null,"_wp_attachment_image_alt":null,"siteground_optimizer_is_optimized":null,"siteground_optimizer_webp_conversion_failed":null,"_elementor_source_image_hash":null,"siteground_optimizer_compression_level":null,"_elementor_inline_svg":null,"_imagify_optimization_level":null,"_imagify_status":null,"_imagify_data":null,"siteground_optimizer_original_filesize":null,"wpse_external_file_url":null,"fave_currency":null,"fave_currency_info":null,"fave_property_id":null,"fave_property_map":null,"fave_property_location":null,"houzez_geolocation_lat":null,"houzez_geolocation_long":null,"fave_property_map_street_view":null,"fave_featured":null,"fave_loggedintoview":null,"fave_agent_display_option":null,"fave_prop_homeslider":null,"fave_single_top_area":null,"fave_single_content_area":null,"_yoast_wpseo_primary_property_type":null,"_yoast_wpseo_primary_property_feature":null,"_yoast_wpseo_primary_property_label":null,"_yoast_wpseo_primary_property_country":null,"houzez_manual_expire":null,"_houzez_expiration_date_status":null,"houzez_total_property_views":null,"houzez_views_by_date":null,"houzez_recently_viewed":null,"fave_property_price":null,"fave_property_price_prefix":null,"fave_property_size":null,"fave_property_bathrooms":null,"fave_property_garage":null,"fave_levels":null,"fave_roof-type":null,"fave_construction-type":null,"fave_video_url":null,"fave_video_image":null,"fave_payment_status":null,"fave_property_agency":null,"fave_countries":null,"fave_sleeps":null,"_yoast_wpseo_primary_property_status":null,"fave_property_images":null,"fave_attachments":null,"technical_description":null,"houzez_featured_listing_date":null,"fave_property_size_prefix":null,"fave_property_bedrooms":null,"fave_property_price_postfix":null,"fave_production-time-in-weeks":null,"fave_building-time-in-days":null,"fave_window-glazing":null,"_yoast_wpseo_primary_feature-2":null,"_yoast_wpseo_primary_feature-3":null,"fave_warranty-in-years":null,"fave_property_land":null,"fave_property_land_postfix":null,"wpsebeba57d406-00de-d339-8c02-3956a916f506":null,"_oembed_eefb35903900c5c166d55ccf7fc62a8a":null,"_oembed_30948e80c1a853da0b519e72c40d2e13":null,"_oembed_0b78a31d7c7e6041adc064d46c40f98b":null,"_oembed_42c2c13b5902a21593b1d521556aea88":null,"_oembed_4fb58e495f37e206f97738a42dbe566f":null,"_oembed_b2828bee61bd9076cd21ece641de7abc":null,"_oembed_0c92428c960763e658977ce4918863f4":null,"_oembed_02b72dc3d26bdba6ff900a268ade2517":null,"_oembed_8c819834f7fc0b74364aa34a8193f46f":null,"_oembed_088962b77808b37d57abe5c8143f9652":null,"_oembed_dfae0e674c59ba061a82b330fc7fdea0":null,"_oembed_74e5075f66c4cd04b0e118feb24f6636":null,"fave_mortgage_cal":null,"_air_wp_sync_record_id":null,"_air_wp_sync_hash":null,"_air_wp_sync_importer_id":null,"_air_wp_sync_updated_at":null,"external_listing_link":null,"fave_property_map_address":null,"fave_multi_units_ids":null,"$wpml_language$":null,"fave_virtual_tour":null,"fave_gross-external-area":null,"_houzez_expiration_date":null,"_houzez_expiration_date_options":null,"floor_plans":null,"_oembed_a17db82fa378d53b4dc6ed46e5344499":null,"_oembed_da390569a339f4d7147d95cfb8c04c12":null,"_oembed_6a3eda5947bcc098660397ca8e21a941":null,"fave_roof-angle":null,"fave_seo-content":null,"_oembed_a7b8941eeee966e7350aede20b4d62be":null,"_oembed_time_a7b8941eeee966e7350aede20b4d62be":null,"additional_features":null,"fave_multi_units":null,"_oembed_716f56b62500685a7dd15ea2ec7579bd":null,"_oembed_time_716f56b62500685a7dd15ea2ec7579bd":null,"_oembed_8ececd3dd2598a4aedb5dfc82df2a0f6":null,"_oembed_time_8ececd3dd2598a4aedb5dfc82df2a0f6":null,"_oembed_4cef7884ea6ef16d48cd8675b12e440d":null,"fave_property_garage_size":null,"_oembed_5c1eaf7b40f4e3a3089b38beb88ba480":null,"fave_property_zip":null,"_oembed_ccdd6e0304386ece64b3b91f572b0be4":null,"_oembed_ae30d19e3e861b389146a1ccc2828104":null,"fave_property_rooms":null,"fave_property_year":null,"two_page_speed":null,"fave_year_established":null,"Status":null,"_oembed_5b2d8d2cf33b469c98e488ea5b118c30":null,"WPML Language Code":null,"_links":{"self":[{"href":"https:\/\/staging.spassio.com\/sv\/wp-json\/wp\/v2\/pages\/77809","targetHints":{"allow":["GET"]}}],"collection":[{"href":"https:\/\/staging.spassio.com\/sv\/wp-json\/wp\/v2\/pages"}],"about":[{"href":"https:\/\/staging.spassio.com\/sv\/wp-json\/wp\/v2\/types\/page"}],"author":[{"embeddable":true,"href":"https:\/\/staging.spassio.com\/sv\/wp-json\/wp\/v2\/users\/194"}],"replies":[{"embeddable":true,"href":"https:\/\/staging.spassio.com\/sv\/wp-json\/wp\/v2\/comments?post=77809"}],"version-history":[{"count":0,"href":"https:\/\/staging.spassio.com\/sv\/wp-json\/wp\/v2\/pages\/77809\/revisions"}],"wp:featuredmedia":[{"embeddable":true,"href":"https:\/\/staging.spassio.com\/sv\/wp-json\/wp\/v2\/media\/77811"}],"wp:attachment":[{"href":"https:\/\/staging.spassio.com\/sv\/wp-json\/wp\/v2\/media?parent=77809"}],"curies":[{"name":"wp","href":"https:\/\/api.w.org\/{rel}","templated":true}]}}