{"id":77812,"date":"2022-10-03T08:09:49","date_gmt":"2022-10-03T07:09:49","guid":{"rendered":"https:\/\/staging.spassio.com\/?page_id=77812"},"modified":"2024-04-22T13:43:22","modified_gmt":"2024-04-22T12:43:22","slug":"skraddarsydda-vs-fordesignade-husmodeller","status":"publish","type":"page","link":"https:\/\/staging.spassio.com\/sv\/skraddarsydda-vs-fordesignade-husmodeller\/","title":{"rendered":"Skr\u00e4ddarsydda vs f\u00f6rdesignade prefabricerade husmodeller: Vilken b\u00f6r du v\u00e4lja?"},"content":{"rendered":"<p>N\u00e4r du k\u00f6per ett prefabricerat hus finns det tv\u00e5 designalternativ att v\u00e4lja mellan: <strong>skr\u00e4ddarsytt eller f\u00f6rdesignat<\/strong>. Den mest m\u00e4rkbara skillnaden mellan dessa tv\u00e5 \u00e4r fortfarande friheten att skr\u00e4ddarsy, \u00e4ven om en annan process i designfasen p\u00e5verkar den \u00f6vergripande konstruktionen. Att v\u00e4lja att designa en prefab fr\u00e5n grunden eller v\u00e4lja den fr\u00e5n en katalog b\u00f6r d\u00e4rf\u00f6r baseras p\u00e5 v\u00e5ra prioriteringar.<\/p>\n<p><strong>Vad \u00e4r ett skr\u00e4ddarsytt prefabricerat hus?<\/strong><\/p>\n<p>Ett skr\u00e4ddarsytt <a href=\"\/\">prefabricerat<\/a> hus \u00e4r ett hus som designats fr\u00e5n grunden med h\u00e4nsyn till anv\u00e4ndarens behov. Husprojektet kan utformas av <a href=\"https:\/\/staging.spassio.com\/manufacturers\/\">prefabf\u00f6retaget<\/a> eller av en oberoende arkitektbyr\u00e5. Varje del av huset utvecklas individuellt enligt kundens exakta specifikationer, vilket skapar ett unikt och personligt utrymme.<\/p>\n<p>Att designa ett skr\u00e4ddarsytt hus \u00e4r mycket attraktivt f\u00f6r dem som l\u00e4tt kan visualisera sitt dr\u00f6mhem. Men det kan ocks\u00e5 vara en fantastisk m\u00f6jlighet f\u00f6r en kund med ovanliga situationer som sv\u00e5ra tomttopografier eller mycket specifika designkrav eftersom arkitekterna kommer att anpassa designen till kundens behov.<\/p>\n<p><strong>Vad \u00e4r en f\u00f6rkonstruerad prefab-modell?<br \/>\n<\/strong><\/p>\n<p>En prefabricerad husmodell \u00e4r ett hus som redan har designats och \u00e4r tillg\u00e4ngligt f\u00f6r vem som helst att k\u00f6pa. F\u00f6rdesignade prefabhus kallas \u00e4ven katalogprefabhus eftersom k\u00f6pprocessen b\u00f6rjar med att kunden j\u00e4mf\u00f6r olika bilder av de tillg\u00e4ngliga husen f\u00f6r att hitta det som b\u00e4st uppfyller deras behov och \u00f6nskem\u00e5l.<\/p>\n<p>Att v\u00e4lja ett f\u00e4rdigdesignat prefabhus f\u00f6renklar i h\u00f6g grad processen att k\u00f6pa ett nytt hem eftersom det f\u00f6ljer en mycket visuell och intuitiv procedur. Trots att man v\u00e4ljer en redan utvecklad modell kan kunden anpassa olika element f\u00f6r att g\u00f6ra huset personligt efter sin smak.<\/p>\n<figure id=\"attachment_29581\" aria-describedby=\"caption-attachment-29581\" style=\"width: 1170px\" class=\"wp-caption aligncenter\"><img fetchpriority=\"high\" decoding=\"async\" class=\"wp-image-29581 size-full\" src=\"https:\/\/staging.spassio.com\/wp-content\/uploads\/2022\/10\/akso-haus-stella-pre-design-prefab-home.webp\" alt=\"pre-design prefabricerat hem\" width=\"1170\" height=\"785\" srcset=\"https:\/\/staging.spassio.com\/wp-content\/uploads\/2022\/10\/akso-haus-stella-pre-design-prefab-home.webp 1170w, https:\/\/staging.spassio.com\/wp-content\/uploads\/2022\/10\/akso-haus-stella-pre-design-prefab-home-300x201.webp 300w, https:\/\/staging.spassio.com\/wp-content\/uploads\/2022\/10\/akso-haus-stella-pre-design-prefab-home-1024x687.webp 1024w, https:\/\/staging.spassio.com\/wp-content\/uploads\/2022\/10\/akso-haus-stella-pre-design-prefab-home-768x515.webp 768w, https:\/\/staging.spassio.com\/wp-content\/uploads\/2022\/10\/akso-haus-stella-pre-design-prefab-home-894x600.webp 894w, https:\/\/staging.spassio.com\/wp-content\/uploads\/2022\/10\/akso-haus-stella-pre-design-prefab-home-496x333.webp 496w\" sizes=\"(max-width: 1170px) 100vw, 1170px\" \/><figcaption id=\"caption-attachment-29581\" class=\"wp-caption-text\">Bild med tillst\u00e5nd av: <a href=\"https:\/\/staging.spassio.com\/models\/akso-haus-stella-1-112-offset-gabled-roof\/\">Akso-Haus Stella 1-112 f\u00f6rskjutet sadeltak<\/a><\/figcaption><\/figure>\n<h2>Huvudsakliga skillnader mellan skr\u00e4ddarsydda och f\u00f6rdesignade prefabricerade hus<\/h2>\n<p>N\u00e4r huset v\u00e4l \u00e4r byggt \u00e4r det inte m\u00f6jligt att se skillnad p\u00e5 ett prefabricerat hus som har designats fr\u00e5n grunden och ett som har valts ut fr\u00e5n en katalog. De kommer b\u00e5da att se ut som vackra konstruktioner av god kvalitet. Deras skillnad kommer ist\u00e4llet att synas i byggprocessen.<\/p>\n<p><strong>M\u00f6jligheter till design: Kan du skr\u00e4ddarsy dem?<\/strong><\/p>\n<p>Designm\u00f6jligheterna f\u00f6r en prefab \u00e4r mycket bredare n\u00e4r du <strong>v\u00e4ljer en skr\u00e4ddarsydd modell<\/strong>. I det h\u00e4r fallet finns det i stort sett inga designbegr\u00e4nsningar eftersom arkitekterna kommer att arbeta f\u00f6r att utveckla det hus som kunden \u00f6nskar sig. Denna designflexibilitet \u00e4r s\u00e4rskilt anv\u00e4ndbar n\u00e4r man bygger ett hus p\u00e5 en tomt med komplicerad topografi eftersom konstrukt\u00f6rerna kan hitta den b\u00e4sta husdesignen f\u00f6r att utnyttja denna ol\u00e4genhet och v\u00e4nda den till en m\u00f6jlighet att skapa en unik arkitektur <a href=\"#_ftn1\" name=\"_ftnref1\">[1]<\/a>, <a href=\"#_ftn2\" name=\"_ftnref2\">[2]<\/a>.<\/p>\n<p><strong>Materialens kvalitet: Vad \u00e4r de tillverkade av?<\/strong><\/p>\n<p>Skr\u00e4ddarsydda prefabricerade hus \u00e4r inte n\u00f6dv\u00e4ndigtvis byggda med material av h\u00f6gre kvalitet, men eftersom de \u00e4r skr\u00e4ddarsydda f\u00e5r kunderna m\u00f6jlighet att v\u00e4lja material efter eget tycke och smak. De kunder som \u00e4r intresserade av att anv\u00e4nda h\u00f6gkvalitativa, h\u00e5llbara material kan v\u00e4lja var och en av dem efter eget tycke och smak n\u00e4r de k\u00f6per <strong>skr\u00e4ddarsydda hus<\/strong>.<\/p>\n<p>Att v\u00e4lja en <strong>f\u00e4rdigdesignad pre<\/strong> fab \u00e4r fortfarande en garanti f\u00f6r att byggmaterialen kommer att ge en s\u00e4ker och h\u00e5llbar milj\u00f6 eftersom alla permanenta prefabricerade hus byggs enligt g\u00e4llande byggregler och detta garanterar ett bra materialval <a href=\"#_ftn3\" name=\"_ftnref3\">[3]<\/a>. Det finns dock inte mycket utrymme f\u00f6r kunden att f\u00f6rb\u00e4ttra sin kvalitet eller ens v\u00e4lja andra alternativ som att anv\u00e4nda h\u00e5llbara material om inte <a href=\"https:\/\/staging.spassio.com\/manufacturers\/\">tillverkaren<\/a> tillhandah\u00e5ller dem.<\/p>\n<p><strong>Produktion: Hur l\u00e5ng tid tar processen?<\/strong><\/p>\n<p>Skr\u00e4ddarsydda prefabricerade hus kr\u00e4ver l\u00e4ngre designfaser eftersom hela huset m\u00e5ste designas fr\u00e5n grunden. Hur l\u00e5ng tid denna fas tar varierar fr\u00e5n kund till kund, beroende p\u00e5 hur komplex konstruktionen \u00e4r eller vilka \u00e4ndringar som kr\u00e4vs f\u00f6r att uppn\u00e5 det \u00f6nskade huset <a href=\"#_ftn4\" name=\"_ftnref4\">[4]<\/a>. Den \u00e4r dock i allm\u00e4nhet l\u00e4ngre \u00e4n vad den skulle vara om huset var f\u00e4rdigritat.<\/p>\n<p>Produktionen av en <strong>f\u00f6rkonstruerad prefab<\/strong> \u00e4r mycket f\u00f6renklad och den totala tids\u00e5tg\u00e5ngen \u00e4r enormt reducerad. I det h\u00e4r fallet best\u00e5r designfasen av att v\u00e4lja en husmodell och anpassa n\u00e5gra av elementen, vilket vanligtvis inneb\u00e4r en snabb tidsram. Dessutom \u00e4r tillverkningen av modulerna vanligtvis mer metodisk och kan slutf\u00f6ras p\u00e5 kortare tid eftersom mindre kundanpassning g\u00f6r att tillverkaren kan h\u00e5lla sig till de standardiserade mekaniseringarna.<\/p>\n<p><strong>Pris: Hur mycket kommer huset att kosta?<\/strong><\/p>\n<p>Prefabricerade hus har en genomsnittlig kostnad p\u00e5 ca <strong>90 000 \u20ac<\/strong>, men flera variabler \u00e4ndrar detta v\u00e4rde och en av dem \u00e4r designprocessen: Skr\u00e4ddarsydda prefabricerade hus kr\u00e4ver mycket mer tid och engagemang f\u00f6r att byggas och utformas, vilket f\u00f6ljaktligen leder till ett h\u00f6gre byggpris.<\/p>\n<p><strong>F\u00e4rdigdesignade prefab-modeller<\/strong> \u00e4r inte unika och kan d\u00e4rf\u00f6r byggas i en process som i h\u00f6g grad liknar massproduktion. En stor f\u00f6rdel med denna typ av design \u00e4r att kunden vet hur mycket det kommer att kosta att tillverka huset s\u00e5 snart modellen har valts. Vissa modifieringar kan \u00f6ka detta v\u00e4rde lite, men denna kostnad \u00e4r ocks\u00e5 tydligt fastst\u00e4lld n\u00e4r du v\u00e4ljer dem.<\/p>\n<h2>Ska du k\u00f6pa en katalogprefab eller designa den fr\u00e5n grunden?<\/h2>\n<p>Att v\u00e4lja mellan en f\u00e4rdigdesignad modell eller en skr\u00e4ddarsydd design kan vara sv\u00e5rt eftersom varje designalternativ erbjuder olika f\u00f6rdelar och nackdelar. B\u00e5da alternativen ger dig det hus av god kvalitet som du har dr\u00f6mt om, men f\u00f6r att helt tillfredsst\u00e4lla dina behov kan det vara bra att identifiera dina viktigaste prioriteringar.<\/p>\n<ul>\n<li><b>Du har sv\u00e5rt att f\u00f6rest\u00e4lla dig hur en planl\u00f6sning kommer att se ut n\u00e4r den v\u00e4l \u00e4r byggd<\/b>: I det h\u00e4r fallet kan det vara till stor hj\u00e4lp att v\u00e4lja en f\u00f6rritad modell. Dessa visas med bilder och ibland kan du till och med bes\u00f6ka ett prov. P\u00e5 s\u00e5 s\u00e4tt vet du exakt vad du f\u00e5r n\u00e4r du v\u00e4ljer en design.<\/li>\n<li><strong>Du har en mycket specifik design i \u00e5t<\/strong>anke: Om du har en mycket unik design i \u00e5tanke kommer du att dra nytta av att bygga den fr\u00e5n grunden.<\/li>\n<li><strong>Din fastighet har en brant topografi<\/strong>: De flesta f\u00f6rdesignade prefabricerade hus \u00e4r konstruerade f\u00f6r att placeras p\u00e5 en plan yta. Om din fastighet \u00e4r mycket brant kan en skr\u00e4ddarsydd prefab vara en b\u00e4ttre l\u00f6sning eftersom den \u00f6vergripande designen kan anpassas till det unika l\u00e4get.<\/li>\n<li><strong>Du siktar p\u00e5 unika egenskaper som h\u00e5llbarhet eller energieffektivitet<\/strong>: \u00c4ven om h\u00e5llbarhet och energieffektivitet ofta f\u00f6rknippas med prefabricerade hus \u00e4r det inte alla prefabricerade hus som byggs enligt strikta milj\u00f6- eller energieffektivitetsstandarder. Att v\u00e4lja en skr\u00e4ddarsydd design kan vara ett bra s\u00e4tt att definiera de exakta funktioner som du vill att ditt hem ska erbjuda.<\/li>\n<li><strong>Du beh\u00f6ver ett hus s\u00e5 snart som m\u00f6jligt<\/strong>: Om du har br\u00e5ttom kan du v\u00e4lja en f\u00f6rkonstruerad modell som underl\u00e4ttar processen och kan spara lite tid.<\/li>\n<li><strong>Du har en sn\u00e4v budget<\/strong>: Att v\u00e4lja en f\u00e4rdig modell \u00e4r billigare \u00e4n att bygga fr\u00e5n grunden och den totala kostnaden kan vara b\u00e4ttre anpassad till dina m\u00f6jligheter.<\/li>\n<\/ul>\n<figure id=\"attachment_29583\" aria-describedby=\"caption-attachment-29583\" style=\"width: 1170px\" class=\"wp-caption alignnone\"><img decoding=\"async\" class=\"wp-image-29583 size-full\" src=\"https:\/\/staging.spassio.com\/wp-content\/uploads\/2022\/10\/cmb-housings-solutions-bespoke-prefab-home.webp\" alt=\"skr\u00e4ddarsydda-prefab-hem\" width=\"1170\" height=\"720\" srcset=\"https:\/\/staging.spassio.com\/wp-content\/uploads\/2022\/10\/cmb-housings-solutions-bespoke-prefab-home.webp 1170w, https:\/\/staging.spassio.com\/wp-content\/uploads\/2022\/10\/cmb-housings-solutions-bespoke-prefab-home-300x185.webp 300w, https:\/\/staging.spassio.com\/wp-content\/uploads\/2022\/10\/cmb-housings-solutions-bespoke-prefab-home-1024x630.webp 1024w, https:\/\/staging.spassio.com\/wp-content\/uploads\/2022\/10\/cmb-housings-solutions-bespoke-prefab-home-768x473.webp 768w, https:\/\/staging.spassio.com\/wp-content\/uploads\/2022\/10\/cmb-housings-solutions-bespoke-prefab-home-975x600.webp 975w, https:\/\/staging.spassio.com\/wp-content\/uploads\/2022\/10\/cmb-housings-solutions-bespoke-prefab-home-496x305.webp 496w\" sizes=\"(max-width: 1170px) 100vw, 1170px\" \/><figcaption id=\"caption-attachment-29583\" class=\"wp-caption-text\">Bild med tillst\u00e5nd av: <a href=\"https:\/\/staging.spassio.com\/models\/cmb-housing-solutions-primum\/\">CMB Housing Solutions Primum<\/a><\/figcaption><\/figure>\n<h2>Vanliga fr\u00e5gor och svar<\/h2>\n<p><strong>Hur kan en skr\u00e4ddarsydd modell dra nytta av f\u00f6rdelarna med prefabricerad konstruktion?<\/strong><\/p>\n<p>I j\u00e4mf\u00f6relse med f\u00f6rdesignade modeller \u00e4r skr\u00e4ddarsydda prefabricerade hus dyrare och har en l\u00e4ngre byggprocess. Men skr\u00e4ddarsydda prefabricerade hus \u00e4r fortfarande billigare och snabbare att bygga \u00e4n traditionella hus, vilket \u00e4r ett direkt resultat av prefabriceringen. Trots att husen \u00e4r helt kundanpassade byggs de fortfarande i en fabriksliknande milj\u00f6 d\u00e4r de flesta arbeten \u00e4r mekaniserade, vilket minskar tids\u00e5tg\u00e5ngen och det m\u00e4nskliga arbetet.<\/p>\n<p><strong>\u00c4r det m\u00f6jligt att f\u00e5 ett unikt prefabricerat hus ritat av den arkitekt du sj\u00e4lv v\u00e4ljer?<\/strong><\/p>\n<p>Generellt ja, men det kan variera fr\u00e5n en prefabtillverkare till en annan. I det h\u00e4r fallet kommer den arkitekt du valt att arbeta tillsammans med tillverkarens designteam f\u00f6r att s\u00e4kerst\u00e4lla att designen m\u00f6jligg\u00f6r effektiv konstruktion, transport och montering.<\/p>\n<p><strong>Hur kan en f\u00f6rutbest\u00e4md modell f\u00e5 n\u00e5gon grad av anpassning?<\/strong><\/p>\n<p>De flesta tillverkare som erbjuder f\u00e4rdigdesignade modeller uppmuntrar kunden att anpassa vissa delar av huset f\u00f6r att anpassa det efter sina behov och \u00f6nskem\u00e5l. De vanligaste anpassningarna inkluderar val av golvmaterial, k\u00f6ksutf\u00f6rande och f\u00e4rgs\u00e4ttning eller f\u00e4rger.<\/p>\n<p><strong>Hur kan en f\u00f6rkonstruerad modell anpassas till de lokala f\u00f6rh\u00e5llandena?<\/strong><\/p>\n<p>Ja, trots att de \u00e4r f\u00f6rdesignade m\u00e5ste varje prefab f\u00f6lja de lokala byggreglerna och d\u00e4rf\u00f6r kommer en f\u00f6rdesignad modell att anpassas till de specifika kraven p\u00e5 den plats d\u00e4r den ska placeras.<\/p>\n<p>Referenser:<br \/>\n<a style=\"color: #3eb6a8;\" href=\"#_ftnref1\" name=\"_ftn1\">[1]<\/a>Steg f\u00f6r steg-guide The Wee House Co. https:\/\/theweehousecompany.co.uk\/modular-home-step-by-step-guide\/<br \/>\n<a style=\"color: #3eb6a8;\" href=\"#_ftnref2\" name=\"_ftn2\">[2]<\/a>Design Aito <a href=\"https:\/\/www.loghouse.fi\/services\/log-house-design\/\">https:\/\/www.loghouse.fi\/services\/log-house-design\/<\/a><br \/>\n<a style=\"color: #3eb6a8;\" href=\"#_ftnref3\" name=\"_ftn3\">[3]<\/a>(2020, juli) Handbok till byggreglerna. En uppf\u00f6randekod f\u00f6r anv\u00e4ndning i England HM Government <a href=\"http:\/\/www.gov.uk\/mhclg\">www.gov.uk\/mhclg<\/a><br \/>\n<a style=\"color: #3eb6a8;\" href=\"#_ftnref4\" name=\"_ftn4\">[4]<\/a>Skr\u00e4ddarsydda projekt tini <a href=\"https:\/\/en.tiniliving.com\/proyectos-a-medida\">https:\/\/en.tiniliving.com\/proyectos-a-medida<\/a><\/p>\n","protected":false},"excerpt":{"rendered":"<p>N\u00e4r du k\u00f6per ett prefabricerat hus finns det tv\u00e5 designalternativ att v\u00e4lja mellan: skr\u00e4ddarsytt eller f\u00f6rdesignat. Den mest m\u00e4rkbara skillnaden mellan dessa tv\u00e5 \u00e4r fortfarande friheten att skr\u00e4ddarsy, \u00e4ven om en annan process i designfasen p\u00e5verkar den \u00f6vergripande konstruktionen. Att v\u00e4lja att designa en prefab fr\u00e5n grunden eller v\u00e4lja den fr\u00e5n en katalog b\u00f6r d\u00e4rf\u00f6r [&hellip;]<\/p>\n","protected":false},"author":194,"featured_media":77816,"parent":0,"menu_order":0,"comment_status":"closed","ping_status":"closed","template":"","meta":{"content-type":"","_FSMCFIC_featured_image_caption":"","_FSMCFIC_featured_image_nocaption":"","_FSMCFIC_featured_image_hide":"","footnotes":""},"class_list":["post-77812","page","type-page","status-publish","has-post-thumbnail","hentry"],"_wp_attached_file":null,"_wp_attachment_metadata":null,"_wp_attachment_backup_sizes":null,"siteground_optimizer_webp_conversion_attempts":null,"siteground_optimizer_is_converted_to_webp":null,"siteground_optimizer_optimization_attempts":null,"siteground_optimizer_optimization_failed":null,"wpml_media_processed":null,"_wp_attachment_image_alt":null,"siteground_optimizer_is_optimized":null,"siteground_optimizer_webp_conversion_failed":null,"_elementor_source_image_hash":null,"siteground_optimizer_compression_level":null,"_elementor_inline_svg":null,"_imagify_optimization_level":null,"_imagify_status":null,"_imagify_data":null,"siteground_optimizer_original_filesize":null,"wpse_external_file_url":null,"fave_currency":null,"fave_currency_info":null,"fave_property_id":null,"fave_property_map":null,"fave_property_location":null,"houzez_geolocation_lat":null,"houzez_geolocation_long":null,"fave_property_map_street_view":null,"fave_featured":null,"fave_loggedintoview":null,"fave_agent_display_option":null,"fave_prop_homeslider":null,"fave_single_top_area":null,"fave_single_content_area":null,"_yoast_wpseo_primary_property_type":null,"_yoast_wpseo_primary_property_feature":null,"_yoast_wpseo_primary_property_label":null,"_yoast_wpseo_primary_property_country":null,"houzez_manual_expire":null,"_houzez_expiration_date_status":null,"houzez_total_property_views":null,"houzez_views_by_date":null,"houzez_recently_viewed":null,"fave_property_price":null,"fave_property_price_prefix":null,"fave_property_size":null,"fave_property_bathrooms":null,"fave_property_garage":null,"fave_levels":null,"fave_roof-type":null,"fave_construction-type":null,"fave_video_url":null,"fave_video_image":null,"fave_payment_status":null,"fave_property_agency":null,"fave_countries":null,"fave_sleeps":null,"_yoast_wpseo_primary_property_status":null,"fave_property_images":null,"fave_attachments":null,"technical_description":null,"houzez_featured_listing_date":null,"fave_property_size_prefix":null,"fave_property_bedrooms":null,"fave_property_price_postfix":null,"fave_production-time-in-weeks":null,"fave_building-time-in-days":null,"fave_window-glazing":null,"_yoast_wpseo_primary_feature-2":null,"_yoast_wpseo_primary_feature-3":null,"fave_warranty-in-years":null,"fave_property_land":null,"fave_property_land_postfix":null,"wpsebeba57d406-00de-d339-8c02-3956a916f506":null,"_oembed_eefb35903900c5c166d55ccf7fc62a8a":null,"_oembed_30948e80c1a853da0b519e72c40d2e13":null,"_oembed_0b78a31d7c7e6041adc064d46c40f98b":null,"_oembed_42c2c13b5902a21593b1d521556aea88":null,"_oembed_4fb58e495f37e206f97738a42dbe566f":null,"_oembed_b2828bee61bd9076cd21ece641de7abc":null,"_oembed_0c92428c960763e658977ce4918863f4":null,"_oembed_02b72dc3d26bdba6ff900a268ade2517":null,"_oembed_8c819834f7fc0b74364aa34a8193f46f":null,"_oembed_088962b77808b37d57abe5c8143f9652":null,"_oembed_dfae0e674c59ba061a82b330fc7fdea0":null,"_oembed_74e5075f66c4cd04b0e118feb24f6636":null,"fave_mortgage_cal":null,"_air_wp_sync_record_id":null,"_air_wp_sync_hash":null,"_air_wp_sync_importer_id":null,"_air_wp_sync_updated_at":null,"external_listing_link":null,"fave_property_map_address":null,"fave_multi_units_ids":null,"$wpml_language$":null,"fave_virtual_tour":null,"fave_gross-external-area":null,"_houzez_expiration_date":null,"_houzez_expiration_date_options":null,"floor_plans":null,"_oembed_a17db82fa378d53b4dc6ed46e5344499":null,"_oembed_da390569a339f4d7147d95cfb8c04c12":null,"_oembed_6a3eda5947bcc098660397ca8e21a941":null,"fave_roof-angle":null,"fave_seo-content":null,"_oembed_a7b8941eeee966e7350aede20b4d62be":null,"_oembed_time_a7b8941eeee966e7350aede20b4d62be":null,"additional_features":null,"fave_multi_units":null,"_oembed_716f56b62500685a7dd15ea2ec7579bd":null,"_oembed_time_716f56b62500685a7dd15ea2ec7579bd":null,"_oembed_8ececd3dd2598a4aedb5dfc82df2a0f6":null,"_oembed_time_8ececd3dd2598a4aedb5dfc82df2a0f6":null,"_oembed_4cef7884ea6ef16d48cd8675b12e440d":null,"fave_property_garage_size":null,"_oembed_5c1eaf7b40f4e3a3089b38beb88ba480":null,"fave_property_zip":null,"_oembed_ccdd6e0304386ece64b3b91f572b0be4":null,"_oembed_ae30d19e3e861b389146a1ccc2828104":null,"fave_property_rooms":null,"fave_property_year":null,"two_page_speed":null,"fave_year_established":null,"Status":null,"_oembed_5b2d8d2cf33b469c98e488ea5b118c30":null,"WPML Language Code":null,"_links":{"self":[{"href":"https:\/\/staging.spassio.com\/sv\/wp-json\/wp\/v2\/pages\/77812","targetHints":{"allow":["GET"]}}],"collection":[{"href":"https:\/\/staging.spassio.com\/sv\/wp-json\/wp\/v2\/pages"}],"about":[{"href":"https:\/\/staging.spassio.com\/sv\/wp-json\/wp\/v2\/types\/page"}],"author":[{"embeddable":true,"href":"https:\/\/staging.spassio.com\/sv\/wp-json\/wp\/v2\/users\/194"}],"replies":[{"embeddable":true,"href":"https:\/\/staging.spassio.com\/sv\/wp-json\/wp\/v2\/comments?post=77812"}],"version-history":[{"count":0,"href":"https:\/\/staging.spassio.com\/sv\/wp-json\/wp\/v2\/pages\/77812\/revisions"}],"wp:featuredmedia":[{"embeddable":true,"href":"https:\/\/staging.spassio.com\/sv\/wp-json\/wp\/v2\/media\/77816"}],"wp:attachment":[{"href":"https:\/\/staging.spassio.com\/sv\/wp-json\/wp\/v2\/media?parent=77812"}],"curies":[{"name":"wp","href":"https:\/\/api.w.org\/{rel}","templated":true}]}}