{"id":77819,"date":"2022-10-13T11:21:43","date_gmt":"2022-10-13T10:21:43","guid":{"rendered":"https:\/\/staging.spassio.com\/?page_id=77819"},"modified":"2024-04-22T13:43:54","modified_gmt":"2024-04-22T12:43:54","slug":"krav-modulhus-transport","status":"publish","type":"page","link":"https:\/\/staging.spassio.com\/sv\/krav-modulhus-transport\/","title":{"rendered":"Krav p\u00e5 modulhus f\u00f6r framg\u00e5ngsrik transport"},"content":{"rendered":"<p>Den \u00f6vergripande modulhuskonstruktionen \u00e4r samordnad f\u00f6r att integrera alla transportkrav: Varje modul \u00e4r utformad f\u00f6r att passa i de dimensioner som m\u00f6jligg\u00f6r transport, och deras struktur \u00e4r tillr\u00e4ckligt robust f\u00f6r att klara de p\u00e5frestningar som uppst\u00e5r under transporten. De flesta <a href=\"https:\/\/staging.spassio.com\/manufacturers\/\">modulhustillverkare i Europa och Storbritannien<\/a> f\u00f6ljer ett liknande f\u00f6rfarande f\u00f6r att leverera modulerna fr\u00e5n fabriken till tomten. Varje projekt bed\u00f6ms dock vanligtvis individuellt f\u00f6r att anpassa modulhusets konstruktion till v\u00e4gf\u00f6rh\u00e5llandena.<\/p>\n<figure id=\"attachment_30013\" aria-describedby=\"caption-attachment-30013\" style=\"width: 1024px\" class=\"wp-caption alignnone\"><img fetchpriority=\"high\" decoding=\"async\" class=\"my-img-border wp-image-30013 size-large\" src=\"https:\/\/staging.spassio.com\/wp-content\/uploads\/2022\/10\/modular-home-transportation-1024x699.jpg\" alt=\"transport av modulhus\" width=\"1024\" height=\"699\" srcset=\"https:\/\/staging.spassio.com\/wp-content\/uploads\/2022\/10\/modular-home-transportation-1024x699.jpg 1024w, https:\/\/staging.spassio.com\/wp-content\/uploads\/2022\/10\/modular-home-transportation-300x205.jpg 300w, https:\/\/staging.spassio.com\/wp-content\/uploads\/2022\/10\/modular-home-transportation-768x524.jpg 768w, https:\/\/staging.spassio.com\/wp-content\/uploads\/2022\/10\/modular-home-transportation-1536x1049.jpg 1536w, https:\/\/staging.spassio.com\/wp-content\/uploads\/2022\/10\/modular-home-transportation-879x600.jpg 879w, https:\/\/staging.spassio.com\/wp-content\/uploads\/2022\/10\/modular-home-transportation-496x339.jpg 496w, https:\/\/staging.spassio.com\/wp-content\/uploads\/2022\/10\/modular-home-transportation.jpg 1999w\" sizes=\"(max-width: 1024px) 100vw, 1024px\" \/><figcaption id=\"caption-attachment-30013\" class=\"wp-caption-text\">Bildkredit: Akso Haus O\u00dc<\/figcaption><\/figure>\n<h2>Hur transporteras modulhusen till byggplatsen?<\/h2>\n<p>De flesta <a href=\"https:\/\/staging.spassio.com\/manufacturers\/\">tillverkare av modulhus<\/a> transporterar modulerna till fastigheten med lastbil och den standardiserade modulbyggnadsprocessen \u00e4r utformad f\u00f6r att anpassas till v\u00e4glagens krav. En av de viktigaste anpassningarna best\u00e5r i att begr\u00e4nsa modulernas dimensioner f\u00f6r att passa in i dessa krav. Dessa storlekar varierar n\u00e5got fr\u00e5n projekt till projekt, men i Europa och Storbritannien \u00e4r de ungef\u00e4r 5,3 meter breda, 14,5 meter l\u00e5nga och 3,8 meter h\u00f6ga <a href=\"#_ftn1\" name=\"_ftnref1\">[1]<\/a>.<\/p>\n<p>V\u00e4gtransporter sker med lastbil, med tunga sl\u00e4pvagnar av olika dimensioner f\u00f6r att anpassas till b\u00e5de modulerna och v\u00e4gbegr\u00e4nsningarna. Till exempel anv\u00e4nder <a href=\"https:\/\/staging.spassio.com\/manufacturer\/akso-haus\/\">modulhusf\u00f6retaget Akso Haus<\/a> sl\u00e4pvagnar med en l\u00e4ngd p\u00e5 upp till 25 meter f\u00f6r att transportera sina tyngsta moduler, men de kan nedgradera till 22 meter l\u00e5nga tungtransportsl\u00e4pvagnar n\u00e4r tillg\u00e4ngligheten till fastigheten kr\u00e4ver det <a href=\"#_ftn2\" name=\"_ftnref2\">[2]<\/a>.<\/p>\n<p>I vissa situationer med begr\u00e4nsad tillg\u00e4nglighet kan andra transports\u00e4tt beh\u00f6vas:<\/p>\n<ul>\n<li><strong>Lastfartyg<\/strong>: Att transportera ett modulhus med b\u00e5t \u00e4r ganska vanligt n\u00e4r modulerna ska levereras till en annan kontinent eller en \u00f6. Att anv\u00e4nda ett Ro-Ro-fartyg (Roll-on\/Roll-off) \u00e4r mycket praktiskt f\u00f6r l\u00e5nga str\u00e4ckor eftersom det begr\u00e4nsar modulens man\u00f6vreringsm\u00f6jligheter. Modulerna l\u00e4mnar fabriken p\u00e5 en tung trailer som senare k\u00f6rs till f\u00e4rjan, och det \u00e4r inte f\u00f6rr\u00e4n trailern n\u00e5r slutdestinationen som modulerna lastas av <a href=\"#_ftn3\" name=\"_ftnref1\">[3]<\/a>.<\/li>\n<li><strong>J\u00e4rnv\u00e4g<\/strong>: \u00c4ven om det \u00e4r m\u00f6jligt att leverera modulerna med t\u00e5g, \u00e4r detta inte ett vanligt leveransalternativ. Det \u00e4r s\u00e4llsynt att b\u00e5de tillverkningsf\u00f6retaget och tomten ligger vid j\u00e4rnv\u00e4gen. D\u00e4rf\u00f6r m\u00e5ste modulerna transporteras till och fr\u00e5n j\u00e4rnv\u00e4gsstationen med lastbil. Modulerna m\u00e5ste man\u00f6vreras flera g\u00e5nger och riskerar att skadas, vilket \u00f6kar kostnaderna och g\u00f6r j\u00e4rnv\u00e4gstransporter mindre praktiska <a href=\"#_ftn4\" name=\"_ftnref4\">[4]<\/a>.<\/li>\n<li><strong>Helikopter<\/strong>: Detta \u00e4r en mycket ovanlig metod eftersom den \u00e4r alltf\u00f6r dyr och komplex, men det \u00e4r fortfarande m\u00f6jligt och vissa tillverkare v\u00e4ljer att g\u00f6ra det om det beh\u00f6vs. Extremt sv\u00e5rtillg\u00e4ngliga platser, t.ex. toppen av ett berg, kan dra nytta av bekv\u00e4mligheten med off-site-byggande tack vare l\u00f6sningar som helikopterleverans <a href=\"#_ftn4\" name=\"_ftnref4\">[4]<\/a>.<\/li>\n<\/ul>\n<p>\u00c4ven om det \u00e4r m\u00f6jligt att leverera ett <a href=\"https:\/\/staging.spassio.com\/categories\/modular-houses\/\">modulhus<\/a> med olika transports\u00e4tt, erbjuder inte alla tillverkare alla m\u00f6jligheter. I de flesta fall kommer modulf\u00f6retag endast att \u00f6verv\u00e4ga v\u00e4gleverans. R\u00e5dg\u00f6r dock alltid med din tillverkare f\u00f6r att f\u00e5 information om de olika alternativ som finns f\u00f6r att n\u00e5 din fastighet.<\/p>\n<h2>Krav och begr\u00e4nsningar f\u00f6r transport av modulhus<\/h2>\n<p>F\u00f6r att s\u00e4kerst\u00e4lla en lyckad <strong>leverans av modulhus<\/strong> \u00e4r det viktigt att planera och f\u00f6rbereda transportv\u00e4gen noggrant. Trailern som transporterar modulen \u00e4r av avsev\u00e4rda dimensioner och \u00e4ven om modulernas storlek \u00e4r begr\u00e4nsad f\u00f6r att m\u00f6jligg\u00f6ra transport l\u00e4ngs de flesta v\u00e4gar, \u00e4r inte alla v\u00e4gar f\u00f6rberedda f\u00f6r det. Det f\u00f6rsta du b\u00f6r t\u00e4nka p\u00e5 n\u00e4r du planerar rutten \u00e4r dimensionerna p\u00e5 v\u00e4garna.<\/p>\n<p>V\u00e4garna ska vara breda och utan skarpa eller smala kurvor hela v\u00e4gen fr\u00e5n fabriken till fastigheten. Den minsta bredd som kr\u00e4vs f\u00f6r denna typ av lastbil \u00e4r 3,5 meter <a href=\"#_ftn1\" name=\"_ftnref1\">[1]<\/a>, men detta v\u00e4rde \u00f6kar upp till en bredd p\u00e5 minst 7,2 meter i sv\u00e4ngar <a href=\"#_ftn3\" name=\"_ftnref3\">[3]<\/a>. Dessutom ska v\u00e4garna som lastbilarna k\u00f6r p\u00e5 vara helt fria fr\u00e5n hinder som minskar bredden eller h\u00f6jden p\u00e5 v\u00e4gen eftersom dessa kan skada modulerna eller till och med hota leveransen.<\/p>\n<p>Vissa hinder, t.ex. tr\u00e4d eller staket, kan undanr\u00f6jas innan <strong>modulen levereras<\/strong>, men alla t\u00e4nkbara begr\u00e4nsningar b\u00f6r analyseras noggrant i f\u00f6rv\u00e4g. De mest utmanande hindren \u00e4r vanligtvis de som minskar v\u00e4gens h\u00f6jd eftersom det vanligtvis inte finns n\u00e5gon v\u00e4g runt dem. Den minsta h\u00f6jd som kr\u00e4vs f\u00f6r modulleverans \u00e4r 4,5 meter <a href=\"#_ftn6\" name=\"_ftnref6\">[6]<\/a>, s\u00e5 det \u00e4r viktigt att vara s\u00e4rskilt uppm\u00e4rksam p\u00e5 element som tunnlar, broar eller kraftledningar.<\/p>\n<h2>Villkor p\u00e5 plats f\u00f6r leverans av modulhus<\/h2>\n<p>N\u00e4r modulerna anl\u00e4nder till fastigheten monteras de p\u00e5 fundamenten med en kran f\u00f6r att slutf\u00f6ra modulhusbygget. Med tanke p\u00e5 modulernas storlek och vikt m\u00e5ste kranen stabiliseras ordentligt i ett omr\u00e5de med tillr\u00e4ckligt man\u00f6vreringsutrymme. Den yta som kr\u00e4vs f\u00f6r kranen \u00e4r cirka \u00e5tta g\u00e5nger \u00e5tta meter <a href=\"#_ftn6\" name=\"_ftnref6\">[6]<\/a>.<\/p>\n<p>Monteringen av modulerna \u00e4r vanligtvis ganska f\u00f6renklad, eftersom de prefabricerade modulerna levereras med alla fogar och anslutningar redan f\u00f6rberedda <a href=\"#_ftn7\" name=\"_ftnref7\">[7]<\/a>. I allm\u00e4nhet utf\u00f6rs b\u00e5de modultransporten och kranman\u00f6vreringen av specialiserade f\u00f6retag. I de flesta fall \u00e4r dessa dock underleverant\u00f6rer och \u00f6vervakas av <a href=\"https:\/\/staging.spassio.com\/manufacturers\/\">modulhustillverkaren<\/a>, som \u00e4r n\u00e4rvarande under monterings- och efterbehandlingsarbetet.<\/p>\n<figure id=\"attachment_30014\" aria-describedby=\"caption-attachment-30014\" style=\"width: 1024px\" class=\"wp-caption alignnone\"><img decoding=\"async\" class=\"my-img-border wp-image-30014 size-large\" src=\"https:\/\/staging.spassio.com\/wp-content\/uploads\/2022\/10\/onsite-crane-modularhome-delivery-1024x512.jpg\" alt=\"kran p\u00e5 plats leverans av modulhus\" width=\"1024\" height=\"512\" srcset=\"https:\/\/staging.spassio.com\/wp-content\/uploads\/2022\/10\/onsite-crane-modularhome-delivery-1024x512.jpg 1024w, https:\/\/staging.spassio.com\/wp-content\/uploads\/2022\/10\/onsite-crane-modularhome-delivery-300x150.jpg 300w, https:\/\/staging.spassio.com\/wp-content\/uploads\/2022\/10\/onsite-crane-modularhome-delivery-768x384.jpg 768w, https:\/\/staging.spassio.com\/wp-content\/uploads\/2022\/10\/onsite-crane-modularhome-delivery-496x248.jpg 496w, https:\/\/staging.spassio.com\/wp-content\/uploads\/2022\/10\/onsite-crane-modularhome-delivery.jpg 1051w\" sizes=\"(max-width: 1024px) 100vw, 1024px\" \/><figcaption id=\"caption-attachment-30014\" class=\"wp-caption-text\">Bildkredit: Cube https:\/\/casasprefabricadascube.com\/<\/figcaption><\/figure>\n<h2>Hur mycket kostar det att frakta ett modulhus?<\/h2>\n<p>Kostnaden f\u00f6r att transportera varje modul fr\u00e5n fabriken till fastigheten med lastbil \u00e4r ca 8,11\u20ac\/km i Europa och Storbritannien <a href=\"#_ftn6\" name=\"_ftnref6\">[6]<\/a>. Detta pris kan dock l\u00e4tt variera fr\u00e5n ett projekt till ett annat beroende p\u00e5 transportv\u00e4gen, de sv\u00e5righeter som uppst\u00e5r p\u00e5 v\u00e4garna eller den typ av fordon som anv\u00e4nds i denna process. <a href=\"https:\/\/staging.spassio.com\/manufacturer\/sia-frame-house-group\/\">Tillverkaren Frame House<\/a> f\u00f6rklarar till exempel att fraktkostnaderna f\u00f6r ett hus kan variera beroende p\u00e5 destination och f\u00e4rdv\u00e4g <a href=\"#_ftn1\" name=\"_ftnref1\">[1]<\/a>.<\/p>\n<p>I allm\u00e4nhet utformar tillverkaren leveranskvoten och inkluderar allt fr\u00e5n lastning av modulerna p\u00e5 trailern till kranman\u00f6vrering och montering. Till\u00e4ggstj\u00e4nster, som t.ex. den transportbed\u00f6mning som utf\u00f6rs i b\u00f6rjan av byggprocessen, ing\u00e5r dock i allm\u00e4nhet inte i fraktofferten eftersom de vanligtvis debiteras separat redan fr\u00e5n b\u00f6rjan. \u00c4nd\u00e5 v\u00e4ljer de flesta tillverkare att ers\u00e4tta denna kostnad genom att rabattera den fr\u00e5n byggkostnaden <a href=\"#_ftn6\" name=\"_ftnref6\">[6]<\/a>.<\/p>\n<p>Referenser:<br \/>\n<a style=\"color: #3eb6a8;\" href=\"#_ftnref1\" name=\"_ftn1\">[1]<\/a>Hur stora \u00e4r prefabricerade moduler och hur transporteras de ProNor Baltics <a href=\"http:\/\/pronor.ee\/how-big-are-prefab-modules-and-how-are-they-transported\/\">http:\/\/pronor.ee\/how-big-are-prefab-modules-and-how-are-they-transported\/<\/a><br \/>\n<a style=\"color: #3eb6a8;\" href=\"#_ftnref2\" name=\"_ftn2\">[2]<\/a>Akso Haus (2022, 24 augusti) Modulhus transport och transportunders\u00f6kning https:\/\/www.aksohaus.ee\/en\/modular-house-transportation-and-transportation-survey\/<br \/>\n<a style=\"color: #3eb6a8;\" href=\"#_ftnref3\" name=\"_ftn3\">[3]<\/a>Akerman, I. och Jonsson, R. Europeiskt modulsystem f\u00f6r godstransporter p\u00e5 v\u00e4g &#8211; erfarenheter och m\u00f6jligheter Rapport 2007:2 E TFK &#8211; TransportForsK AB <a href=\"https:\/\/unece.org\/DAM\/trans\/wp24\/wp24-presentations\/documents\/pres08-11.pdf\">https:\/\/unece.org\/DAM\/trans\/wp24\/wp24-presentations\/documents\/pres08-11.pdf<\/a><br \/>\n<a style=\"color: #3eb6a8;\" href=\"#_ftnref4\" name=\"_ftn4\">[4]<\/a>Agha, A., Shibani, A., Hassan, D., och Zalans, B. (2021) Modular Construction in the United Kingdom Housing Sector: Barriers and Implications Journal of Architectural Engineering Technology, 10(2), [236]. https:\/\/doi.org\/10.4172\/2168-9717.1000236\/<br \/>\n<a style=\"color: #3eb6a8;\" href=\"#_ftnref5\" name=\"_ftn5\">[5]<\/a>Bertram, N., Fuchs, S., Mischke, J., Palter, R., Strube, G., och Woetzel, J. (2019, juni) Modul\u00e4rt byggande: Fr\u00e5n <a href=\"https:\/\/www.mckinsey.com\/~\/media\/mckinsey\/business%20functions\/operations\/our%20insights\/modular%20construction%20from%20projects%20to%20products%20new\/modular-construction-from-projects-to-products-full-report-new.pdf\">projekt till produkter McKinsey &amp; Company <\/a><br \/>\n<a style=\"color: #3eb6a8;\" href=\"#_ftnref6\" name=\"_ftn6\">[6]<\/a>Blokki building &#8211; FAQ Blokki <a href=\"https:\/\/www.blokki.cz\/en\/faq#:~:text=transport%20and%20unload\">https:\/\/www.blokki.cz\/en\/faq#:~:%20and%<\/a><br \/>\n<a style=\"color: #3eb6a8;\" href=\"#_ftnref7\" name=\"_ftn7\">[7]<\/a>Montage Prefabhus Ramhus Tillverkare <a href=\"https:\/\/prefabhome.eu\/en\/transport-and-montage\/montage\">https:\/\/prefabhome.eu\/en\/transport-and-montage\/montage<\/a><\/p>\n<p>&nbsp;<\/p>\n","protected":false},"excerpt":{"rendered":"<p>Den \u00f6vergripande modulhuskonstruktionen \u00e4r samordnad f\u00f6r att integrera alla transportkrav: Varje modul \u00e4r utformad f\u00f6r att passa i de dimensioner som m\u00f6jligg\u00f6r transport, och deras struktur \u00e4r tillr\u00e4ckligt robust f\u00f6r att klara de p\u00e5frestningar som uppst\u00e5r under transporten. De flesta modulhustillverkare i Europa och Storbritannien f\u00f6ljer ett liknande f\u00f6rfarande f\u00f6r att leverera modulerna fr\u00e5n fabriken [&hellip;]<\/p>\n","protected":false},"author":194,"featured_media":77821,"parent":0,"menu_order":0,"comment_status":"closed","ping_status":"closed","template":"","meta":{"content-type":"","_FSMCFIC_featured_image_caption":"","_FSMCFIC_featured_image_nocaption":"","_FSMCFIC_featured_image_hide":"","footnotes":""},"class_list":["post-77819","page","type-page","status-publish","has-post-thumbnail","hentry"],"_wp_attached_file":null,"_wp_attachment_metadata":null,"_wp_attachment_backup_sizes":null,"siteground_optimizer_webp_conversion_attempts":null,"siteground_optimizer_is_converted_to_webp":null,"siteground_optimizer_optimization_attempts":null,"siteground_optimizer_optimization_failed":null,"wpml_media_processed":null,"_wp_attachment_image_alt":null,"siteground_optimizer_is_optimized":null,"siteground_optimizer_webp_conversion_failed":null,"_elementor_source_image_hash":null,"siteground_optimizer_compression_level":null,"_elementor_inline_svg":null,"_imagify_optimization_level":null,"_imagify_status":null,"_imagify_data":null,"siteground_optimizer_original_filesize":null,"wpse_external_file_url":null,"fave_currency":null,"fave_currency_info":null,"fave_property_id":null,"fave_property_map":null,"fave_property_location":null,"houzez_geolocation_lat":null,"houzez_geolocation_long":null,"fave_property_map_street_view":null,"fave_featured":null,"fave_loggedintoview":null,"fave_agent_display_option":null,"fave_prop_homeslider":null,"fave_single_top_area":null,"fave_single_content_area":null,"_yoast_wpseo_primary_property_type":null,"_yoast_wpseo_primary_property_feature":null,"_yoast_wpseo_primary_property_label":null,"_yoast_wpseo_primary_property_country":null,"houzez_manual_expire":null,"_houzez_expiration_date_status":null,"houzez_total_property_views":null,"houzez_views_by_date":null,"houzez_recently_viewed":null,"fave_property_price":null,"fave_property_price_prefix":null,"fave_property_size":null,"fave_property_bathrooms":null,"fave_property_garage":null,"fave_levels":null,"fave_roof-type":null,"fave_construction-type":null,"fave_video_url":null,"fave_video_image":null,"fave_payment_status":null,"fave_property_agency":null,"fave_countries":null,"fave_sleeps":null,"_yoast_wpseo_primary_property_status":null,"fave_property_images":null,"fave_attachments":null,"technical_description":null,"houzez_featured_listing_date":null,"fave_property_size_prefix":null,"fave_property_bedrooms":null,"fave_property_price_postfix":null,"fave_production-time-in-weeks":null,"fave_building-time-in-days":null,"fave_window-glazing":null,"_yoast_wpseo_primary_feature-2":null,"_yoast_wpseo_primary_feature-3":null,"fave_warranty-in-years":null,"fave_property_land":null,"fave_property_land_postfix":null,"wpsebeba57d406-00de-d339-8c02-3956a916f506":null,"_oembed_eefb35903900c5c166d55ccf7fc62a8a":null,"_oembed_30948e80c1a853da0b519e72c40d2e13":null,"_oembed_0b78a31d7c7e6041adc064d46c40f98b":null,"_oembed_42c2c13b5902a21593b1d521556aea88":null,"_oembed_4fb58e495f37e206f97738a42dbe566f":null,"_oembed_b2828bee61bd9076cd21ece641de7abc":null,"_oembed_0c92428c960763e658977ce4918863f4":null,"_oembed_02b72dc3d26bdba6ff900a268ade2517":null,"_oembed_8c819834f7fc0b74364aa34a8193f46f":null,"_oembed_088962b77808b37d57abe5c8143f9652":null,"_oembed_dfae0e674c59ba061a82b330fc7fdea0":null,"_oembed_74e5075f66c4cd04b0e118feb24f6636":null,"fave_mortgage_cal":null,"_air_wp_sync_record_id":null,"_air_wp_sync_hash":null,"_air_wp_sync_importer_id":null,"_air_wp_sync_updated_at":null,"external_listing_link":null,"fave_property_map_address":null,"fave_multi_units_ids":null,"$wpml_language$":null,"fave_virtual_tour":null,"fave_gross-external-area":null,"_houzez_expiration_date":null,"_houzez_expiration_date_options":null,"floor_plans":null,"_oembed_a17db82fa378d53b4dc6ed46e5344499":null,"_oembed_da390569a339f4d7147d95cfb8c04c12":null,"_oembed_6a3eda5947bcc098660397ca8e21a941":null,"fave_roof-angle":null,"fave_seo-content":null,"_oembed_a7b8941eeee966e7350aede20b4d62be":null,"_oembed_time_a7b8941eeee966e7350aede20b4d62be":null,"additional_features":null,"fave_multi_units":null,"_oembed_716f56b62500685a7dd15ea2ec7579bd":null,"_oembed_time_716f56b62500685a7dd15ea2ec7579bd":null,"_oembed_8ececd3dd2598a4aedb5dfc82df2a0f6":null,"_oembed_time_8ececd3dd2598a4aedb5dfc82df2a0f6":null,"_oembed_4cef7884ea6ef16d48cd8675b12e440d":null,"fave_property_garage_size":null,"_oembed_5c1eaf7b40f4e3a3089b38beb88ba480":null,"fave_property_zip":null,"_oembed_ccdd6e0304386ece64b3b91f572b0be4":null,"_oembed_ae30d19e3e861b389146a1ccc2828104":null,"fave_property_rooms":null,"fave_property_year":null,"two_page_speed":null,"fave_year_established":null,"Status":null,"_oembed_5b2d8d2cf33b469c98e488ea5b118c30":null,"WPML Language Code":null,"_links":{"self":[{"href":"https:\/\/staging.spassio.com\/sv\/wp-json\/wp\/v2\/pages\/77819","targetHints":{"allow":["GET"]}}],"collection":[{"href":"https:\/\/staging.spassio.com\/sv\/wp-json\/wp\/v2\/pages"}],"about":[{"href":"https:\/\/staging.spassio.com\/sv\/wp-json\/wp\/v2\/types\/page"}],"author":[{"embeddable":true,"href":"https:\/\/staging.spassio.com\/sv\/wp-json\/wp\/v2\/users\/194"}],"replies":[{"embeddable":true,"href":"https:\/\/staging.spassio.com\/sv\/wp-json\/wp\/v2\/comments?post=77819"}],"version-history":[{"count":0,"href":"https:\/\/staging.spassio.com\/sv\/wp-json\/wp\/v2\/pages\/77819\/revisions"}],"wp:featuredmedia":[{"embeddable":true,"href":"https:\/\/staging.spassio.com\/sv\/wp-json\/wp\/v2\/media\/77821"}],"wp:attachment":[{"href":"https:\/\/staging.spassio.com\/sv\/wp-json\/wp\/v2\/media?parent=77819"}],"curies":[{"name":"wp","href":"https:\/\/api.w.org\/{rel}","templated":true}]}}