{"id":77829,"date":"2022-11-18T13:45:28","date_gmt":"2022-11-18T12:45:28","guid":{"rendered":"https:\/\/staging.spassio.com\/?page_id=77829"},"modified":"2024-04-22T13:45:04","modified_gmt":"2024-04-22T12:45:04","slug":"kostnad-bygga-prefabricerat-hus","status":"publish","type":"page","link":"https:\/\/staging.spassio.com\/sv\/kostnad-bygga-prefabricerat-hus\/","title":{"rendered":"Hur mycket kostar det att bygga ett prefabricerat hus?"},"content":{"rendered":"<figure id=\"attachment_31540\" aria-describedby=\"caption-attachment-31540\" style=\"width: 1024px\" class=\"wp-caption alignnone\"><img fetchpriority=\"high\" decoding=\"async\" class=\"wp-image-31540 size-large\" src=\"https:\/\/staging.spassio.com\/wp-content\/uploads\/2022\/11\/COMMOD-Production-hall-3-1024x683.jpeg\" alt=\"Commod prefab tillverkare produktion\" width=\"1024\" height=\"683\" srcset=\"https:\/\/staging.spassio.com\/wp-content\/uploads\/2022\/11\/COMMOD-Production-hall-3-1024x683.jpeg 1024w, https:\/\/staging.spassio.com\/wp-content\/uploads\/2022\/11\/COMMOD-Production-hall-3-300x200.jpeg 300w, https:\/\/staging.spassio.com\/wp-content\/uploads\/2022\/11\/COMMOD-Production-hall-3-768x512.jpeg 768w, https:\/\/staging.spassio.com\/wp-content\/uploads\/2022\/11\/COMMOD-Production-hall-3-1536x1025.jpeg 1536w, https:\/\/staging.spassio.com\/wp-content\/uploads\/2022\/11\/COMMOD-Production-hall-3-900x600.jpeg 900w, https:\/\/staging.spassio.com\/wp-content\/uploads\/2022\/11\/COMMOD-Production-hall-3-496x331.jpeg 496w, https:\/\/staging.spassio.com\/wp-content\/uploads\/2022\/11\/COMMOD-Production-hall-3.jpeg 2000w\" sizes=\"(max-width: 1024px) 100vw, 1024px\" \/><figcaption id=\"caption-attachment-31540\" class=\"wp-caption-text\">Bild med tillst\u00e5nd av: <a href=\"https:\/\/staging.spassio.com\/manufacturer\/commod-house\/\">COMMOD HOUSE<\/a><\/figcaption><\/figure>\n<p>De flesta tillverkare visar \u00f6ppet kostnaden f\u00f6r sina prefabricerade modeller, ett v\u00e4rde som i Europa och Storbritannien ligger p\u00e5 cirka 90 000 euro. De flesta annonserade siffror \u00e4r dock det s\u00e5 kallade baspriset och \u00e4r vanligtvis bara ett startpris. Detta pris kan fastst\u00e4llas i f\u00f6rv\u00e4g eftersom det avser arbeten utanf\u00f6r anl\u00e4ggningen av en f\u00f6rutbest\u00e4md modell, \u00e4ven om den slutliga kostnaden inkluderar ytterligare byggnadssteg. Det \u00e4r viktigt att identifiera dessa icke redovisade kostnader eftersom de i de flesta fall kan f\u00f6rdubbla eller till och med tredubbla baspriset <a href=\"#_ftn1\" name=\"_ftnref1\">[1]<\/a>.<\/p>\n<h2>Vad ing\u00e5r i grundpriset f\u00f6r ett prefabricerat hus?<\/h2>\n<p>Grundpriset inkluderar vanligtvis allt n\u00f6dv\u00e4ndigt material och arbete som kr\u00e4vs f\u00f6r att slutf\u00f6ra byggandet av huset utanf\u00f6r anl\u00e4ggningen enligt tillverkarens definition. Tillverkarna kan fastst\u00e4lla ett baspris i f\u00f6rv\u00e4g eftersom deras f\u00f6rdesignade modeller \u00e4r prefabricerade. Prefabricering garanterar en kontrollerad milj\u00f6 utan de ov\u00e4ntade situationer som \u00e4r vanliga vid traditionell byggnation.<\/p>\n<p>Detta \u00e4r de vanligaste funktionerna som ing\u00e5r i grundpriset.<\/p>\n<ul>\n<li>Husets struktur<\/li>\n<li>Alla n\u00f6dv\u00e4ndiga skikt s\u00e5som isolering eller vattent\u00e4ta barri\u00e4rer.<\/li>\n<li>R\u00f6rsystem, ledningar och armaturer<\/li>\n<li>V\u00e4rme- och\/eller kylsystem<\/li>\n<li>Inv\u00e4ndiga ytskikt (v\u00e4ggar, golv, tak)<\/li>\n<li>Utv\u00e4ndiga ytbehandlingar (sidosp\u00e5r, tak)<\/li>\n<li>D\u00f6rrar och f\u00f6nster<\/li>\n<\/ul>\n<p>Vad som ing\u00e5r i grundpriset kan variera enormt fr\u00e5n ett f\u00f6retag till ett annat. Till exempel prefabricerade f\u00f6retag som <a href=\"https:\/\/staging.spassio.com\/manufacturer\/kleinhaus\/\">Klein<\/a>, <a href=\"https:\/\/staging.spassio.com\/manufacturer\/commod-house\/\">Commod House<\/a> eller <a href=\"https:\/\/staging.spassio.com\/manufacturer\/ruum-tiny-houses\/\">Ruum Tiny Houses<\/a> f\u00f6lja den tidigare inkluderande listan. Andra f\u00f6retag, t.ex. <a href=\"https:\/\/staging.spassio.com\/manufacturer\/woodville\/\">Woodville<\/a> eller <a href=\"https:\/\/staging.spassio.com\/manufacturer\/tiny-home-romania\/\">Tiny Home Romania<\/a>l\u00e5ter sina kunder best\u00e4mma vad som ska ing\u00e5 som standard. Erbjuder olika startpriser f\u00f6r att antingen k\u00f6pa ett tomt hem, ett m\u00f6blerat hus eller till och med ett inflyttningsklart hus.<\/p>\n<h2>Hur uppskattar man den verkliga slutkostnaden f\u00f6r en prefabricerad byggnad?<\/h2>\n<p>F\u00f6r att veta hur mycket v\u00e5rt prefabricerade hus verkligen kommer att kosta kan vi inte f\u00f6renkla v\u00e4rdet till en kostnad per kvadratmeter. Ist\u00e4llet m\u00e5ste vi analysera varje steg i prefabkonstruktionen eftersom deras kostnad beror p\u00e5 flera variabler som inte kan \u00f6verskattas. \u00c4nd\u00e5 har prefabricerad konstruktion en stor f\u00f6rdel n\u00e4r man ber\u00e4knar kostnaden: s\u00e4kerheten f\u00f6r det slutliga v\u00e4rdet.<\/p>\n<figure id=\"attachment_31541\" aria-describedby=\"caption-attachment-31541\" style=\"width: 1000px\" class=\"wp-caption alignnone\"><a href=\"https:\/\/staging.spassio.com\/models\/woodville-mohma-standard\/\"><img decoding=\"async\" class=\"wp-image-31541 size-full\" src=\"https:\/\/staging.spassio.com\/wp-content\/uploads\/2022\/11\/how-musch-cost-build-prefab-house-woodville-mohma-standard.webp\" alt=\"Hur mycket kostar det att bygga ett prefabricerat hus?\" width=\"1000\" height=\"563\" srcset=\"https:\/\/staging.spassio.com\/wp-content\/uploads\/2022\/11\/how-musch-cost-build-prefab-house-woodville-mohma-standard.webp 1000w, https:\/\/staging.spassio.com\/wp-content\/uploads\/2022\/11\/how-musch-cost-build-prefab-house-woodville-mohma-standard-300x169.webp 300w, https:\/\/staging.spassio.com\/wp-content\/uploads\/2022\/11\/how-musch-cost-build-prefab-house-woodville-mohma-standard-768x432.webp 768w, https:\/\/staging.spassio.com\/wp-content\/uploads\/2022\/11\/how-musch-cost-build-prefab-house-woodville-mohma-standard-496x279.webp 496w\" sizes=\"(max-width: 1000px) 100vw, 1000px\" \/><\/a><figcaption id=\"caption-attachment-31541\" class=\"wp-caption-text\">Bild med tillst\u00e5nd av: COMMOD HOUSE &#8211; <a href=\"https:\/\/staging.spassio.com\/models\/woodville-mohma-standard\/\">modell mohma Standard<\/a><\/figcaption><\/figure>\n<p>Alla de byggfaser som \u00e4ger rum utanf\u00f6r anl\u00e4ggningen drabbas s\u00e4llan av kostnadsf\u00f6r\u00e4ndringar n\u00e4r priset v\u00e4l \u00e4r fastst\u00e4llt. D\u00e4rf\u00f6r \u00e4r de vanliga kostnaderna som uppst\u00e5r vid traditionell byggnation mycket l\u00e4gre n\u00e4r man bygger en prefabricerad byggnad.<\/p>\n<h3>1. K\u00f6pa marken (om n\u00f6dv\u00e4ndigt) och skaffa r\u00e5dgivning<\/h3>\n<p>Om du inte k\u00f6per ett prefabricerat hus p\u00e5 hjul beh\u00f6ver du en bit mark f\u00f6r att installera huset. Om du inte \u00e4ger en bit mark m\u00e5ste du ta med kostnaden f\u00f6r en nyf\u00f6rv\u00e4rvad mark i din budget. Kostnaden f\u00f6r fastigheten varierar enormt beroende p\u00e5 l\u00e4ge, storlek och topografi. <a href=\"https:\/\/staging.spassio.com\/guide-to-finding-and-buying-land\/\">Valet av tomt<\/a> b\u00f6r dock inte enbart baseras p\u00e5 dess kostnad eftersom <a href=\"https:\/\/staging.spassio.com\/guide-to-finding-and-buying-land\/\">tomtens<\/a> egenskaper direkt kan p\u00e5verka det slutliga byggpriset.<\/p>\n<p>Till exempel \u00e4r platta och l\u00e4ttillg\u00e4ngliga fastigheter ofta dyrare att k\u00f6pa, men att v\u00e4lja en billigare tomt utan dessa egenskaper kommer i slut\u00e4ndan att bli mycket dyrare. Prefabricerade hus byggs huvudsakligen p\u00e5 plats, och deras leverans och montering kr\u00e4ver mycket specifika egenskaper. F\u00f6r att s\u00e4kerst\u00e4lla att kostnaden f\u00f6r marken \u00e4r v\u00e4l investerad, rekommenderas att du s\u00f6ker r\u00e5d fr\u00e5n tillverkaren i f\u00f6rv\u00e4g. I de flesta fall har dessa r\u00e5d en extra kostnad som b\u00f6r l\u00e4ggas till i budgeten.<\/p>\n<h3>2. Design och egen tillverkning<\/h3>\n<p>Den mest uppenbara och l\u00e4tt identifierbara kostnaden \u00e4r tillverkningen av huset. Detta \u00e4r det f\u00f6rsta v\u00e4rde vi st\u00f6ter p\u00e5 n\u00e4r vi bl\u00e4ddrar i katalogen \u00f6ver prefabricerade hus. Som tidigare f\u00f6rklarats \u00e4r detta v\u00e4rde n\u00e4ra knutet till varje tillverkares specifikationer, \u00e4ven om de ofta \u00e4r \u00f6ppna f\u00f6r \u00e4ndringar. \u00c4ven om vi vanligtvis \u00e4r medvetna om baspriset fr\u00e5n b\u00f6rjan, \u00e4r det inte f\u00f6rr\u00e4n designfasen \u00e4r avslutad som vi med s\u00e4kerhet vet tillverkningskostnaden.<\/p>\n<p>Designfasen \u00e4r det f\u00f6rsta steget vi g\u00e5r igenom, \u00e4ven med f\u00f6rdesignade modeller. I detta skede uppmuntras kunden att noggrant analysera husets design, material och inkluderande element i syfte att s\u00e4kerst\u00e4lla att dessa uppfyller deras f\u00f6rv\u00e4ntningar. De flesta tillverkare erbjuder ett stort urval av anpassningar, uppgraderingar och till\u00e4gg till grundutf\u00f6randet. Dessa har ofta en extra kostnad och kommer att \u00f6ka det ursprungliga baspriset. Ju mer du anpassar ett hus, desto h\u00f6gre blir tillverkningskostnaden.<\/p>\n<h3>3. F\u00f6rberedelse av mark<\/h3>\n<p>Innan de prefabricerade komponenterna kan levereras till tomten m\u00e5ste marken f\u00f6rberedas p\u00e5 l\u00e4mpligt s\u00e4tt. Denna f\u00f6rberedelse g\u00f6rs i de flesta fall av ett separat byggf\u00f6retag som f\u00f6rbereder omr\u00e5det enligt prefabtillverkarens specifikationer. Det mest m\u00e4rkbara arbetet i detta skede \u00e4r <a href=\"https:\/\/staging.spassio.com\/guide-to-foundation-for-modular-home\/\">byggandet av fundament<\/a>en, vars kostnad varierar beroende p\u00e5 typ av fundament och markens egenskaper.<\/p>\n<p>Markberedningen \u00e4r dock inte slutf\u00f6rd f\u00f6rr\u00e4n fastigheten \u00e4r ansluten till grundl\u00e4ggande tj\u00e4nster och verktyg som el, vatten, avlopp, gas och telekommunikation. Det \u00e4r troligt att tomten redan \u00e4r betj\u00e4nad, men om den inte \u00e4r det kommer det totala priset snabbt att \u00f6ka eftersom det kostar cirka 6 000 euro till 35 000 euro i Europa och Storbritannien <a href=\"#_ftn2\" name=\"_ftnref2\">[2]<\/a>.<\/p>\n<h2>4. Transport och montering av huset<\/h2>\n<p>N\u00e4r arbetena utanf\u00f6r anl\u00e4ggningen \u00e4r slutf\u00f6rda levereras de prefabricerade delarna till fastigheten f\u00f6r att monteras. En tredje part hanterar vanligtvis <a href=\"https:\/\/staging.spassio.com\/modular-home-requirements-successful-transportation\/\">logistiken f\u00f6r transport<\/a> och montering. Det \u00e4r dock vanligt att <a href=\"https:\/\/staging.spassio.com\/manufacturers\/\">prefabtillverkaren<\/a> hanterar dessa tj\u00e4nster och inkluderar denna kostnad i den offert som fastst\u00e4lls i slutet av designfasen. Kostnaden beror p\u00e5 avst\u00e5ndet, tillfartsf\u00f6rh\u00e5llandena, vilken typ av fordon som anv\u00e4nds och hur l\u00e5ng tid det tar att montera och f\u00e4rdigst\u00e4lla huset p\u00e5 plats.<\/p>\n<h3>5. Bygglov och skatter<\/h3>\n<p>I Storbritannien och de flesta europeiska l\u00e4nder kr\u00e4ver prefabricerade hus, precis som alla andra permanenta hus, ett bygglov. Kostnaderna och kraven f\u00f6r bygglov kan variera kraftigt fr\u00e5n plats till plats. I Storbritannien definieras till exempel bygglovet av ett fastst\u00e4llt v\u00e4rde. Beroende p\u00e5 konstruktionens egenskaper och kan vara allt fr\u00e5n \u00a3334<a href=\"#_ftn3\" name=\"_ftnref3\">[3]<\/a>. Skatter varierar ocks\u00e5 enormt fr\u00e5n ett land till ett annat, men den f\u00f6rsta skatten som b\u00f6r beaktas \u00f6verallt \u00e4r momsen.<\/p>\n<p>I allm\u00e4nhet ing\u00e5r inte moms i det angivna grundpriset f\u00f6r ett hus. Momsbeloppet varierar fr\u00e5n land till land: i Spanien, till exempel, \u00e4r momsen f\u00f6r att k\u00f6pa ett hus 10%, men i Tjeckien \u00e4r momsen 15% <a href=\"#_ftn4\" name=\"_ftnref4\">[4]<\/a>. \u00c4ven om andra skatter kan g\u00e4lla, f\u00f6rv\u00e4ntas du i Frankrike betala en skatt f\u00f6r att ansluta tj\u00e4nsterna till fastigheten <a href=\"#_ftn5\" name=\"_ftnref5\">[5]<\/a>. F\u00f6r att f\u00e5 en tydlig uppfattning om de skatter och legaliseringskostnader som p\u00e5verkar din plats, fr\u00e5ga din prefabtillverkare och r\u00e5dg\u00f6r med planeringsmyndigheterna i ditt omr\u00e5de.<\/p>\n<p><strong>Vanliga fr\u00e5gor och svar<br \/>\n<\/strong><\/p>\n<h2>Beh\u00f6ver prefabricerade hus bygglov?<\/h2>\n<p>De flesta prefabricerade hus som byggs i Europa och Storbritannien m\u00e5ste ha bygglov innan de f\u00e5r byggas. Typen av tillst\u00e5nd och kostnaden varierar dock fr\u00e5n ett land till ett annat.<\/p>\n<h2>Kommer jag att beh\u00f6va ansluta vatten och avlopp till mitt hem, eller kommer detta att g\u00f6ras \u00e5t mig?<\/h2>\n<p>Serviceanslutningen utf\u00f6rs vanligtvis av prefabtillverkaren eller den entrepren\u00f6r som ansvarar f\u00f6r arbetet p\u00e5 plats.<\/p>\n<p><strong>Referenser<\/strong><br \/>\n<a style=\"color: #3eb6a8;\" href=\"#_ftnref1\" name=\"_ftn1\">[1]<\/a>Collinson, P. (2018, 30 november) &#8220;UK housebuilding revolution&#8221;: \u00a365,000 prefabricerade bost\u00e4der g\u00e5r i produktion The Guardian <a href=\"https:\/\/www.theguardian.com\/society\/2018\/nov\/30\/uk-housebuilding-revolution-65000-prefab-homes-go-into-production\">https:\/\/www.theguardian.com\/society\/2018\/nov\/30\/uk-housebuilding-revolution-65000-prefab-homes-go-into-production<\/a><br \/>\n<a style=\"color: #3eb6a8;\" href=\"#_ftnref2\" name=\"_ftn2\">[2]<\/a>Hur man levererar servicelotter R\u00e4tt att bygga <a href=\"https:\/\/righttobuildtoolkit.org.uk\/briefing-notes\/how-to-deliver-serviced-plots\/#\">https:\/\/righttobuildtoolkit.org.uk\/briefing-notes\/how-to-deliver-serviced-plots\/#<\/a><br \/>\n<a style=\"color: #3eb6a8;\" href=\"#_ftnref3\" name=\"_ftn3\">[3]<\/a>Department for Levelling Up, Housing and Communities och Ministry of Housing, Communities &amp; Local Government (2021, August 20) Avgifter f\u00f6r planeringsans\u00f6kan GOV.UK <a href=\"https:\/\/www.gov.uk\/guidance\/fees-for-planning-applications\">https:\/\/www.gov.uk\/guidance\/fees-for-planning-applications<\/a><br \/>\n<a style=\"color: #3eb6a8;\" href=\"#_ftnref4\" name=\"_ftn4\">[4]<\/a>JUDr. Mojm\u00edr Je\u017eek, fil.dr. Skatteregler f\u00f6r f\u00f6rv\u00e4rv av fast egendom i Tjeckien ECOVIS JE\u017dEK, ADVOK\u00c1TN\u00cd KANCEL\u00c1\u0158 S.R.O. <a href=\"https:\/\/www.ecovislegal.cz\/en\/other-legal-areas\/tax-framework-for-real-estate-acquisition-in-the-czech-republic\/\">https:\/\/www.ecovislegal.cz\/en\/other-legal-areas\/tax-framework-for-real-estate-acquisition-in-the-czech-republic\/<\/a><br \/>\n<a style=\"color: #3eb6a8;\" href=\"#_ftnref5\" name=\"_ftn5\">[5]<\/a>Planeringsskatter i Frankrike &#8211; Taxes d&#8217;Urbanisme French-property https:\/\/www.french-property.com\/guides\/france\/building\/planning\/planning-taxes<\/p>\n","protected":false},"excerpt":{"rendered":"<p>De flesta tillverkare visar \u00f6ppet kostnaden f\u00f6r sina prefabricerade modeller, ett v\u00e4rde som i Europa och Storbritannien ligger p\u00e5 cirka 90 000 euro. De flesta annonserade siffror \u00e4r dock det s\u00e5 kallade baspriset och \u00e4r vanligtvis bara ett startpris. Detta pris kan fastst\u00e4llas i f\u00f6rv\u00e4g eftersom det avser arbeten utanf\u00f6r anl\u00e4ggningen av en f\u00f6rutbest\u00e4md modell, [&hellip;]<\/p>\n","protected":false},"author":194,"featured_media":77831,"parent":0,"menu_order":0,"comment_status":"closed","ping_status":"closed","template":"","meta":{"content-type":"","_FSMCFIC_featured_image_caption":"","_FSMCFIC_featured_image_nocaption":"","_FSMCFIC_featured_image_hide":"","footnotes":""},"class_list":["post-77829","page","type-page","status-publish","has-post-thumbnail","hentry"],"_wp_attached_file":null,"_wp_attachment_metadata":null,"_wp_attachment_backup_sizes":null,"siteground_optimizer_webp_conversion_attempts":null,"siteground_optimizer_is_converted_to_webp":null,"siteground_optimizer_optimization_attempts":null,"siteground_optimizer_optimization_failed":null,"wpml_media_processed":null,"_wp_attachment_image_alt":null,"siteground_optimizer_is_optimized":null,"siteground_optimizer_webp_conversion_failed":null,"_elementor_source_image_hash":null,"siteground_optimizer_compression_level":null,"_elementor_inline_svg":null,"_imagify_optimization_level":null,"_imagify_status":null,"_imagify_data":null,"siteground_optimizer_original_filesize":null,"wpse_external_file_url":null,"fave_currency":null,"fave_currency_info":null,"fave_property_id":null,"fave_property_map":null,"fave_property_location":null,"houzez_geolocation_lat":null,"houzez_geolocation_long":null,"fave_property_map_street_view":null,"fave_featured":null,"fave_loggedintoview":null,"fave_agent_display_option":null,"fave_prop_homeslider":null,"fave_single_top_area":null,"fave_single_content_area":null,"_yoast_wpseo_primary_property_type":null,"_yoast_wpseo_primary_property_feature":null,"_yoast_wpseo_primary_property_label":null,"_yoast_wpseo_primary_property_country":null,"houzez_manual_expire":null,"_houzez_expiration_date_status":null,"houzez_total_property_views":null,"houzez_views_by_date":null,"houzez_recently_viewed":null,"fave_property_price":null,"fave_property_price_prefix":null,"fave_property_size":null,"fave_property_bathrooms":null,"fave_property_garage":null,"fave_levels":null,"fave_roof-type":null,"fave_construction-type":null,"fave_video_url":null,"fave_video_image":null,"fave_payment_status":null,"fave_property_agency":null,"fave_countries":null,"fave_sleeps":null,"_yoast_wpseo_primary_property_status":null,"fave_property_images":null,"fave_attachments":null,"technical_description":null,"houzez_featured_listing_date":null,"fave_property_size_prefix":null,"fave_property_bedrooms":null,"fave_property_price_postfix":null,"fave_production-time-in-weeks":null,"fave_building-time-in-days":null,"fave_window-glazing":null,"_yoast_wpseo_primary_feature-2":null,"_yoast_wpseo_primary_feature-3":null,"fave_warranty-in-years":null,"fave_property_land":null,"fave_property_land_postfix":null,"wpsebeba57d406-00de-d339-8c02-3956a916f506":null,"_oembed_eefb35903900c5c166d55ccf7fc62a8a":null,"_oembed_30948e80c1a853da0b519e72c40d2e13":null,"_oembed_0b78a31d7c7e6041adc064d46c40f98b":null,"_oembed_42c2c13b5902a21593b1d521556aea88":null,"_oembed_4fb58e495f37e206f97738a42dbe566f":null,"_oembed_b2828bee61bd9076cd21ece641de7abc":null,"_oembed_0c92428c960763e658977ce4918863f4":null,"_oembed_02b72dc3d26bdba6ff900a268ade2517":null,"_oembed_8c819834f7fc0b74364aa34a8193f46f":null,"_oembed_088962b77808b37d57abe5c8143f9652":null,"_oembed_dfae0e674c59ba061a82b330fc7fdea0":null,"_oembed_74e5075f66c4cd04b0e118feb24f6636":null,"fave_mortgage_cal":null,"_air_wp_sync_record_id":null,"_air_wp_sync_hash":null,"_air_wp_sync_importer_id":null,"_air_wp_sync_updated_at":null,"external_listing_link":null,"fave_property_map_address":null,"fave_multi_units_ids":null,"$wpml_language$":null,"fave_virtual_tour":null,"fave_gross-external-area":null,"_houzez_expiration_date":null,"_houzez_expiration_date_options":null,"floor_plans":null,"_oembed_a17db82fa378d53b4dc6ed46e5344499":null,"_oembed_da390569a339f4d7147d95cfb8c04c12":null,"_oembed_6a3eda5947bcc098660397ca8e21a941":null,"fave_roof-angle":null,"fave_seo-content":null,"_oembed_a7b8941eeee966e7350aede20b4d62be":null,"_oembed_time_a7b8941eeee966e7350aede20b4d62be":null,"additional_features":null,"fave_multi_units":null,"_oembed_716f56b62500685a7dd15ea2ec7579bd":null,"_oembed_time_716f56b62500685a7dd15ea2ec7579bd":null,"_oembed_8ececd3dd2598a4aedb5dfc82df2a0f6":null,"_oembed_time_8ececd3dd2598a4aedb5dfc82df2a0f6":null,"_oembed_4cef7884ea6ef16d48cd8675b12e440d":null,"fave_property_garage_size":null,"_oembed_5c1eaf7b40f4e3a3089b38beb88ba480":null,"fave_property_zip":null,"_oembed_ccdd6e0304386ece64b3b91f572b0be4":null,"_oembed_ae30d19e3e861b389146a1ccc2828104":null,"fave_property_rooms":null,"fave_property_year":null,"two_page_speed":null,"fave_year_established":null,"Status":null,"_oembed_5b2d8d2cf33b469c98e488ea5b118c30":null,"WPML Language Code":null,"_links":{"self":[{"href":"https:\/\/staging.spassio.com\/sv\/wp-json\/wp\/v2\/pages\/77829","targetHints":{"allow":["GET"]}}],"collection":[{"href":"https:\/\/staging.spassio.com\/sv\/wp-json\/wp\/v2\/pages"}],"about":[{"href":"https:\/\/staging.spassio.com\/sv\/wp-json\/wp\/v2\/types\/page"}],"author":[{"embeddable":true,"href":"https:\/\/staging.spassio.com\/sv\/wp-json\/wp\/v2\/users\/194"}],"replies":[{"embeddable":true,"href":"https:\/\/staging.spassio.com\/sv\/wp-json\/wp\/v2\/comments?post=77829"}],"version-history":[{"count":0,"href":"https:\/\/staging.spassio.com\/sv\/wp-json\/wp\/v2\/pages\/77829\/revisions"}],"wp:featuredmedia":[{"embeddable":true,"href":"https:\/\/staging.spassio.com\/sv\/wp-json\/wp\/v2\/media\/77831"}],"wp:attachment":[{"href":"https:\/\/staging.spassio.com\/sv\/wp-json\/wp\/v2\/media?parent=77829"}],"curies":[{"name":"wp","href":"https:\/\/api.w.org\/{rel}","templated":true}]}}