{"id":77833,"date":"2022-11-20T23:59:57","date_gmt":"2022-11-20T22:59:57","guid":{"rendered":"https:\/\/staging.spassio.com\/?page_id=77833"},"modified":"2024-04-22T13:45:51","modified_gmt":"2024-04-22T12:45:51","slug":"gora-prefabricerat-hus-energieffektivt","status":"publish","type":"page","link":"https:\/\/staging.spassio.com\/sv\/gora-prefabricerat-hus-energieffektivt\/","title":{"rendered":"Hur man g\u00f6r ett prefabricerat hus mer energieffektivt och sparar pengar"},"content":{"rendered":"<p>Det mest effektiva s\u00e4ttet att g\u00f6ra ett prefabricerat hus mer energieffektivt och spara pengar p\u00e5 elr\u00e4kningen \u00e4r att integrera alla energieffektivitetsfunktioner i konstruktionen. Det mest kritiska designelementet f\u00f6r en energieffektiv prefabricerad byggnad \u00e4r dess yttre klimatskal, eftersom det utg\u00f6r separationen mellan inomhus- och utomhusutrymmen och d\u00e4rf\u00f6r b\u00f6r vara tillr\u00e4ckligt isolerat och minska v\u00e4rmef\u00f6rlusterna s\u00e5 mycket som m\u00f6jligt. Tv\u00e5 ytterligare \u00e5tg\u00e4rder kommer dock att f\u00f6rb\u00e4ttra husets energieffektivitet avsev\u00e4rt: att orientera huset med h\u00e4nsyn till de naturliga klimatf\u00f6rh\u00e5llandena i omr\u00e5det och att endast anv\u00e4nda energieffektiv utrustning.<\/p>\n<h2>Vad \u00e4r energieffektivitet?<\/h2>\n<p>Energieffektivitet \u00e4r kvaliteten p\u00e5 ett hus som f\u00f6rbrukar mindre energi samtidigt som det ger en bekv\u00e4m boendemilj\u00f6. Energieffektiva bost\u00e4der erbjuder en varm milj\u00f6 under vinterm\u00e5naderna, h\u00e5ller sig svala under de varmare \u00e5rstiderna, och \u00e4nd\u00e5 \u00e4r deras elr\u00e4kningar mycket l\u00e4gre.<\/p>\n<h2>Placering och orientering av ett energieffektivt prefabricerat hus<\/h2>\n<p>F\u00f6r att uppn\u00e5 ett energieffektivt prefabricerat hus \u00e4r det viktigt att f\u00f6rst\u00e5 de klimatf\u00f6rh\u00e5llanden som p\u00e5verkar tomten d\u00e4r huset ska placeras. Vi b\u00f6r ta h\u00e4nsyn till temperaturen, solens bana och vindm\u00f6nstren under hela \u00e5ret. Denna information talar om f\u00f6r oss hur huset ska se ut och ger oss en f\u00f6rsta uppfattning om hur det ska utformas.<\/p>\n<figure id=\"attachment_31561\" aria-describedby=\"caption-attachment-31561\" style=\"width: 1000px\" class=\"wp-caption alignnone\"><a href=\"https:\/\/staging.spassio.com\/models\/ilum-house-lund\/\"><img fetchpriority=\"high\" decoding=\"async\" class=\"wp-image-31561 size-full\" src=\"https:\/\/staging.spassio.com\/wp-content\/uploads\/2022\/11\/prefab-house-energy-efficient-save-money.webp\" alt=\"Hur man g\u00f6r ett prefabricerat hus mer energieffektivt och sparar pengar\" width=\"1000\" height=\"750\" srcset=\"https:\/\/staging.spassio.com\/wp-content\/uploads\/2022\/11\/prefab-house-energy-efficient-save-money.webp 1000w, https:\/\/staging.spassio.com\/wp-content\/uploads\/2022\/11\/prefab-house-energy-efficient-save-money-300x225.webp 300w, https:\/\/staging.spassio.com\/wp-content\/uploads\/2022\/11\/prefab-house-energy-efficient-save-money-768x576.webp 768w, https:\/\/staging.spassio.com\/wp-content\/uploads\/2022\/11\/prefab-house-energy-efficient-save-money-592x444.webp 592w, https:\/\/staging.spassio.com\/wp-content\/uploads\/2022\/11\/prefab-house-energy-efficient-save-money-584x438.webp 584w, https:\/\/staging.spassio.com\/wp-content\/uploads\/2022\/11\/prefab-house-energy-efficient-save-money-800x600.webp 800w, https:\/\/staging.spassio.com\/wp-content\/uploads\/2022\/11\/prefab-house-energy-efficient-save-money-120x90.webp 120w, https:\/\/staging.spassio.com\/wp-content\/uploads\/2022\/11\/prefab-house-energy-efficient-save-money-496x372.webp 496w\" sizes=\"(max-width: 1000px) 100vw, 1000px\" \/><\/a><figcaption id=\"caption-attachment-31561\" class=\"wp-caption-text\"><em>Genom att placera de stora f\u00f6nster\u00f6ppningarna i <a href=\"https:\/\/staging.spassio.com\/models\/ilum-house-lund\/\">Lund Ilum-huset<\/a> mot s\u00f6der s\u00e4kerst\u00e4ller vi att en stor m\u00e4ngd solstr\u00e5lar v\u00e4rmer upp de inre utrymmena.<\/em><\/figcaption><\/figure>\n<p>Om vi till exempel bygger ett <a href=\"\/\">prefabricerat hus<\/a> i ett kallare klimat, som Storbritannien eller norra Europa, vill vi sl\u00e4ppa in s\u00e5 mycket sol som m\u00f6jligt f\u00f6r att v\u00e4rma upp inomhusutrymmet naturligt med solens str\u00e5lar. Genom att v\u00e4lja en <a href=\"https:\/\/staging.spassio.com\/models\/\">prefabricerad modell<\/a> med stora f\u00f6nster i en fasad och orientera den fasaden mot s\u00f6der skapar vi en v\u00e4xthuseffekt som p\u00e5 ett behagligt s\u00e4tt v\u00e4rmer upp inomhusutrymmet. I detta fall \u00e4r det ocks\u00e5 viktigt att undvika att placera f\u00f6r m\u00e5nga f\u00f6nster i de omr\u00e5den d\u00e4r vinden \u00e4r stark, eller solen inte n\u00e5r dem eftersom de kommer att bidra till v\u00e4rmef\u00f6rlust.<\/p>\n<figure id=\"attachment_31561\" aria-describedby=\"caption-attachment-31561\" style=\"width: 1000px\" class=\"wp-caption alignnone\"><a href=\"https:\/\/staging.spassio.com\/models\/ilum-house-lund\/\"><img fetchpriority=\"high\" decoding=\"async\" class=\"wp-image-31561 size-full\" src=\"https:\/\/staging.spassio.com\/wp-content\/uploads\/2022\/11\/prefab-house-energy-efficient-save-money.webp\" alt=\"Hur man g\u00f6r ett prefabricerat hus mer energieffektivt och sparar pengar\" width=\"1000\" height=\"750\" srcset=\"https:\/\/staging.spassio.com\/wp-content\/uploads\/2022\/11\/prefab-house-energy-efficient-save-money.webp 1000w, https:\/\/staging.spassio.com\/wp-content\/uploads\/2022\/11\/prefab-house-energy-efficient-save-money-300x225.webp 300w, https:\/\/staging.spassio.com\/wp-content\/uploads\/2022\/11\/prefab-house-energy-efficient-save-money-768x576.webp 768w, https:\/\/staging.spassio.com\/wp-content\/uploads\/2022\/11\/prefab-house-energy-efficient-save-money-592x444.webp 592w, https:\/\/staging.spassio.com\/wp-content\/uploads\/2022\/11\/prefab-house-energy-efficient-save-money-584x438.webp 584w, https:\/\/staging.spassio.com\/wp-content\/uploads\/2022\/11\/prefab-house-energy-efficient-save-money-800x600.webp 800w, https:\/\/staging.spassio.com\/wp-content\/uploads\/2022\/11\/prefab-house-energy-efficient-save-money-120x90.webp 120w, https:\/\/staging.spassio.com\/wp-content\/uploads\/2022\/11\/prefab-house-energy-efficient-save-money-496x372.webp 496w\" sizes=\"(max-width: 1000px) 100vw, 1000px\" \/><\/a><figcaption id=\"caption-attachment-31561\" class=\"wp-caption-text\"><em>Genom att placera de stora f\u00f6nster\u00f6ppningarna i <a href=\"https:\/\/staging.spassio.com\/models\/ilum-house-lund\/\">Lund Ilum-huset<\/a> mot s\u00f6der s\u00e4kerst\u00e4ller vi att en stor m\u00e4ngd solstr\u00e5lar v\u00e4rmer upp de inre utrymmena.<\/em><\/figcaption><\/figure>\n<p>Motsatsen g\u00e4ller f\u00f6r hus som ligger i varmare omr\u00e5den som Medelhavsl\u00e4nderna. I dessa fall anv\u00e4nder vi oss av f\u00f6rst\u00e5elsen f\u00f6r solens bana f\u00f6r att undvika att sommarsolens str\u00e5lar tr\u00e4ffar husets f\u00f6nster direkt, medan vi v\u00e4lkomnar dem under vinterm\u00e5naderna. Eftersom solen st\u00e5r h\u00f6gre under sommarm\u00e5naderna kan detta uppn\u00e5s genom att orientera f\u00f6nsterfasaden mot s\u00f6der och placera en pergolakonstruktion framf\u00f6r f\u00f6r att skydda den fr\u00e5n sommarstr\u00e5larna.<\/p>\n<figure id=\"attachment_31560\" aria-describedby=\"caption-attachment-31560\" style=\"width: 1000px\" class=\"wp-caption alignnone\"><a href=\"https:\/\/staging.spassio.com\/models\/eestihouse-02-m\/\"><img decoding=\"async\" class=\"wp-image-31560 size-full\" src=\"https:\/\/staging.spassio.com\/wp-content\/uploads\/2022\/11\/eestihouse-o2-m-energy-efficiency.webp\" alt=\"\" width=\"1000\" height=\"563\" srcset=\"https:\/\/staging.spassio.com\/wp-content\/uploads\/2022\/11\/eestihouse-o2-m-energy-efficiency.webp 1000w, https:\/\/staging.spassio.com\/wp-content\/uploads\/2022\/11\/eestihouse-o2-m-energy-efficiency-300x169.webp 300w, https:\/\/staging.spassio.com\/wp-content\/uploads\/2022\/11\/eestihouse-o2-m-energy-efficiency-768x432.webp 768w, https:\/\/staging.spassio.com\/wp-content\/uploads\/2022\/11\/eestihouse-o2-m-energy-efficiency-496x279.webp 496w\" sizes=\"(max-width: 1000px) 100vw, 1000px\" \/><\/a><figcaption id=\"caption-attachment-31560\" class=\"wp-caption-text\"><em> <a href=\"https:\/\/staging.spassio.com\/models\/eestihouse-02-m\/\">EestiHouse 02-M<\/a> har en t\u00e4ckt terrass framf\u00f6r huvudf\u00f6nstrets fasad, som blockerar sommarsolens str\u00e5lar<\/em>.<\/figcaption><\/figure>\n<p>En bioklimatisk f\u00f6rst\u00e5else av huset kan hj\u00e4lpa oss att v\u00e4lja en energieffektiv design och v\u00e4gleda oss i hur vi ska orientera det. \u00c4ven om det \u00e4r viktigt hur vi har byggt huset, b\u00f6r andra element som tr\u00e4d, berg eller andra byggnader ocks\u00e5 beaktas eftersom de skapar skuggor och skyddar mot vinden.<\/p>\n<h2>Utforma ett energieffektivt klimatskal<\/h2>\n<p>Husets klimatskal definieras av dess yttre bekl\u00e4dnad: v\u00e4ggarna, f\u00f6nstren, taket och golvet. Eftersom husets klimatskal \u00e4r den barri\u00e4r som skiljer det bekv\u00e4ma inomhusutrymmet fr\u00e5n den yttre milj\u00f6n, \u00e4r det ett viktigt element att ta h\u00e4nsyn till n\u00e4r man utformar ett <a href=\"https:\/\/staging.spassio.com\/glossary\/energy-performance-or-energy-efficiency-of-a-building\/\">energieffektivt<\/a> hus.<\/p>\n<p>Ett energieffektivt prefabricerat hus b\u00f6r vara kraftigt isolerat och t\u00e4cka alla delar som ing\u00e5r i klimatskalet, inklusive tak och golv. Faktorer som isoleringsmaterial, f\u00f6nstertyper och husets luftt\u00e4thet \u00e4r viktiga att ta h\u00e4nsyn till i hela klimatskalet.<\/p>\n<h3>Krav p\u00e5 isolering<\/h3>\n<p>En korrekt isolering av huset b\u00f6r omfatta v\u00e4ggarna och inte minst golv och tak i b\u00e5de varma och kalla klimat. Det finns en m\u00e4ngd olika isoleringsmaterial att v\u00e4lja mellan, men nedan f\u00f6ljer en lista \u00f6ver de vanligaste isoleringsmaterialen som anv\u00e4nds i prefabricerade hus:<\/p>\n<table style=\"width: 646px;\" border=\"1.5\" cellspacing=\"1\" cellpadding=\"1\">\n<tbody>\n<tr>\n<td style=\"width: 133px; text-align: left;\"><strong>Isoleringsmaterial<\/strong><\/td>\n<td style=\"width: 267px; text-align: left;\"><strong>Kort beskrivning<\/strong><\/td>\n<td style=\"width: 222px; text-align: left;\"><strong>U-v\u00e4rde vid 100 mm (W\/m2K) <a href=\"#_ftn1\" name=\"_ftnref1\">[1]<\/a><a href=\"#_ftn2\" name=\"_ftnref2\">[2]<\/a><\/strong><\/td>\n<\/tr>\n<tr>\n<td style=\"width: 133px;\">Strukturella isolerade paneler (SIP)<\/td>\n<td style=\"width: 267px;\">Detta material \u00e4r enkelt att installera eftersom det levereras med strukturmaterialet och isoleringen tillsammans. I allm\u00e4nhet finns det tre olika isoleringsmaterial som anv\u00e4nds i SIP-skivor: expanderad polystyren (EPS), extruderad polystyren (XPS) eller polyuretanskum (PUR).<\/td>\n<td style=\"text-align: center; width: 222px;\">EPS = 3,52XPS = 3PUR = 4,50<\/td>\n<\/tr>\n<tr>\n<td style=\"width: 133px;\">F\u00e5rull<\/td>\n<td style=\"width: 267px;\">Detta material \u00e4r naturligt, h\u00e5llbart och mycket effektivt. Det kan appliceras p\u00e5 b\u00e5de v\u00e4ggar och tak, och trots att det \u00e4r organiskt har det en livsl\u00e4ngd p\u00e5 60 \u00e5r, det \u00e4r brandbest\u00e4ndigt och h\u00e5ller insekter borta.<\/td>\n<td style=\"text-align: center; width: 222px;\">2.63<\/td>\n<\/tr>\n<tr>\n<td style=\"width: 133px;\">Glasull<\/td>\n<td style=\"width: 267px;\">\u00c4ven om detta material inte \u00e4r av naturligt ursprung, har det en positiv milj\u00f6p\u00e5verkan eftersom det \u00e4r tillverkat av \u00e5tervunna glasflaskor.<\/td>\n<td style=\"text-align: center; width: 222px;\">2.85<\/td>\n<\/tr>\n<tr>\n<td style=\"width: 133px;\">Stenull<\/td>\n<td style=\"width: 267px;\">Stenull \u00e4r ett mycket effektivt material eftersom det ger god v\u00e4rmeisolering, ljudd\u00e4mpning och brands\u00e4kerhet.<\/td>\n<td style=\"text-align: center; width: 222px;\">2.85<\/td>\n<\/tr>\n<tr>\n<td style=\"width: 133px;\">Stenull<\/td>\n<td style=\"width: 267px;\">\u00c4ven om detta material inte \u00e4r s\u00e4rskilt milj\u00f6v\u00e4nligt har det vissa f\u00f6rdelar eftersom det anv\u00e4nds som skum och \u00e4r ganska effektivt n\u00e4r det g\u00e4ller att minska drag.<\/td>\n<td style=\"text-align: center; width: 222px;\">1.08 &#8211; 1.26<\/td>\n<\/tr>\n<\/tbody>\n<\/table>\n<p>&nbsp;<\/p>\n<p>Isoleringens tjocklek varierar beroende p\u00e5 materialet och kraven p\u00e5 varje plats. \u00c4ven om m\u00e4ngden isolering som kr\u00e4vs i varje del av husets klimatskal b\u00f6r ber\u00e4knas av en arkitekt eller ingenj\u00f6r, kan du f\u00e5 en uppfattning om den tjocklek som kr\u00e4vs f\u00f6r varje del genom att f\u00f6rst\u00e5 begreppet v\u00e4rmegenomg\u00e5ngskoefficient p\u00e5 ett ungef\u00e4r.<\/p>\n<p>Varje isoleringsmaterial har ett tillh\u00f6rande v\u00e4rmegenomg\u00e5ngskoefficient (U-v\u00e4rde) som anger materialets f\u00f6rm\u00e5ga att \u00f6verf\u00f6ra v\u00e4rme. Genom att titta p\u00e5 detta v\u00e4rde vet vi hur tjockt varje material ska vara i f\u00f6rh\u00e5llande till de andra. De material som har ett l\u00e4gre <a href=\"https:\/\/staging.spassio.com\/glossary\/u-value-w-m2k\/\">U-v\u00e4rde<\/a> kr\u00e4ver mindre material f\u00f6r att uppn\u00e5 samma isoleringsresultat. En korrekt ber\u00e4kning tar dock h\u00e4nsyn till andra aspekter, t.ex. att andra material \u00f6verensst\u00e4mmer med v\u00e4ggen.<\/p>\n<h3>Energieffektiva f\u00f6nster<\/h3>\n<p>F\u00f6nstren \u00e4r ett viktigt element att ta h\u00e4nsyn till n\u00e4r man v\u00e4ljer ett energieffektivt prefabricerat hus eftersom vanliga hus f\u00f6rlorar 10% av sin inomhustemperatur genom dessa element <a href=\"#_ftn3\" name=\"_ftnref3\">[3]<\/a>. F\u00f6r att veta om ett f\u00f6nster \u00e4r energieffektivt kan vi i Europa och Storbritannien titta p\u00e5 dess m\u00e4rkning:<\/p>\n<p>EU:s energim\u00e4rkning: Ger information om hur energieffektiv en produkt \u00e4r. Varje produkt betygs\u00e4tts p\u00e5 en 7-gradig skala, d\u00e4r den minst energieffektiva produkten rankas med ett r\u00f6tt D och den mest energieffektiva med ett m\u00f6rkgr\u00f6nt A+++.<\/p>\n<p>British Fenestration Rating Council (BFRC): G\u00e4ller endast i Storbritannien och har ett liknande format som EU:s energim\u00e4rkning. I det h\u00e4r fallet finns det en skala med 8 v\u00e4rden, d\u00e4r det minst energieffektiva f\u00f6nstret rankas med ett brunt G och det mest energieffektiva med ett lila A+<\/p>\n<h3>Betydelsen av luftt\u00e4thet och ventilation<\/h3>\n<p>F\u00f6r att s\u00e4kerst\u00e4lla en energieffektiv prefab r\u00e4cker det inte med att v\u00e4lja r\u00e4tt f\u00f6nster och isoleringsmaterial, allt m\u00e5ste vara ordentligt luftt\u00e4tt. Huvudsyftet med luftt\u00e4tning \u00e4r att eliminera o\u00f6nskade luftl\u00e4ckage och drag genom husets klimatskal. Som ett resultat kan den behagliga inomhustemperaturen enkelt bibeh\u00e5llas med mindre energiproduktion.<\/p>\n<p>F\u00f6r att undvika luftl\u00e4ckage \u00e4r det viktigt att \u00e4gna s\u00e4rskild uppm\u00e4rksamhet \u00e5t de olika fogarna i huset, varav de viktigaste \u00e4r de mellan f\u00f6nster och v\u00e4ggar, v\u00e4ggar och tak, eller v\u00e4ggar och golv. De material som anv\u00e4nds f\u00f6r att bygga klimatskalet \u00e4r dock avg\u00f6rande f\u00f6r att definiera ett luftt\u00e4tt utrymme.<\/p>\n<p>Luftt\u00e4thet kan hj\u00e4lpa till att spara en hel del pengar p\u00e5 energir\u00e4kningar. Luftt\u00e4tning inneb\u00e4r dock ingen luftv\u00e4xling, vilket kan f\u00e5 konsekvenser f\u00f6r h\u00e4lsan. D\u00e4rf\u00f6r b\u00f6r ett luftt\u00e4tt hus alltid ha ett mekaniskt ventilationssystem, helst med v\u00e4rme\u00e5tervinning, f\u00f6r att minska v\u00e4rmef\u00f6rlusterna s\u00e5 mycket som m\u00f6jligt.<\/p>\n<h2>V\u00e4lj energieffektiv utrustning<\/h2>\n<p>N\u00e4r vi har valt r\u00e4tt orientering f\u00f6r huset och utformat ett effektivt yttre klimatskal \u00e4r det dags att v\u00e4lja energieffektiv v\u00e4rme- och kylutrustning. \u00c4ven om energieffektiva bost\u00e4der i h\u00f6g grad minskar behovet av uppv\u00e4rmning och kylning, hj\u00e4lper energieffektiv utrustning till att uppn\u00e5 \u00f6nskad inomhustemperatur. Vi kan v\u00e4lja energieffektiva apparater f\u00f6r att ytterligare minska energif\u00f6rbrukningen och fakturakostnaderna.<\/p>\n<p>N\u00e4r vi v\u00e4ljer ett energieffektivt hus m\u00e5ste vi se till att den m\u00e4ngd energi som anv\u00e4nds av de olika utrustningarna h\u00e5lls l\u00e5g, s\u00e5 att energir\u00e4kningarna h\u00e5lls p\u00e5 ett minimum. F\u00f6r att identifiera de mer energieffektiva systemen b\u00f6r vi titta p\u00e5 deras EU Energy-m\u00e4rkning, som fungerar precis som vi har beskrivit i f\u00f6nsteravsnittet: med ett r\u00f6tt D som \u00e4r det minst energieffektiva och ett m\u00f6rkgr\u00f6nt A+++ som representerar det mest energieffektiva systemet.<\/p>\n<h2>\u00c4r prefabricerade och modul\u00e4ra hus mer energieffektiva?<\/h2>\n<p>Prefabricerade hus \u00e4r inte energieffektiva per definition, \u00e4ven om prefabriceringsprocessen g\u00f6r det l\u00e4ttare att uppn\u00e5 dessa parametrar. Nedan f\u00f6ljer n\u00e5gra av de mest p\u00e5tagliga f\u00f6rdelarna med off site-byggnation:<\/p>\n<ul>\n<li><strong>Kvalitetskontroll<\/strong>: Centraliseringen av byggnadsarbetena m\u00f6jligg\u00f6r ytterligare kvalitetskontroller under hela processen, vilket s\u00e4kerst\u00e4ller b\u00e4ttre prestanda f\u00f6r klimatskalet.<\/li>\n<li><strong>Industrialiserad byggmilj\u00f6<\/strong>: Eftersom prefabricerade hus byggs i en fabriksliknande milj\u00f6 har de tillg\u00e5ng till sofistikerade verktyg och maskiner, vilket underl\u00e4ttar en finare arbetskvalitet och minskar risken f\u00f6r att l\u00e4mna \u00f6ppna ytor som kan orsaka drag.<\/li>\n<\/ul>\n<p>Med tanke p\u00e5 f\u00f6rdelen med att bygga p\u00e5 plats, erbjuder ett bra urval av tillverkare m\u00f6jligheten att bygga upp till energieffektivitetsstandarder. Att v\u00e4lja ett energieffektivt hus \u00f6kar byggkostnaden, men det kommer att minska kostnaden f\u00f6r elr\u00e4kningen enormt efter\u00e5t. Enligt BBC kan en genomsnittlig bostad i Storbritannien spara upp till 555 pund p\u00e5 energir\u00e4kningen genom att uppgradera till energieffektivitetsstandarder <a href=\"#_ftn4\" name=\"_ftnref4\">[4]<\/a>.<\/p>\n<p>Referenser:<br \/>\n<a style=\"color: #3eb6a8;\" href=\"#_ftnref1\" name=\"_ftn1\">[1]<\/a>Isoleringsmaterial och deras termiska egenskaper Greenspec <a href=\"https:\/\/www.greenspec.co.uk\/building-design\/insulation-materials-thermal-properties\/\">https:\/\/www.greenspec.co.uk\/building-design\/insulation-materials-thermal-properties\/<\/a><br \/>\n<a style=\"color: #3eb6a8;\" href=\"#_ftnref2\" name=\"_ftn2\">[2]<\/a>Sprayfoam ger en unik kombination av h\u00f6ga U-v\u00e4rden och luftgenomsl\u00e4pplighet Fusion Insulation <a href=\"http:\/\/www.fusioninsulation.com\/thermal-insulation.html\">http:\/\/www.fusioninsulation.com\/thermal-insulation.html<\/a><br \/>\n<a style=\"color: #3eb6a8;\" href=\"#_ftnref3\" name=\"_ftn3\">[3]<\/a>F\u00f6nster: V\u00e4rmef\u00f6rlust &amp; V\u00e4rme\u00f6kning Greenspec <a href=\"https:\/\/www.greenspec.co.uk\/building-design\/windows\/\">https:\/\/www.greenspec.co.uk\/building-design\/windows\/<\/a><br \/>\n<a style=\"color: #3eb6a8;\" href=\"#_ftnref4\" name=\"_ftn4\">[4]<\/a>Stallard, E. (2022 oktober 7) Hemisolering: Hur kan det s\u00e4nka energikostnaderna? BBC Nyheter <a href=\"https:\/\/www.bbc.com\/news\/explainers-60289396\">https:\/\/www.bbc.com\/news\/explainers-60289396<\/a><\/p>\n","protected":false},"excerpt":{"rendered":"<p>Det mest effektiva s\u00e4ttet att g\u00f6ra ett prefabricerat hus mer energieffektivt och spara pengar p\u00e5 elr\u00e4kningen \u00e4r att integrera alla energieffektivitetsfunktioner i konstruktionen. Det mest kritiska designelementet f\u00f6r en energieffektiv prefabricerad byggnad \u00e4r dess yttre klimatskal, eftersom det utg\u00f6r separationen mellan inomhus- och utomhusutrymmen och d\u00e4rf\u00f6r b\u00f6r vara tillr\u00e4ckligt isolerat och minska v\u00e4rmef\u00f6rlusterna s\u00e5 mycket [&hellip;]<\/p>\n","protected":false},"author":194,"featured_media":77836,"parent":0,"menu_order":0,"comment_status":"closed","ping_status":"closed","template":"","meta":{"content-type":"","_FSMCFIC_featured_image_caption":"","_FSMCFIC_featured_image_nocaption":"","_FSMCFIC_featured_image_hide":"","footnotes":""},"class_list":["post-77833","page","type-page","status-publish","has-post-thumbnail","hentry"],"_wp_attached_file":null,"_wp_attachment_metadata":null,"_wp_attachment_backup_sizes":null,"siteground_optimizer_webp_conversion_attempts":null,"siteground_optimizer_is_converted_to_webp":null,"siteground_optimizer_optimization_attempts":null,"siteground_optimizer_optimization_failed":null,"wpml_media_processed":null,"_wp_attachment_image_alt":null,"siteground_optimizer_is_optimized":null,"siteground_optimizer_webp_conversion_failed":null,"_elementor_source_image_hash":null,"siteground_optimizer_compression_level":null,"_elementor_inline_svg":null,"_imagify_optimization_level":null,"_imagify_status":null,"_imagify_data":null,"siteground_optimizer_original_filesize":null,"wpse_external_file_url":null,"fave_currency":null,"fave_currency_info":null,"fave_property_id":null,"fave_property_map":null,"fave_property_location":null,"houzez_geolocation_lat":null,"houzez_geolocation_long":null,"fave_property_map_street_view":null,"fave_featured":null,"fave_loggedintoview":null,"fave_agent_display_option":null,"fave_prop_homeslider":null,"fave_single_top_area":null,"fave_single_content_area":null,"_yoast_wpseo_primary_property_type":null,"_yoast_wpseo_primary_property_feature":null,"_yoast_wpseo_primary_property_label":null,"_yoast_wpseo_primary_property_country":null,"houzez_manual_expire":null,"_houzez_expiration_date_status":null,"houzez_total_property_views":null,"houzez_views_by_date":null,"houzez_recently_viewed":null,"fave_property_price":null,"fave_property_price_prefix":null,"fave_property_size":null,"fave_property_bathrooms":null,"fave_property_garage":null,"fave_levels":null,"fave_roof-type":null,"fave_construction-type":null,"fave_video_url":null,"fave_video_image":null,"fave_payment_status":null,"fave_property_agency":null,"fave_countries":null,"fave_sleeps":null,"_yoast_wpseo_primary_property_status":null,"fave_property_images":null,"fave_attachments":null,"technical_description":null,"houzez_featured_listing_date":null,"fave_property_size_prefix":null,"fave_property_bedrooms":null,"fave_property_price_postfix":null,"fave_production-time-in-weeks":null,"fave_building-time-in-days":null,"fave_window-glazing":null,"_yoast_wpseo_primary_feature-2":null,"_yoast_wpseo_primary_feature-3":null,"fave_warranty-in-years":null,"fave_property_land":null,"fave_property_land_postfix":null,"wpsebeba57d406-00de-d339-8c02-3956a916f506":null,"_oembed_eefb35903900c5c166d55ccf7fc62a8a":null,"_oembed_30948e80c1a853da0b519e72c40d2e13":null,"_oembed_0b78a31d7c7e6041adc064d46c40f98b":null,"_oembed_42c2c13b5902a21593b1d521556aea88":null,"_oembed_4fb58e495f37e206f97738a42dbe566f":null,"_oembed_b2828bee61bd9076cd21ece641de7abc":null,"_oembed_0c92428c960763e658977ce4918863f4":null,"_oembed_02b72dc3d26bdba6ff900a268ade2517":null,"_oembed_8c819834f7fc0b74364aa34a8193f46f":null,"_oembed_088962b77808b37d57abe5c8143f9652":null,"_oembed_dfae0e674c59ba061a82b330fc7fdea0":null,"_oembed_74e5075f66c4cd04b0e118feb24f6636":null,"fave_mortgage_cal":null,"_air_wp_sync_record_id":null,"_air_wp_sync_hash":null,"_air_wp_sync_importer_id":null,"_air_wp_sync_updated_at":null,"external_listing_link":null,"fave_property_map_address":null,"fave_multi_units_ids":null,"$wpml_language$":null,"fave_virtual_tour":null,"fave_gross-external-area":null,"_houzez_expiration_date":null,"_houzez_expiration_date_options":null,"floor_plans":null,"_oembed_a17db82fa378d53b4dc6ed46e5344499":null,"_oembed_da390569a339f4d7147d95cfb8c04c12":null,"_oembed_6a3eda5947bcc098660397ca8e21a941":null,"fave_roof-angle":null,"fave_seo-content":null,"_oembed_a7b8941eeee966e7350aede20b4d62be":null,"_oembed_time_a7b8941eeee966e7350aede20b4d62be":null,"additional_features":null,"fave_multi_units":null,"_oembed_716f56b62500685a7dd15ea2ec7579bd":null,"_oembed_time_716f56b62500685a7dd15ea2ec7579bd":null,"_oembed_8ececd3dd2598a4aedb5dfc82df2a0f6":null,"_oembed_time_8ececd3dd2598a4aedb5dfc82df2a0f6":null,"_oembed_4cef7884ea6ef16d48cd8675b12e440d":null,"fave_property_garage_size":null,"_oembed_5c1eaf7b40f4e3a3089b38beb88ba480":null,"fave_property_zip":null,"_oembed_ccdd6e0304386ece64b3b91f572b0be4":null,"_oembed_ae30d19e3e861b389146a1ccc2828104":null,"fave_property_rooms":null,"fave_property_year":null,"two_page_speed":null,"fave_year_established":null,"Status":null,"_oembed_5b2d8d2cf33b469c98e488ea5b118c30":null,"WPML Language Code":null,"_links":{"self":[{"href":"https:\/\/staging.spassio.com\/sv\/wp-json\/wp\/v2\/pages\/77833","targetHints":{"allow":["GET"]}}],"collection":[{"href":"https:\/\/staging.spassio.com\/sv\/wp-json\/wp\/v2\/pages"}],"about":[{"href":"https:\/\/staging.spassio.com\/sv\/wp-json\/wp\/v2\/types\/page"}],"author":[{"embeddable":true,"href":"https:\/\/staging.spassio.com\/sv\/wp-json\/wp\/v2\/users\/194"}],"replies":[{"embeddable":true,"href":"https:\/\/staging.spassio.com\/sv\/wp-json\/wp\/v2\/comments?post=77833"}],"version-history":[{"count":0,"href":"https:\/\/staging.spassio.com\/sv\/wp-json\/wp\/v2\/pages\/77833\/revisions"}],"wp:featuredmedia":[{"embeddable":true,"href":"https:\/\/staging.spassio.com\/sv\/wp-json\/wp\/v2\/media\/77836"}],"wp:attachment":[{"href":"https:\/\/staging.spassio.com\/sv\/wp-json\/wp\/v2\/media?parent=77833"}],"curies":[{"name":"wp","href":"https:\/\/api.w.org\/{rel}","templated":true}]}}