{"id":77839,"date":"2023-01-22T11:29:28","date_gmt":"2023-01-22T10:29:28","guid":{"rendered":"https:\/\/staging.spassio.com\/?page_id=77839"},"modified":"2024-04-22T13:46:27","modified_gmt":"2024-04-22T12:46:27","slug":"valja-tillverkare-prefabricerade-hus","status":"publish","type":"page","link":"https:\/\/staging.spassio.com\/sv\/valja-tillverkare-prefabricerade-hus\/","title":{"rendered":"Hur man v\u00e4ljer en tillverkare av prefabricerade hus"},"content":{"rendered":"<p>Processen att <strong>v\u00e4lja r\u00e4tt prefabtillverkare<\/strong> f\u00f6r ditt projekt b\u00f6rjar med att j\u00e4mf\u00f6ra olika f\u00f6retag och utv\u00e4rdera vilka som kan tillhandah\u00e5lla det hus du letar efter.<\/p>\n<p>Eftersom prefabricerade hus byggs enligt en h\u00f6gt mekaniserad process, \u00e4r huset utformat med tanke p\u00e5 tillverkningen. N\u00e4r du v\u00e4ljer ett prefabf\u00f6retag v\u00e4ljer du d\u00e4rf\u00f6r ett komplett team av arkitekter, designers och byggare, vilket g\u00f6r detta val till ett kritiskt steg i processen f\u00f6r att bygga ett prefabricerat hus.<\/p>\n<figure id=\"attachment_33325\" aria-describedby=\"caption-attachment-33325\" style=\"width: 1024px\" class=\"wp-caption alignnone\"><img fetchpriority=\"high\" decoding=\"async\" class=\"wp-image-33325 size-large\" src=\"https:\/\/staging.spassio.com\/wp-content\/uploads\/2023\/01\/choose-prefab-manufacturer-1024x768.jpg\" alt=\"V\u00e4lj tillverkare av prefabricerade hus\" width=\"1024\" height=\"768\" srcset=\"https:\/\/staging.spassio.com\/wp-content\/uploads\/2023\/01\/choose-prefab-manufacturer-1024x768.jpg 1024w, https:\/\/staging.spassio.com\/wp-content\/uploads\/2023\/01\/choose-prefab-manufacturer-300x225.jpg 300w, https:\/\/staging.spassio.com\/wp-content\/uploads\/2023\/01\/choose-prefab-manufacturer-768x576.jpg 768w, https:\/\/staging.spassio.com\/wp-content\/uploads\/2023\/01\/choose-prefab-manufacturer-1536x1152.jpg 1536w, https:\/\/staging.spassio.com\/wp-content\/uploads\/2023\/01\/choose-prefab-manufacturer-592x444.jpg 592w, https:\/\/staging.spassio.com\/wp-content\/uploads\/2023\/01\/choose-prefab-manufacturer-584x438.jpg 584w, https:\/\/staging.spassio.com\/wp-content\/uploads\/2023\/01\/choose-prefab-manufacturer-800x600.jpg 800w, https:\/\/staging.spassio.com\/wp-content\/uploads\/2023\/01\/choose-prefab-manufacturer-120x90.jpg 120w, https:\/\/staging.spassio.com\/wp-content\/uploads\/2023\/01\/choose-prefab-manufacturer-496x372.jpg 496w, https:\/\/staging.spassio.com\/wp-content\/uploads\/2023\/01\/choose-prefab-manufacturer.jpg 1600w\" sizes=\"(max-width: 1024px) 100vw, 1024px\" \/><figcaption id=\"caption-attachment-33325\" class=\"wp-caption-text\">Fig. 1. Insyn i Modern Modulartillverkningsfabrik<\/figcaption><\/figure>\n<h2>Titta p\u00e5 vilken typ av hus tillverkaren erbjuder<\/h2>\n<p>Med tanke p\u00e5 mekaniseringen av prefabriceringsprocessen tenderar tillverkarna att vara ganska specialiserade. D\u00e4rf\u00f6r h\u00e5ller de sig i allm\u00e4nhet till en viss estetik och typ av prefabricerade hus.<\/p>\n<p>Processen att v\u00e4lja en tillverkare b\u00f6rjar med att f\u00f6rst\u00e5 vilken typ av hus vi letar efter och j\u00e4mf\u00f6ra det med vad tillverkaren erbjuder:<\/p>\n<ul>\n<li>Den allm\u00e4nna estetiken: De flesta av de hus som erbjuds av varje tillverkare \u00e4r byggda med samma arkitektoniska stil. Vissa tillverkare v\u00e4ljer att bygga sina hus med ett traditionellt utseende, andra v\u00e4ljer en rustik stil, och andra kanske f\u00f6redrar att designa moderna hus. En snabb genombl\u00e4ddring av ett <a href=\"https:\/\/staging.spassio.com\/manufacturers\/\">f\u00f6retags profil<\/a> ger dig en uppfattning om tillverkarens allm\u00e4nna estetik.<\/li>\n<li>Prefabricerade hus p\u00e5 fundament eller hjul: De flesta tillverkare konstruerar sina prefabricerade hus f\u00f6r att byggas utanf\u00f6r anl\u00e4ggningen men monteras p\u00e5 en permanent grund. D\u00e4rf\u00f6r skiljer sig huset inte fr\u00e5n en traditionellt byggd struktur och kr\u00e4ver bygglov. Vissa tillverkare erbjuder dock ett alternativ som ist\u00e4llet \u00e4r placerat p\u00e5 hjul. Dessa prefabricerade hus liknar snarare en husvagn \u00e4n en traditionell byggnad och kan vanligtvis k\u00f6pas utan bygglov.<\/li>\n<li>F\u00f6rdesignade eller skr\u00e4ddarsydda projekt: Tillverkare kan erbjuda tv\u00e5 designalternativ: <a href=\"https:\/\/staging.spassio.com\/manufacturer\/nomad-container\/\">f\u00f6rdesignade eller skr\u00e4<\/a>ddarsydda. F\u00f6rdesignade prefabricerade element visas i en katalogliknande lista som kunden kan v\u00e4lja mellan, medan skr\u00e4ddarsydda prefabricerade element designas fr\u00e5n grunden av tillverkaren i enlighet med kundens unika specifikationer. Vissa tillverkare \u00e4r utrustade f\u00f6r att tillhandah\u00e5lla b\u00e5da alternativen, men de flesta fokuserar p\u00e5 endera av dessa.<\/li>\n<\/ul>\n<h2>Se vad som ing\u00e5r i tillverkarens paket<\/h2>\n<p>Alla tillverkare designar och bygger sina hus i en fabriksliknande milj\u00f6. Vilka delar och tj\u00e4nster som ing\u00e5r i deras paket kan dock variera enormt fr\u00e5n en tillverkare till en annan.<\/p>\n<p>N\u00e4r man v\u00e4ljer tillverkare \u00e4r det viktigt att se de paketm\u00f6jligheter som varje tillverkare erbjuder f\u00f6r att veta vilken som fungerar b\u00e4st f\u00f6r oss.<\/p>\n<ul>\n<li>Husets paket: Prefabricerade hus kan levereras antingen fullt m\u00f6blerade precis som <a href=\"https:\/\/staging.spassio.com\/models\/keu-mobile-home-keu\/\">Keu<\/a> som \u00e4r redo att bebos eller som ett tomt fungerande hus som v\u00e4ntar p\u00e5 att inredas av \u00e4garen. Analysera vilket alternativ som passar dig b\u00e4st och se vilken tillverkare som erbjuder det alternativ du f\u00f6redrar. De flesta av de element som ing\u00e5r i huspaketet kan skr\u00e4ddarsys. M\u00e4ngden anpassningar varierar dock fr\u00e5n ett f\u00f6retag till ett annat eftersom det kan r\u00f6ra sig om allt fr\u00e5n att anpassa ytbehandlingen till att uppgradera till material av h\u00f6gre kvalitet eller till och med att designa hela huset fr\u00e5n grunden.<\/li>\n<li>Logistik: I allm\u00e4nhet hanteras transporten av den prefabricerade enheten till tomten, liksom dess montering p\u00e5 fundamenten av tillverkaren. Men det \u00e4r inte alltid fallet. Att verifiera att ett team som tillhandah\u00e5lls av tillverkaren kommer att vara p\u00e5 plats f\u00f6r att montera huset kan g\u00f6ra stor skillnad.<\/li>\n<li>Markberedning och arbeten p\u00e5 plats: Vanligtvis tillhandah\u00e5ller tillverkare inte s\u00e5dana tj\u00e4nster. Som ett resultat kr\u00e4vs ytterligare yrkesverksamma som en lokal entrepren\u00f6r f\u00f6r att f\u00f6rbereda marken och slutf\u00f6ra byggnadsarbetena p\u00e5 plats. Vissa tillverkare, t.ex. <a href=\"https:\/\/staging.spassio.com\/manufacturer\/vmodul\/\">VMODUL<\/a> v\u00e4lja att ut\u00f6ka sitt paket och ta hand om varje steg, fr\u00e5n att skaffa bygglov till markberedning och slutf\u00f6rande av arbetet p\u00e5 plats. I allm\u00e4nhet ing\u00e5r inte arbeten som landskapsarkitektur, tr\u00e4dg\u00e5rdssk\u00f6tsel och poolbygge i tillverkarnas utbud, men vi uppmuntrar dig att kontakta dem eftersom det \u00e4r det b\u00e4sta s\u00e4ttet att f\u00e5 veta vad de kan g\u00f6ra f\u00f6r dig.<\/li>\n<\/ul>\n<figure id=\"attachment_33324\" aria-describedby=\"caption-attachment-33324\" style=\"width: 1024px\" class=\"wp-caption alignnone\"><img decoding=\"async\" class=\"wp-image-33324 size-large\" src=\"https:\/\/staging.spassio.com\/wp-content\/uploads\/2023\/01\/transportation-koleliba-prefab-house-1024x768.jpg\" alt=\"Transport av ett prefabricerat hus fr\u00e5n Koleliba \" width=\"1024\" height=\"768\" srcset=\"https:\/\/staging.spassio.com\/wp-content\/uploads\/2023\/01\/transportation-koleliba-prefab-house-1024x768.jpg 1024w, https:\/\/staging.spassio.com\/wp-content\/uploads\/2023\/01\/transportation-koleliba-prefab-house-300x225.jpg 300w, https:\/\/staging.spassio.com\/wp-content\/uploads\/2023\/01\/transportation-koleliba-prefab-house-768x576.jpg 768w, https:\/\/staging.spassio.com\/wp-content\/uploads\/2023\/01\/transportation-koleliba-prefab-house-1536x1152.jpg 1536w, https:\/\/staging.spassio.com\/wp-content\/uploads\/2023\/01\/transportation-koleliba-prefab-house-592x444.jpg 592w, https:\/\/staging.spassio.com\/wp-content\/uploads\/2023\/01\/transportation-koleliba-prefab-house-584x438.jpg 584w, https:\/\/staging.spassio.com\/wp-content\/uploads\/2023\/01\/transportation-koleliba-prefab-house-800x600.jpg 800w, https:\/\/staging.spassio.com\/wp-content\/uploads\/2023\/01\/transportation-koleliba-prefab-house-120x90.jpg 120w, https:\/\/staging.spassio.com\/wp-content\/uploads\/2023\/01\/transportation-koleliba-prefab-house-496x372.jpg 496w, https:\/\/staging.spassio.com\/wp-content\/uploads\/2023\/01\/transportation-koleliba-prefab-house.jpg 1600w\" sizes=\"(max-width: 1024px) 100vw, 1024px\" \/><figcaption id=\"caption-attachment-33324\" class=\"wp-caption-text\">Fig. 2. Transport av en <a href=\"https:\/\/staging.spassio.com\/manufacturer\/koleliba\/\">Koleliba<\/a> prefabricerat hus fr\u00e5n tillverkaren till tomten<\/figcaption><\/figure>\n<h2>Se till att tillverkaren kan leverera till dig<\/h2>\n<p>En tillverkare som kan leverera den typ av hus du letar efter med de specifika egenskaper som \u00e4r viktiga f\u00f6r dig \u00e4r definitivt ett bra val. N\u00e5gra ytterligare aspekter kan dock g\u00f6ra ett bra tillverkarval till det b\u00e4sta valet.<\/p>\n<ul>\n<li>M\u00f6jlighet att bes\u00f6ka en redan byggd prefabricerad modell: Vissa f\u00f6retag som t.ex. <a href=\"https:\/\/staging.spassio.com\/manufacturer\/suuna\/\">\u0160uuna<\/a> erbjuder denna extra kundtj\u00e4nst f\u00f6r att hj\u00e4lpa dig att f\u00e5 en tydlig uppfattning om hur det f\u00e4rdiga utrymmet ser ut.<\/li>\n<li>Exceptionella garantipolicys och underh\u00e5llstj\u00e4nster: Alla prefabf\u00f6retag erbjuder n\u00e5gon form av produktgaranti, \u00e4ven om deras policyer varierar enormt. Varaktigheten av denna period \u00e4r olika f\u00f6r olika delar av huset, strukturen \u00e4r alltid den l\u00e4ngsta. Titta p\u00e5 tillverkare med b\u00e4ttre t\u00e4ckning som erbjuder underh\u00e5lls- och reparationstj\u00e4nster inte bara under garantiperioden utan \u00e4ven efter att den l\u00f6pt ut.<\/li>\n<li>L\u00e5ng erfarenhet i branschen: \u00c4ven om m\u00e5nga \u00e5rs verksamhet inte n\u00f6dv\u00e4ndigtvis \u00e4r ett bevis p\u00e5 excellens, desto fler projekt ett f\u00f6retag har levererat desto l\u00e4gre \u00e4r sannolikheten att st\u00f6ta p\u00e5 ov\u00e4ntade problem under byggandet av ditt nya hus.<\/li>\n<li>Utm\u00e4rkt rykte: Ett av de mest anv\u00e4ndbara s\u00e4tten att f\u00e5 veta om du v\u00e4ljer en v\u00e4lrenommerad tillverkare \u00e4r att l\u00e4sa tidigare kunders omd\u00f6men. Dessutom har vissa f\u00f6retag, t.ex. <a href=\"https:\/\/staging.spassio.com\/manufacturer\/brette-haus\/\">Brette Haus<\/a> och <a href=\"https:\/\/staging.spassio.com\/manufacturer\/nomad-container\/\">Nomad Container<\/a> har bel\u00f6nats eller uppm\u00e4rksammats av olika medier, vilket kan vara ett tecken p\u00e5 tillf\u00f6rlitlighet.<\/li>\n<\/ul>\n","protected":false},"excerpt":{"rendered":"<p>Processen att v\u00e4lja r\u00e4tt prefabtillverkare f\u00f6r ditt projekt b\u00f6rjar med att j\u00e4mf\u00f6ra olika f\u00f6retag och utv\u00e4rdera vilka som kan tillhandah\u00e5lla det hus du letar efter. Eftersom prefabricerade hus byggs enligt en h\u00f6gt mekaniserad process, \u00e4r huset utformat med tanke p\u00e5 tillverkningen. N\u00e4r du v\u00e4ljer ett prefabf\u00f6retag v\u00e4ljer du d\u00e4rf\u00f6r ett komplett team av arkitekter, designers [&hellip;]<\/p>\n","protected":false},"author":194,"featured_media":77841,"parent":0,"menu_order":0,"comment_status":"closed","ping_status":"closed","template":"","meta":{"content-type":"","_FSMCFIC_featured_image_caption":"","_FSMCFIC_featured_image_nocaption":"","_FSMCFIC_featured_image_hide":"","footnotes":""},"class_list":["post-77839","page","type-page","status-publish","has-post-thumbnail","hentry"],"_wp_attached_file":null,"_wp_attachment_metadata":null,"_wp_attachment_backup_sizes":null,"siteground_optimizer_webp_conversion_attempts":null,"siteground_optimizer_is_converted_to_webp":null,"siteground_optimizer_optimization_attempts":null,"siteground_optimizer_optimization_failed":null,"wpml_media_processed":null,"_wp_attachment_image_alt":null,"siteground_optimizer_is_optimized":null,"siteground_optimizer_webp_conversion_failed":null,"_elementor_source_image_hash":null,"siteground_optimizer_compression_level":null,"_elementor_inline_svg":null,"_imagify_optimization_level":null,"_imagify_status":null,"_imagify_data":null,"siteground_optimizer_original_filesize":null,"wpse_external_file_url":null,"fave_currency":null,"fave_currency_info":null,"fave_property_id":null,"fave_property_map":null,"fave_property_location":null,"houzez_geolocation_lat":null,"houzez_geolocation_long":null,"fave_property_map_street_view":null,"fave_featured":null,"fave_loggedintoview":null,"fave_agent_display_option":null,"fave_prop_homeslider":null,"fave_single_top_area":null,"fave_single_content_area":null,"_yoast_wpseo_primary_property_type":null,"_yoast_wpseo_primary_property_feature":null,"_yoast_wpseo_primary_property_label":null,"_yoast_wpseo_primary_property_country":null,"houzez_manual_expire":null,"_houzez_expiration_date_status":null,"houzez_total_property_views":null,"houzez_views_by_date":null,"houzez_recently_viewed":null,"fave_property_price":null,"fave_property_price_prefix":null,"fave_property_size":null,"fave_property_bathrooms":null,"fave_property_garage":null,"fave_levels":null,"fave_roof-type":null,"fave_construction-type":null,"fave_video_url":null,"fave_video_image":null,"fave_payment_status":null,"fave_property_agency":null,"fave_countries":null,"fave_sleeps":null,"_yoast_wpseo_primary_property_status":null,"fave_property_images":null,"fave_attachments":null,"technical_description":null,"houzez_featured_listing_date":null,"fave_property_size_prefix":null,"fave_property_bedrooms":null,"fave_property_price_postfix":null,"fave_production-time-in-weeks":null,"fave_building-time-in-days":null,"fave_window-glazing":null,"_yoast_wpseo_primary_feature-2":null,"_yoast_wpseo_primary_feature-3":null,"fave_warranty-in-years":null,"fave_property_land":null,"fave_property_land_postfix":null,"wpsebeba57d406-00de-d339-8c02-3956a916f506":null,"_oembed_eefb35903900c5c166d55ccf7fc62a8a":null,"_oembed_30948e80c1a853da0b519e72c40d2e13":null,"_oembed_0b78a31d7c7e6041adc064d46c40f98b":null,"_oembed_42c2c13b5902a21593b1d521556aea88":null,"_oembed_4fb58e495f37e206f97738a42dbe566f":null,"_oembed_b2828bee61bd9076cd21ece641de7abc":null,"_oembed_0c92428c960763e658977ce4918863f4":null,"_oembed_02b72dc3d26bdba6ff900a268ade2517":null,"_oembed_8c819834f7fc0b74364aa34a8193f46f":null,"_oembed_088962b77808b37d57abe5c8143f9652":null,"_oembed_dfae0e674c59ba061a82b330fc7fdea0":null,"_oembed_74e5075f66c4cd04b0e118feb24f6636":null,"fave_mortgage_cal":null,"_air_wp_sync_record_id":null,"_air_wp_sync_hash":null,"_air_wp_sync_importer_id":null,"_air_wp_sync_updated_at":null,"external_listing_link":null,"fave_property_map_address":null,"fave_multi_units_ids":null,"$wpml_language$":null,"fave_virtual_tour":null,"fave_gross-external-area":null,"_houzez_expiration_date":null,"_houzez_expiration_date_options":null,"floor_plans":null,"_oembed_a17db82fa378d53b4dc6ed46e5344499":null,"_oembed_da390569a339f4d7147d95cfb8c04c12":null,"_oembed_6a3eda5947bcc098660397ca8e21a941":null,"fave_roof-angle":null,"fave_seo-content":null,"_oembed_a7b8941eeee966e7350aede20b4d62be":null,"_oembed_time_a7b8941eeee966e7350aede20b4d62be":null,"additional_features":null,"fave_multi_units":null,"_oembed_716f56b62500685a7dd15ea2ec7579bd":null,"_oembed_time_716f56b62500685a7dd15ea2ec7579bd":null,"_oembed_8ececd3dd2598a4aedb5dfc82df2a0f6":null,"_oembed_time_8ececd3dd2598a4aedb5dfc82df2a0f6":null,"_oembed_4cef7884ea6ef16d48cd8675b12e440d":null,"fave_property_garage_size":null,"_oembed_5c1eaf7b40f4e3a3089b38beb88ba480":null,"fave_property_zip":null,"_oembed_ccdd6e0304386ece64b3b91f572b0be4":null,"_oembed_ae30d19e3e861b389146a1ccc2828104":null,"fave_property_rooms":null,"fave_property_year":null,"two_page_speed":null,"fave_year_established":null,"Status":null,"_oembed_5b2d8d2cf33b469c98e488ea5b118c30":null,"WPML Language Code":null,"_links":{"self":[{"href":"https:\/\/staging.spassio.com\/sv\/wp-json\/wp\/v2\/pages\/77839","targetHints":{"allow":["GET"]}}],"collection":[{"href":"https:\/\/staging.spassio.com\/sv\/wp-json\/wp\/v2\/pages"}],"about":[{"href":"https:\/\/staging.spassio.com\/sv\/wp-json\/wp\/v2\/types\/page"}],"author":[{"embeddable":true,"href":"https:\/\/staging.spassio.com\/sv\/wp-json\/wp\/v2\/users\/194"}],"replies":[{"embeddable":true,"href":"https:\/\/staging.spassio.com\/sv\/wp-json\/wp\/v2\/comments?post=77839"}],"version-history":[{"count":0,"href":"https:\/\/staging.spassio.com\/sv\/wp-json\/wp\/v2\/pages\/77839\/revisions"}],"wp:featuredmedia":[{"embeddable":true,"href":"https:\/\/staging.spassio.com\/sv\/wp-json\/wp\/v2\/media\/77841"}],"wp:attachment":[{"href":"https:\/\/staging.spassio.com\/sv\/wp-json\/wp\/v2\/media?parent=77839"}],"curies":[{"name":"wp","href":"https:\/\/api.w.org\/{rel}","templated":true}]}}