{"id":77847,"date":"2023-02-19T17:06:24","date_gmt":"2023-02-19T16:06:24","guid":{"rendered":"https:\/\/staging.spassio.com\/?page_id=77847"},"modified":"2024-04-22T13:47:27","modified_gmt":"2024-04-22T12:47:27","slug":"nyckelfardigt-prefabricerat-hus","status":"publish","type":"page","link":"https:\/\/staging.spassio.com\/sv\/nyckelfardigt-prefabricerat-hus\/","title":{"rendered":"Vad \u00e4r ett nyckelf\u00e4rdigt prefabricerat hus?"},"content":{"rendered":"<p>Ett <strong>nyckelf\u00e4rdigt prefabricerat<\/strong> hus definieras som ett hus som levereras till dig helt f\u00e4rdigt och redo att anv\u00e4ndas. Begreppet nyckelf\u00e4rdigt leder dock ofta till f\u00f6rvirring eftersom synen p\u00e5 ett helt f\u00e4rdigt hus varierar enormt fr\u00e5n en tillverkare till en annan.<\/p>\n<p>Den fr\u00e4msta anledningen till att tillverkare erbjuder en nyckelf\u00e4rdig leverans \u00e4r att f\u00f6renkla ink\u00f6ps- och byggprocessen f\u00f6r kunden och \u00e4ven om de artiklar eller tj\u00e4nster som de v\u00e4ljer att ut\u00f6ka med varierar fr\u00e5n f\u00f6retag till f\u00f6retag finns det ett grundpaket som alltid kan f\u00f6rv\u00e4ntas \u00e4ven om det ser lite annorlunda ut.<\/p>\n<h2>Vad kan du f\u00f6rv\u00e4nta dig av ett nyckelf\u00e4rdigt prefabricerat hus?<\/h2>\n<p>Trots de olika tolkningarna av termen nyckelf\u00e4rdig kan du alltid f\u00f6rv\u00e4nta dig att en nyckelf\u00e4rdig prefab \u00e4r utrustad p\u00e5 ett s\u00e5dant s\u00e4tt att inga byggnadsarbeten beh\u00f6vs n\u00e4r huset levereras till dig.<\/p>\n<h3>Det grundl\u00e4ggande nyckelf\u00e4rdiga paketet<\/h3>\n<p>Paketet som erbjuds \u00e4r unikt och olika f\u00f6r varje tillverkare, men det finns vissa element som \u00e4r konstanta och alltid kan f\u00f6rv\u00e4ntas bland alla nyckelf\u00e4rdiga prefabricerade hus. De element som anges nedan garanterar att huset \u00e4r f\u00e4rdigt och utan behov av ytterligare byggnadsarbeten. D\u00e4rf\u00f6r ing\u00e5r dessa alltid i en nyckelf\u00e4rdig prefab.<\/p>\n<ul>\n<li><strong>Fast<\/strong> inredning: Fast inredning \u00e4r de m\u00f6bler som \u00e4r integrerade i husets konstruktion och som inte kan flyttas fritt. De minsta inventarier som ing\u00e5r i alla nyckelf\u00e4rdiga prefabricerade hus \u00e4r badrums- och k\u00f6kssk\u00e5p samt b\u00e4nkskivor.<\/li>\n<li>Inv\u00e4ndiga <strong>ytskikt<\/strong>: Du b\u00f6r f\u00f6rv\u00e4nta dig att golven \u00e4r perfekt f\u00e4rdiga med antingen kakel eller tr\u00e4golv enligt ditt materialval. V\u00e4ggarna levereras ocks\u00e5 helt f\u00e4rdiga med alla n\u00f6dv\u00e4ndiga str\u00f6mbrytare och uttag installerade. Det \u00e4r dock inte alla nyckelf\u00e4rdiga prefabhus som levereras med m\u00e5lade innerv\u00e4ggar.<\/li>\n<li><strong>Exteri\u00f6r finish<\/strong>: Exteri\u00f6ren p\u00e5 en nyckelf\u00e4rdig prefab ser helt f\u00e4rdig ut eftersom den inneh\u00e5ller alla n\u00f6dv\u00e4ndiga sidosp\u00e5r, takpannor, d\u00f6rrar och f\u00f6nster.<\/li>\n<li><strong>El och VVS<\/strong>: Absolut alla nyckelf\u00e4rdiga prefabricerade hus levereras med alla n\u00f6dv\u00e4ndiga el- och VVS-arbeten f\u00e4rdigst\u00e4llda. Huset \u00e4r alltid perfekt installerat, med gasledningar om det beh\u00f6vs och alla VVS-kanaler, samt VVS-fixturer som handfat, toaletter eller duschar installerade och redo att anv\u00e4ndas.<\/li>\n<li><strong>Belysning och lampor<\/strong>: \u00c4ven om du inte b\u00f6r f\u00f6rv\u00e4nta dig att huset ska inneh\u00e5lla frist\u00e5ende omgivnings- eller fokuslampor, ing\u00e5r alltid allm\u00e4nbelysning, eftersom den tillhandah\u00e5lls av LED-lampor som \u00e4r integrerade i taket eller v\u00e4ggarna.<\/li>\n<\/ul>\n<h3>Huvudtj\u00e4nster som vanligtvis ing\u00e5r i ett nyckelf\u00e4rdigt prefabricerat hus<\/h3>\n<p>I allm\u00e4nhet definieras nyckelf\u00e4rdigt som de byggelement och ytbehandlingar som ing\u00e5r i huset. Det \u00e4r dock vanligt att <a href=\"https:\/\/staging.spassio.com\/manufacturers\/\">tillverkare<\/a> \u00e4ven inkluderar vissa tj\u00e4nster som bidrar till en stressfri husbyggnadsprocess.<\/p>\n<p>Eftersom termen prefab omfattar en m\u00e4ngd olika byggtyper kan de tj\u00e4nster som beh\u00f6vs f\u00f6r att slutf\u00f6ra byggprocessen skilja sig \u00e5t. De tj\u00e4nster som ing\u00e5r i i stort sett alla nyckelf\u00e4rdiga prefabricerade hus \u00e4r dock f\u00f6ljande:<\/p>\n<ul>\n<li><strong>Genomf\u00f6rbarhetsstudie<\/strong>: Detta \u00e4r en vanlig tj\u00e4nst som erbjuds av tillverkaren f\u00f6r att identifiera eventuella begr\u00e4nsningar p\u00e5 din fastighet som kan st\u00f6ra husleveransen eller installationen.<\/li>\n<li><strong>Design<\/strong> av hus: Alla tillverkare har ett designteam som hj\u00e4lper dig att anpassa ditt hus, oavsett om du v\u00e4ljer en f\u00f6rdesignad modell eller en skr\u00e4ddarsydd design. Designers och\/eller arkitekter som hj\u00e4lper dig att anpassa husets design till dina behov och din personliga stil erbjuder denna tj\u00e4nst.<\/li>\n<li>Tillverkning p\u00e5 annan <strong>plats<\/strong>: Utan tvekan kommer alla tillverkare att bygga huset p\u00e5 plats i en fabriksliknande milj\u00f6. Den levererade produkten inneh\u00e5ller alltid minst det minsta nyckelf\u00e4rdiga paketet.<\/li>\n<li><strong>Transport<\/strong>: Nyckelf\u00e4rdiga prefabricerade hus levereras oftast av tillverkaren oavsett avst\u00e5nd. Transportkostnaden ber\u00e4knas dock separat.<\/li>\n<li><strong>Montering och ytbehandling p\u00e5 plats<\/strong>: I de flesta fall monterar tillverkaren huset en g\u00e5ng p\u00e5 plats. De prefabricerade byggnader som kr\u00e4ver en mer noggrann montering, s\u00e5som <a href=\"https:\/\/staging.spassio.com\/categories\/panel-built-houses\/\">panelbyggnader<\/a> eller modulprojekt, beh\u00f6ver vissa slutarbeten som ocks\u00e5 tillhandah\u00e5lls av tillverkaren.<\/li>\n<\/ul>\n<h2>Vad vill du att din nyckelf\u00e4rdiga prefab ska inneh\u00e5lla?<\/h2>\n<p>Medan alla <strong>nyckelf\u00e4rdiga tillverkare<\/strong> levererar sina prefabricerade hus med grundpaket och tj\u00e4nster, ser detta erbjudande ganska olika ut f\u00f6r varje f\u00f6retag. Nedan har vi listat n\u00e5gra av de st\u00f6rsta f\u00f6retagen som erbjuder nyckelf\u00e4rdiga tj\u00e4nster i Europa och Storbritannien f\u00f6r att du ska f\u00e5 en uppfattning om hur nyckelf\u00e4rdiga tj\u00e4nster ser ut f\u00f6r dem alla.<\/p>\n<p><strong>Passion Smarta hus<\/strong><\/p>\n<figure id=\"attachment_33964\" aria-describedby=\"caption-attachment-33964\" style=\"width: 800px\" class=\"wp-caption alignnone\"><img fetchpriority=\"high\" decoding=\"async\" class=\"wp-image-33964 size-full\" src=\"https:\/\/staging.spassio.com\/wp-content\/uploads\/2023\/02\/passion-houses-turnkey-prefab.jpg\" alt=\"nyckelf\u00e4rdigt monteringsf\u00e4rdigt hus\" width=\"800\" height=\"536\" srcset=\"https:\/\/staging.spassio.com\/wp-content\/uploads\/2023\/02\/passion-houses-turnkey-prefab.jpg 800w, https:\/\/staging.spassio.com\/wp-content\/uploads\/2023\/02\/passion-houses-turnkey-prefab-300x201.jpg 300w, https:\/\/staging.spassio.com\/wp-content\/uploads\/2023\/02\/passion-houses-turnkey-prefab-768x515.jpg 768w, https:\/\/staging.spassio.com\/wp-content\/uploads\/2023\/02\/passion-houses-turnkey-prefab-496x332.jpg 496w\" sizes=\"(max-width: 800px) 100vw, 800px\" \/><figcaption id=\"caption-attachment-33964\" class=\"wp-caption-text\"><a href=\"https:\/\/staging.spassio.com\/manufacturer\/wamp-group\/\">Passion Smart Houses<\/a> \u00e4r baserat i Estland och optimerar sitt <strong>nyckelf\u00e4rdiga baspaket<\/strong> enligt standarder f\u00f6r energieffektivitet. F\u00f6r att g\u00f6ra detta anv\u00e4nds f\u00f6rstklassiga material, treglasf\u00f6nster och nordisk isolering. F\u00f6rutom de grundl\u00e4ggande nyckelf\u00e4rdiga elementen inkluderar denna tillverkare ett komplett HVAC-system med f\u00f6rdelen att vara redo att ansluta till solpaneler i framtiden om s\u00e5 \u00f6nskas.<\/figcaption><\/figure>\n<p>&nbsp;<\/p>\n<p><strong>Klein Haus<\/strong><\/p>\n<figure id=\"attachment_33965\" aria-describedby=\"caption-attachment-33965\" style=\"width: 800px\" class=\"wp-caption alignnone\"><img decoding=\"async\" class=\"wp-image-33965 size-full\" src=\"https:\/\/staging.spassio.com\/wp-content\/uploads\/2023\/02\/klein-house-turnkey-prefab.jpg\" alt=\"\" width=\"800\" height=\"600\" srcset=\"https:\/\/staging.spassio.com\/wp-content\/uploads\/2023\/02\/klein-house-turnkey-prefab.jpg 800w, https:\/\/staging.spassio.com\/wp-content\/uploads\/2023\/02\/klein-house-turnkey-prefab-300x225.jpg 300w, https:\/\/staging.spassio.com\/wp-content\/uploads\/2023\/02\/klein-house-turnkey-prefab-768x576.jpg 768w, https:\/\/staging.spassio.com\/wp-content\/uploads\/2023\/02\/klein-house-turnkey-prefab-592x444.jpg 592w, https:\/\/staging.spassio.com\/wp-content\/uploads\/2023\/02\/klein-house-turnkey-prefab-584x438.jpg 584w, https:\/\/staging.spassio.com\/wp-content\/uploads\/2023\/02\/klein-house-turnkey-prefab-120x90.jpg 120w, https:\/\/staging.spassio.com\/wp-content\/uploads\/2023\/02\/klein-house-turnkey-prefab-496x372.jpg 496w\" sizes=\"(max-width: 800px) 100vw, 800px\" \/><figcaption id=\"caption-attachment-33965\" class=\"wp-caption-text\">Det nederl\u00e4ndska f\u00f6retaget <a href=\"https:\/\/staging.spassio.com\/manufacturer\/kleinhaus\/\">Klein Haus<\/a> har som fr\u00e4msta m\u00e5l att erbjuda ett urval av moderna prefabricerade hus till ett rimligt pris och f\u00e4rdiga att installera. D\u00e4rf\u00f6r ut\u00f6kar de de nyckelf\u00e4rdiga tj\u00e4nster som erbjuds och inkluderar alla arbeten f\u00f6r att installera fundamenten. Dessutom \u00e4r huset fullt m\u00f6blerat och utrustat med v\u00e4rmesystem, vilket g\u00f6r det redo f\u00f6r kunden att flytta in n\u00e4r det v\u00e4l \u00e4r installerat.<\/figcaption><\/figure>\n<p>&nbsp;<\/p>\n<p><strong>Brette Haus<\/strong><\/p>\n<figure id=\"attachment_33966\" aria-describedby=\"caption-attachment-33966\" style=\"width: 800px\" class=\"wp-caption alignnone\"><img decoding=\"async\" class=\"wp-image-33966 size-full\" src=\"https:\/\/staging.spassio.com\/wp-content\/uploads\/2023\/02\/brette-haus-turnkey-prefab.jpg\" alt=\"\" width=\"800\" height=\"528\" srcset=\"https:\/\/staging.spassio.com\/wp-content\/uploads\/2023\/02\/brette-haus-turnkey-prefab.jpg 800w, https:\/\/staging.spassio.com\/wp-content\/uploads\/2023\/02\/brette-haus-turnkey-prefab-300x198.jpg 300w, https:\/\/staging.spassio.com\/wp-content\/uploads\/2023\/02\/brette-haus-turnkey-prefab-768x507.jpg 768w, https:\/\/staging.spassio.com\/wp-content\/uploads\/2023\/02\/brette-haus-turnkey-prefab-496x327.jpg 496w\" sizes=\"(max-width: 800px) 100vw, 800px\" \/><figcaption id=\"caption-attachment-33966\" class=\"wp-caption-text\"><a href=\"https:\/\/staging.spassio.com\/manufacturer\/brette-haus\/\">Brette Haus<\/a> \u00e4r en unik lettisk tillverkare vars utbud omfattar hopf\u00e4llbara prefabricerade hus. Att de \u00e4r vikbara \u00e4r dock mer \u00e4n en enskild egenskap, eftersom dessa konstruktioner \u00e4r t\u00e4nkta att monteras snabbt och enkelt. F\u00f6r att f\u00f6rst\u00e4rka dessa egenskaper erbjuder Brette House m\u00f6jligheten att k\u00f6pa ett <strong>nyckelf\u00e4rdigt hus<\/strong> som levereras till dig redan m\u00f6blerat.<\/figcaption><\/figure>\n<p>&nbsp;<\/p>\n<p><strong>Wee Hus<\/strong><\/p>\n<figure id=\"attachment_33967\" aria-describedby=\"caption-attachment-33967\" style=\"width: 800px\" class=\"wp-caption alignnone\"><img loading=\"lazy\" decoding=\"async\" class=\"wp-image-33967 size-full\" src=\"https:\/\/staging.spassio.com\/wp-content\/uploads\/2023\/02\/wee-house-turnkey-prefab.jpg\" alt=\"\" width=\"800\" height=\"532\" srcset=\"https:\/\/staging.spassio.com\/wp-content\/uploads\/2023\/02\/wee-house-turnkey-prefab.jpg 800w, https:\/\/staging.spassio.com\/wp-content\/uploads\/2023\/02\/wee-house-turnkey-prefab-300x200.jpg 300w, https:\/\/staging.spassio.com\/wp-content\/uploads\/2023\/02\/wee-house-turnkey-prefab-768x511.jpg 768w, https:\/\/staging.spassio.com\/wp-content\/uploads\/2023\/02\/wee-house-turnkey-prefab-496x330.jpg 496w\" sizes=\"(max-width: 800px) 100vw, 800px\" \/><figcaption id=\"caption-attachment-33967\" class=\"wp-caption-text\">The <a href=\"https:\/\/staging.spassio.com\/manufacturer\/the-wee-house-company\/\">Wee House<\/a> designar charmiga hus med traditionellt utseende och levererar dem till dig utan stress. De erbjuder flera kompletterande tj\u00e4nster f\u00f6r de kunder som \u00e4r baserade p\u00e5 det brittiska fastlandet, till exempel att ans\u00f6ka om planeringstillst\u00e5nd f\u00f6r din r\u00e4kning eller ta hand om de n\u00f6dv\u00e4ndiga arbetena p\u00e5 plats. F\u00f6rutom det omfattande servicepaketet inneh\u00e5ller dessa hus \u00e4ven v\u00e4rmesystem och vitvaror, alla smart utformade f\u00f6r att hj\u00e4lpa dig att minska din elr\u00e4kning.<\/figcaption><\/figure>\n<p>&nbsp;<\/p>\n<p><strong>Nomad Container<\/strong><\/p>\n<figure id=\"attachment_33968\" aria-describedby=\"caption-attachment-33968\" style=\"width: 800px\" class=\"wp-caption alignnone\"><img loading=\"lazy\" decoding=\"async\" class=\"wp-image-33968 size-full\" src=\"https:\/\/staging.spassio.com\/wp-content\/uploads\/2023\/02\/nomad-container-turnkey-prefab.jpg\" alt=\"\" width=\"800\" height=\"449\" srcset=\"https:\/\/staging.spassio.com\/wp-content\/uploads\/2023\/02\/nomad-container-turnkey-prefab.jpg 800w, https:\/\/staging.spassio.com\/wp-content\/uploads\/2023\/02\/nomad-container-turnkey-prefab-300x168.jpg 300w, https:\/\/staging.spassio.com\/wp-content\/uploads\/2023\/02\/nomad-container-turnkey-prefab-768x431.jpg 768w, https:\/\/staging.spassio.com\/wp-content\/uploads\/2023\/02\/nomad-container-turnkey-prefab-496x278.jpg 496w\" sizes=\"(max-width: 800px) 100vw, 800px\" \/><figcaption id=\"caption-attachment-33968\" class=\"wp-caption-text\"><a href=\"https:\/\/staging.spassio.com\/manufacturer\/nomad-container\/\">Nomad Container<\/a> \u00e4r en tillverkare baserad i Rum\u00e4nien som erbjuder nyckelf\u00e4rdiga leveransalternativ som en l\u00f6sning f\u00f6r att hj\u00e4lpa dig att optimera kostnaden f\u00f6r huset. Deras <strong>nyckelf\u00e4rdiga prefabricerade hem<\/strong> \u00e4r baserat p\u00e5 det grundl\u00e4ggande paketet och tj\u00e4nsterna, men de erbjuder h\u00f6g anpassning f\u00f6r att se till att det anpassar sig till dina behov.<\/figcaption><\/figure>\n<p><strong>Tini Living<\/strong><\/p>\n<figure id=\"attachment_33969\" aria-describedby=\"caption-attachment-33969\" style=\"width: 800px\" class=\"wp-caption alignnone\"><img loading=\"lazy\" decoding=\"async\" class=\"wp-image-33969 size-full\" src=\"https:\/\/staging.spassio.com\/wp-content\/uploads\/2023\/02\/tini-living-turnkey-prefab.jpg\" alt=\"\" width=\"800\" height=\"532\" srcset=\"https:\/\/staging.spassio.com\/wp-content\/uploads\/2023\/02\/tini-living-turnkey-prefab.jpg 800w, https:\/\/staging.spassio.com\/wp-content\/uploads\/2023\/02\/tini-living-turnkey-prefab-300x200.jpg 300w, https:\/\/staging.spassio.com\/wp-content\/uploads\/2023\/02\/tini-living-turnkey-prefab-768x511.jpg 768w, https:\/\/staging.spassio.com\/wp-content\/uploads\/2023\/02\/tini-living-turnkey-prefab-496x330.jpg 496w\" sizes=\"(max-width: 800px) 100vw, 800px\" \/><figcaption id=\"caption-attachment-33969\" class=\"wp-caption-text\"><a href=\"https:\/\/staging.spassio.com\/manufacturer\/tini\/\">Tini Living<\/a> erbjuder en mycket komplett nyckelf\u00e4rdig leverans som inkluderar vissa m\u00f6bler, s\u00e5som s\u00e4ngram med tillh\u00f6rande nattduksbord f\u00f6r ett komplett sovrum. Andra tillval, som ett integrerat kylsk\u00e5p eller v\u00e4rme- och kylsystem, \u00e4r ocks\u00e5 en del av det gener\u00f6sa paketet. Det som utm\u00e4rker de nyckelf\u00e4rdiga prefabricerade husen fr\u00e5n detta f\u00f6retag \u00e4r dock den extra solcellsanl\u00e4ggningen. Ytterligare tj\u00e4nster, som att bygga grunden p\u00e5 plats, finns ocks\u00e5 tillg\u00e4ngliga f\u00f6r de kunder som \u00e4r baserade i Madrid, Spanien.<\/figcaption><\/figure>\n<p>&nbsp;<\/p>\n<p><strong>Eestihouse<\/strong><\/p>\n<figure id=\"attachment_33971\" aria-describedby=\"caption-attachment-33971\" style=\"width: 800px\" class=\"wp-caption alignnone\"><img loading=\"lazy\" decoding=\"async\" class=\"wp-image-33971 size-full\" src=\"https:\/\/staging.spassio.com\/wp-content\/uploads\/2023\/02\/eestihouse-turnkey-prefab.jpg\" alt=\"\" width=\"800\" height=\"453\" srcset=\"https:\/\/staging.spassio.com\/wp-content\/uploads\/2023\/02\/eestihouse-turnkey-prefab.jpg 800w, https:\/\/staging.spassio.com\/wp-content\/uploads\/2023\/02\/eestihouse-turnkey-prefab-300x170.jpg 300w, https:\/\/staging.spassio.com\/wp-content\/uploads\/2023\/02\/eestihouse-turnkey-prefab-768x435.jpg 768w, https:\/\/staging.spassio.com\/wp-content\/uploads\/2023\/02\/eestihouse-turnkey-prefab-496x281.jpg 496w\" sizes=\"(max-width: 800px) 100vw, 800px\" \/><figcaption id=\"caption-attachment-33971\" class=\"wp-caption-text\">Detta estniska f\u00f6retag <a href=\"https:\/\/staging.spassio.com\/manufacturer\/eestihouse\/\">Eestihouse<\/a> har utformat sitt nyckelf\u00e4rdiga paket som en l\u00f6sning f\u00f6r att spara tid och pengar. Deras hus \u00e4r s\u00e4rskilt t\u00e4nkta som en tillflyktsort eller en investering f\u00f6r turistuthyrning som kan installeras snabbt, enkelt och till en l\u00e5g kostnad. D\u00e4rf\u00f6r inneh\u00e5ller deras nyckelf\u00e4rdiga paket ett helt f\u00e4rdigt hus med vissa m\u00f6bler som t.ex. s\u00e4ngramen.<\/figcaption><\/figure>\n<p>&nbsp;<\/p>\n<p><strong>L\u00e4gg till ett rum<\/strong><\/p>\n<figure id=\"attachment_33973\" aria-describedby=\"caption-attachment-33973\" style=\"width: 800px\" class=\"wp-caption alignnone\"><img loading=\"lazy\" decoding=\"async\" class=\"wp-image-33973 size-full\" src=\"https:\/\/staging.spassio.com\/wp-content\/uploads\/2023\/02\/addaroom-turnkey-prefab.jpg\" alt=\"\" width=\"800\" height=\"421\" srcset=\"https:\/\/staging.spassio.com\/wp-content\/uploads\/2023\/02\/addaroom-turnkey-prefab.jpg 800w, https:\/\/staging.spassio.com\/wp-content\/uploads\/2023\/02\/addaroom-turnkey-prefab-300x158.jpg 300w, https:\/\/staging.spassio.com\/wp-content\/uploads\/2023\/02\/addaroom-turnkey-prefab-768x404.jpg 768w, https:\/\/staging.spassio.com\/wp-content\/uploads\/2023\/02\/addaroom-turnkey-prefab-496x261.jpg 496w\" sizes=\"(max-width: 800px) 100vw, 800px\" \/><figcaption id=\"caption-attachment-33973\" class=\"wp-caption-text\"><a href=\"https:\/\/staging.spassio.com\/manufacturer\/add-a-room-as\/\">Add a Room<\/a> \u00e4r en dansk tillverkare som erbjuder nyckelf\u00e4rdiga tillval som en l\u00f6sning f\u00f6r att f\u00f6renkla husbyggnadsprocessen. F\u00f6r att g\u00f6ra det f\u00f6ljer de med sina kunder genom hela processen, fr\u00e5n det att de ritar huset till dess att det levereras. De tar hand om bygglovsans\u00f6kan \u00e5t dig och hj\u00e4lper till att samordna de olika yrkesgrupperna och sker p\u00e5 plats.<\/figcaption><\/figure>\n","protected":false},"excerpt":{"rendered":"<p>Ett nyckelf\u00e4rdigt prefabricerat hus definieras som ett hus som levereras till dig helt f\u00e4rdigt och redo att anv\u00e4ndas. Begreppet nyckelf\u00e4rdigt leder dock ofta till f\u00f6rvirring eftersom synen p\u00e5 ett helt f\u00e4rdigt hus varierar enormt fr\u00e5n en tillverkare till en annan. Den fr\u00e4msta anledningen till att tillverkare erbjuder en nyckelf\u00e4rdig leverans \u00e4r att f\u00f6renkla ink\u00f6ps- och [&hellip;]<\/p>\n","protected":false},"author":194,"featured_media":77849,"parent":0,"menu_order":0,"comment_status":"closed","ping_status":"closed","template":"","meta":{"content-type":"","_FSMCFIC_featured_image_caption":"","_FSMCFIC_featured_image_nocaption":"","_FSMCFIC_featured_image_hide":"","footnotes":""},"class_list":["post-77847","page","type-page","status-publish","has-post-thumbnail","hentry"],"_wp_attached_file":null,"_wp_attachment_metadata":null,"_wp_attachment_backup_sizes":null,"siteground_optimizer_webp_conversion_attempts":null,"siteground_optimizer_is_converted_to_webp":null,"siteground_optimizer_optimization_attempts":null,"siteground_optimizer_optimization_failed":null,"wpml_media_processed":null,"_wp_attachment_image_alt":null,"siteground_optimizer_is_optimized":null,"siteground_optimizer_webp_conversion_failed":null,"_elementor_source_image_hash":null,"siteground_optimizer_compression_level":null,"_elementor_inline_svg":null,"_imagify_optimization_level":null,"_imagify_status":null,"_imagify_data":null,"siteground_optimizer_original_filesize":null,"wpse_external_file_url":null,"fave_currency":null,"fave_currency_info":null,"fave_property_id":null,"fave_property_map":null,"fave_property_location":null,"houzez_geolocation_lat":null,"houzez_geolocation_long":null,"fave_property_map_street_view":null,"fave_featured":null,"fave_loggedintoview":null,"fave_agent_display_option":null,"fave_prop_homeslider":null,"fave_single_top_area":null,"fave_single_content_area":null,"_yoast_wpseo_primary_property_type":null,"_yoast_wpseo_primary_property_feature":null,"_yoast_wpseo_primary_property_label":null,"_yoast_wpseo_primary_property_country":null,"houzez_manual_expire":null,"_houzez_expiration_date_status":null,"houzez_total_property_views":null,"houzez_views_by_date":null,"houzez_recently_viewed":null,"fave_property_price":null,"fave_property_price_prefix":null,"fave_property_size":null,"fave_property_bathrooms":null,"fave_property_garage":null,"fave_levels":null,"fave_roof-type":null,"fave_construction-type":null,"fave_video_url":null,"fave_video_image":null,"fave_payment_status":null,"fave_property_agency":null,"fave_countries":null,"fave_sleeps":null,"_yoast_wpseo_primary_property_status":null,"fave_property_images":null,"fave_attachments":null,"technical_description":null,"houzez_featured_listing_date":null,"fave_property_size_prefix":null,"fave_property_bedrooms":null,"fave_property_price_postfix":null,"fave_production-time-in-weeks":null,"fave_building-time-in-days":null,"fave_window-glazing":null,"_yoast_wpseo_primary_feature-2":null,"_yoast_wpseo_primary_feature-3":null,"fave_warranty-in-years":null,"fave_property_land":null,"fave_property_land_postfix":null,"wpsebeba57d406-00de-d339-8c02-3956a916f506":null,"_oembed_eefb35903900c5c166d55ccf7fc62a8a":null,"_oembed_30948e80c1a853da0b519e72c40d2e13":null,"_oembed_0b78a31d7c7e6041adc064d46c40f98b":null,"_oembed_42c2c13b5902a21593b1d521556aea88":null,"_oembed_4fb58e495f37e206f97738a42dbe566f":null,"_oembed_b2828bee61bd9076cd21ece641de7abc":null,"_oembed_0c92428c960763e658977ce4918863f4":null,"_oembed_02b72dc3d26bdba6ff900a268ade2517":null,"_oembed_8c819834f7fc0b74364aa34a8193f46f":null,"_oembed_088962b77808b37d57abe5c8143f9652":null,"_oembed_dfae0e674c59ba061a82b330fc7fdea0":null,"_oembed_74e5075f66c4cd04b0e118feb24f6636":null,"fave_mortgage_cal":null,"_air_wp_sync_record_id":null,"_air_wp_sync_hash":null,"_air_wp_sync_importer_id":null,"_air_wp_sync_updated_at":null,"external_listing_link":null,"fave_property_map_address":null,"fave_multi_units_ids":null,"$wpml_language$":null,"fave_virtual_tour":null,"fave_gross-external-area":null,"_houzez_expiration_date":null,"_houzez_expiration_date_options":null,"floor_plans":null,"_oembed_a17db82fa378d53b4dc6ed46e5344499":null,"_oembed_da390569a339f4d7147d95cfb8c04c12":null,"_oembed_6a3eda5947bcc098660397ca8e21a941":null,"fave_roof-angle":null,"fave_seo-content":null,"_oembed_a7b8941eeee966e7350aede20b4d62be":null,"_oembed_time_a7b8941eeee966e7350aede20b4d62be":null,"additional_features":null,"fave_multi_units":null,"_oembed_716f56b62500685a7dd15ea2ec7579bd":null,"_oembed_time_716f56b62500685a7dd15ea2ec7579bd":null,"_oembed_8ececd3dd2598a4aedb5dfc82df2a0f6":null,"_oembed_time_8ececd3dd2598a4aedb5dfc82df2a0f6":null,"_oembed_4cef7884ea6ef16d48cd8675b12e440d":null,"fave_property_garage_size":null,"_oembed_5c1eaf7b40f4e3a3089b38beb88ba480":null,"fave_property_zip":null,"_oembed_ccdd6e0304386ece64b3b91f572b0be4":null,"_oembed_ae30d19e3e861b389146a1ccc2828104":null,"fave_property_rooms":null,"fave_property_year":null,"two_page_speed":null,"fave_year_established":null,"Status":null,"_oembed_5b2d8d2cf33b469c98e488ea5b118c30":null,"WPML Language Code":null,"_links":{"self":[{"href":"https:\/\/staging.spassio.com\/sv\/wp-json\/wp\/v2\/pages\/77847","targetHints":{"allow":["GET"]}}],"collection":[{"href":"https:\/\/staging.spassio.com\/sv\/wp-json\/wp\/v2\/pages"}],"about":[{"href":"https:\/\/staging.spassio.com\/sv\/wp-json\/wp\/v2\/types\/page"}],"author":[{"embeddable":true,"href":"https:\/\/staging.spassio.com\/sv\/wp-json\/wp\/v2\/users\/194"}],"replies":[{"embeddable":true,"href":"https:\/\/staging.spassio.com\/sv\/wp-json\/wp\/v2\/comments?post=77847"}],"version-history":[{"count":0,"href":"https:\/\/staging.spassio.com\/sv\/wp-json\/wp\/v2\/pages\/77847\/revisions"}],"wp:featuredmedia":[{"embeddable":true,"href":"https:\/\/staging.spassio.com\/sv\/wp-json\/wp\/v2\/media\/77849"}],"wp:attachment":[{"href":"https:\/\/staging.spassio.com\/sv\/wp-json\/wp\/v2\/media?parent=77847"}],"curies":[{"name":"wp","href":"https:\/\/api.w.org\/{rel}","templated":true}]}}