{"id":77854,"date":"2023-02-19T17:57:05","date_gmt":"2023-02-19T16:57:05","guid":{"rendered":"https:\/\/staging.spassio.com\/?page_id=77854"},"modified":"2024-04-22T13:48:20","modified_gmt":"2024-04-22T12:48:20","slug":"bygga-eget-hus-prefabricerad-byggnation","status":"publish","type":"page","link":"https:\/\/staging.spassio.com\/sv\/bygga-eget-hus-prefabricerad-byggnation\/","title":{"rendered":"S\u00e5 bygger du ditt eget hus med prefabricerad byggnation"},"content":{"rendered":"<p>Att bygga ett eget hus kr\u00e4ver noggrann planering och en god f\u00f6rst\u00e5else f\u00f6r de olika stadierna i byggprocessen. Genom att v\u00e4lja att bygga ditt hus med prefabricerade tekniker f\u00f6renklar du logistiken avsev\u00e4rt, eftersom det mesta av byggnadsarbetet utf\u00f6rs med en mycket industrialiserad metod.<\/p>\n<p>Den \u00f6vergripande husbyggnadsprocessen kan se lite annorlunda ut beroende p\u00e5 var du befinner dig och vilken typ av projekt det g\u00e4ller, men alla prefabricerade hus f\u00f6ljer en allm\u00e4n riktlinje. Genom att f\u00f6rst\u00e5 hur du ska g\u00e5 tillv\u00e4ga vet du vad som kr\u00e4vs i varje steg och kan fatta de beslut som b\u00e4st gynnar ditt projekt utan att k\u00e4nna dig \u00f6verv\u00e4ldigad av processen.<\/p>\n<h2>B\u00f6rja med att definiera dina prioriteringar f\u00f6r att identifiera den b\u00e4sta prefabricerade modellen eller tillverkaren<\/h2>\n<p>Ett av de viktigaste besluten som m\u00e5ste fattas n\u00e4r du bygger ditt eget hus med prefabricerade metoder \u00e4r att <strong>v\u00e4lja r\u00e4tt tillverkare<\/strong>. Med tanke p\u00e5 industrialiseringen av prefabricerad byggnation tenderar tillverkarna att vara ganska specialiserade, vilket begr\u00e4nsar de olika alternativ som de kan erbjuda.<\/p>\n<p>D\u00e4rf\u00f6r \u00e4r det viktigt att v\u00e4lja r\u00e4tt tillverkare f\u00f6r ditt byggprojekt. F\u00f6r att g\u00f6ra det b\u00f6r du ta dig tid att definiera dina prioriteringar.<\/p>\n<ul>\n<li><strong>Best\u00e4m om du f\u00f6redrar skr\u00e4ddarsytt eller f\u00e4rdigdesignat<\/strong>: Om du k\u00e4nner dig mer bekv\u00e4m med att v\u00e4lja ditt dr\u00f6mhus fr\u00e5n en katalog som visar de olika tillg\u00e4ngliga modellerna, kommer din process att b\u00f6rja med att v\u00e4lja den mest l\u00e4mpliga f\u00f6rdesignade prefabricerade. Men om du f\u00f6redrar att bygga ditt hus fr\u00e5n grunden b\u00f6rjar din process med att du v\u00e4ljer en tillverkare ist\u00e4llet.<\/li>\n<li><strong>Ange hur mycket utrymme du beh\u00f6ver<\/strong>: Antalet personer som bor i huset eller de aktiviteter som \u00e4ger rum inomhus \u00e4r n\u00e5gra av de viktigaste aspekterna att ta h\u00e4nsyn till. Best\u00e4m hur m\u00e5nga rum och badrum du beh\u00f6ver f\u00f6r ditt hush\u00e5ll f\u00f6r att antingen hitta r\u00e4tt f\u00f6rdesignade modeller eller f\u00f6r att veta hur stort ditt nydesignade hus ska vara.<\/li>\n<li><strong>Best\u00e4m vilken typ av hus du beh\u00f6ver<\/strong>: Prefabricerade hus finns i olika former, storlekar och stilar; vissa ser ut precis som traditionella byggnader, medan andra \u00e4r mindre icke-permanenta bost\u00e4der byggda p\u00e5 hjul. Identifiera vilken typ av hus som passar dig b\u00e4st utifr\u00e5n din livsstil. R\u00e5dg\u00f6r ocks\u00e5 med den lokala planeringsmyndigheten f\u00f6r att f\u00e5 en tydlig f\u00f6rst\u00e5else f\u00f6r vilken typ av byggnad som kan byggas p\u00e5 din tomt och vilka byggregler du b\u00f6r f\u00f6lja.<\/li>\n<li>Fastst\u00e4ll <strong>din budget<\/strong>: Det \u00e4r viktigt att definiera din ekonomiska kapacitet och begr\u00e4nsa din budget i f\u00f6rv\u00e4g f\u00f6r att undvika ytterligare stress eller f\u00f6rseningar i framtiden. Att etablera kontakt med en l\u00e5ngivare vid denna tidpunkt kan vara till stor hj\u00e4lp f\u00f6r att veta hur mycket pengar som st\u00e5r till ditt f\u00f6rfogande. Med en budget i \u00e5tanke, leta efter de modeller eller tillverkare som erbjuder en byggkostnad inom din prisklass.<\/li>\n<\/ul>\n<p>Med en god f\u00f6rst\u00e5else f\u00f6r dina \u00f6nskem\u00e5l och m\u00f6jligheter kan du v\u00e4lja r\u00e4tt tillverkare f\u00f6r att antingen <a href=\"https:\/\/staging.spassio.com\/bespoke-vs-pre-designed-prefab-house-models\/\">bygga en f\u00e4rdig modell<\/a> eller designa ditt hus fr\u00e5n grunden. Verktyg som s\u00f6kfunktionen i Spassio \u00e4r en bra utg\u00e5ngspunkt.<\/p>\n<h2>1. G\u00f6r en landm\u00e4tning f\u00f6r att definiera den b\u00e4sta designmetoden<\/h2>\n<p>Det \u00e4r vanligt att tillverkare erbjuder en genomf\u00f6rbarhetsstudie f\u00f6re konstruktionen f\u00f6r att avg\u00f6ra vilken typ av hus de kan bygga p\u00e5 din tomt. F\u00f6r att identifiera det b\u00e4sta s\u00e4ttet att utforma huset och minska ov\u00e4ntade ol\u00e4genheter under leverans och montering \u00e4r det vanligt att <strong>utf\u00f6ra markunders\u00f6kningar, studier av tillfartsv\u00e4gar eller till och med bioklimatiska analyser<\/strong>.<\/p>\n<p>F\u00f6rutom dessa tekniska aspekter b\u00f6r du ocks\u00e5 g\u00f6ra din egen personliga bed\u00f6mning av fastigheten. Identifiera de synpunkter som du vill att din design ska ta h\u00e4nsyn till. F\u00e5 ocks\u00e5 en klar uppfattning om vilka omr\u00e5den du helst vill undvika, t.ex. en inte s\u00e5 vacker utsikt eller en k\u00e4lla till \u00f6verdrivet buller.<\/p>\n<h2>2. Designa ditt dr\u00f6mhus<\/h2>\n<figure id=\"attachment_33983\" aria-describedby=\"caption-attachment-33983\" style=\"width: 1024px\" class=\"wp-caption alignnone\"><img fetchpriority=\"high\" decoding=\"async\" class=\"wp-image-33983 size-full\" src=\"https:\/\/staging.spassio.com\/wp-content\/uploads\/2023\/02\/build-house-prefab-construction.jpg\" alt=\"S\u00e5 bygger du ditt eget hus med prefabricerad konstruktion\" width=\"1024\" height=\"768\" srcset=\"https:\/\/staging.spassio.com\/wp-content\/uploads\/2023\/02\/build-house-prefab-construction.jpg 1024w, https:\/\/staging.spassio.com\/wp-content\/uploads\/2023\/02\/build-house-prefab-construction-300x225.jpg 300w, https:\/\/staging.spassio.com\/wp-content\/uploads\/2023\/02\/build-house-prefab-construction-768x576.jpg 768w, https:\/\/staging.spassio.com\/wp-content\/uploads\/2023\/02\/build-house-prefab-construction-592x444.jpg 592w, https:\/\/staging.spassio.com\/wp-content\/uploads\/2023\/02\/build-house-prefab-construction-584x438.jpg 584w, https:\/\/staging.spassio.com\/wp-content\/uploads\/2023\/02\/build-house-prefab-construction-800x600.jpg 800w, https:\/\/staging.spassio.com\/wp-content\/uploads\/2023\/02\/build-house-prefab-construction-120x90.jpg 120w, https:\/\/staging.spassio.com\/wp-content\/uploads\/2023\/02\/build-house-prefab-construction-496x372.jpg 496w\" sizes=\"(max-width: 1024px) 100vw, 1024px\" \/><figcaption id=\"caption-attachment-33983\" class=\"wp-caption-text\"><a href=\"https:\/\/staging.spassio.com\/manufacturer\/nordcabin\/\">NordCabin<\/a><\/figcaption><\/figure>\n<p>Denna <strong>designprocess<\/strong> ser lite olika ut beroende p\u00e5 om din utg\u00e5ngspunkt \u00e4r en f\u00f6rdesignad modell eller en skr\u00e4ddarsydd prefab. Om du har valt en redan designad planl\u00f6sning kommer du i detta skede att g\u00e5 igenom de olika anpassningsbara alternativ som tillverkaren erbjuder f\u00f6r att best\u00e4mma vilka som \u00e4r b\u00e4st f\u00f6r dig.<\/p>\n<p>Med den information som erh\u00e5lls i markunders\u00f6kningen kommer tillverkaren att v\u00e4gleda dig till den l\u00e4mpligaste placeringen och orienteringen av huset, samt vilka fundament som \u00e4r mest l\u00e4mpliga f\u00f6r ditt projekt.<\/p>\n<p>Om du har valt att designa ditt hus fr\u00e5n grunden, arbetar du i detta skede med arkitektteamet hos din valda tillverkare f\u00f6r att definiera byggplanerna. De kommer noggrant att best\u00e4mma varje detalj i ditt hus, fr\u00e5n dess form och storlek till de byggmaterial som anv\u00e4nds.<\/p>\n<p>Utnyttja den frihet du har f\u00f6r att skapa ett hus som g\u00f6r livet enkelt f\u00f6r dig. \u00c5terskapa dina vanligaste hemscener f\u00f6r att identifiera den b\u00e4sta storleken p\u00e5 varje omr\u00e5de eller hur mycket avskildhet som kr\u00e4vs.<\/p>\n<h2>3. F\u00f6rbest\u00e4ll ditt hus och g\u00f6r dig redo att b\u00f6rja bygga<\/h2>\n<p>N\u00e4r alla konstruktionsdetaljer har best\u00e4mts f\u00f6rbereder tillverkaren ett kontrakt som inneh\u00e5ller alla konstruktionsdetaljer, leveransscheman och garantipolicyer. N\u00e4r du undertecknar detta dokument uppmanas du att betala en deposition p\u00e5 mellan 10% och 50% s\u00e5 att tillverkaren kan p\u00e5b\u00f6rja byggnadsarbetena utanf\u00f6r anl\u00e4ggningen.<\/p>\n<p>Om du beh\u00f6ver finansiering, kom ih\u00e5g att dina prefab-f\u00f6retag troligen kan hj\u00e4lpa dig genom att tillhandah\u00e5lla information om de l\u00e4mpligaste bankerna eller till och med erbjuda finansiering sj\u00e4lva som <a href=\"https:\/\/staging.spassio.com\/manufacturer\/nomad-container\/\">Nomad Container<\/a> eller <a href=\"https:\/\/staging.spassio.com\/manufacturer\/vmodul\/\">Vmodul<\/a> g\u00f6r.<\/p>\n<p>F\u00f6r att p\u00e5b\u00f6rja byggnadsarbetena p\u00e5 plats kommer du sannolikt att beh\u00f6va ett bygglov eftersom de flesta l\u00e4nder i Europa, liksom Storbritannien, kr\u00e4ver detta f\u00f6rfarande. Vissa <a href=\"https:\/\/staging.spassio.com\/manufacturers\/\">prefabtillverkare<\/a> erbjuder dessa tj\u00e4nster, men i de flesta fall \u00e4r det kunden som m\u00e5ste g\u00e5 igenom denna process.<\/p>\n<p>Kraven varierar beroende p\u00e5 plats, men i vissa l\u00e4nder, t.ex. Spanien, beh\u00f6ver du en underskrift av en certifierad lokal arkitekt <a href=\"#_ftn1\" name=\"_ftnref1\">[1]<\/a>. Om du bygger ett hus i Spanien med en internationell tillverkare kan du beh\u00f6va anlita en arkitekt f\u00f6r att validera husdesignen och f\u00e5 tillst\u00e5nden.<\/p>\n<h2>4. F\u00f6rbered marken och bygg grunden<\/h2>\n<p>En av de st\u00f6rsta f\u00f6rdelarna med att bygga ditt hus med prefabricerade byggmetoder \u00e4r att det mesta av byggprocessen sker utanf\u00f6r byggarbetsplatsen i en fabriksliknande milj\u00f6. P\u00e5 s\u00e5 s\u00e4tt <strong>kan markberedningen ske samtidigt som huset tillverk<\/strong>as, vilket sparar enormt mycket tid.<\/p>\n<p>F\u00f6r att ta emot det prefabricerade huset m\u00e5ste marken f\u00f6rberedas i enlighet med typen av prefab och dess specifika design.<\/p>\n<p>Markberedning inneb\u00e4r att omr\u00e5det j\u00e4mnas ut och i de flesta fall \u00e4ven att grunden byggs. Vissa tillverkare \u00e4r utrustade f\u00f6r att tillhandah\u00e5lla dessa tj\u00e4nster, men i de flesta fall kr\u00e4vs det att man anlitar ytterligare experter, t.ex. en entrepren\u00f6r och en projektsamordnare.<\/p>\n<p>V\u00e4lj i s\u00e5 fall en lokal fackman som kan \u00f6vervaka processen noga och \u00e5tg\u00e4rda eventuella byggproblem s\u00e5 snart som m\u00f6jligt f\u00f6r att minska extra kostnader och komplikationer.<\/p>\n<h2>5. Leverans och montering av det prefabricerade huset<\/h2>\n<p>S\u00e5 snart tillverkningen av huset \u00e4r klar <strong>levereras prefabriceringen och monteras<\/strong> p\u00e5 den tidigare iordningst\u00e4llda tomten. Storlek och form p\u00e5 den tillverkade produkten varierar fr\u00e5n en typ av prefab till en annan.<\/p>\n<p>Till exempel bygger en stugtillverkare hela huset i ett stycke som \u00e4r klart att anv\u00e4ndas, medan en tillverkare av panelbyggda hus konstruerar tv\u00e5dimensionella system som m\u00e5ste monteras p\u00e5 plats.<\/p>\n<p>I de flesta fall sk\u00f6ter samma tillverkare leveransen av de prefabricerade enheterna, vanligtvis med lastbil, och installerar eller monterar dem med kran p\u00e5 fastigheten. F\u00f6r att f\u00e5 ett fullt fungerande hus m\u00e5ste vissa ytterligare avslutande arbeten, s\u00e5som anslutning till de viktigaste verktygen, slutf\u00f6ras.<\/p>\n<p>Beroende p\u00e5 ditt avtal med tillverkaren kan samma byggteam som installerar huset tillhandah\u00e5lla dessa arbeten, men de hanteras ofta av den lokala entrepren\u00f6ren.<\/p>\n<h2>Avsluta byggprocessen och flytta in i ditt nya hus<\/h2>\n<p>Nu n\u00e4r ditt hus \u00e4r monterat och fungerar \u00e4r det dags att f\u00f6rbereda huset f\u00f6r inflyttningsdagen. Du kan b\u00f6rja inreda interi\u00f6ren efter eget tycke och smak, samt anl\u00e4gga landskap och sk\u00f6ta tr\u00e4dg\u00e5rden s\u00e5 att huset blir precis som du t\u00e4nkt dig.<\/p>\n<p>Vissa l\u00e4nder i Europa, liksom Storbritannien, kan dock kr\u00e4va ett sista steg, t.ex. ett inflyttningsbevis. F\u00f6r att f\u00e5 detta godk\u00e4nnande inspekteras det <strong>nybyggda huset<\/strong> av en auktoriserad representant som m\u00e5ste verifiera byggnadens s\u00e4kerhet. F\u00f6rutom den juridiska inspektionen \u00e4r det viktigt att du ocks\u00e5 inspekterar huset f\u00f6r att kontrollera att det fungerar v\u00e4l och att de har byggt varje detalj som \u00f6verenskommits i kontraktet.<\/p>\n<p>Referenser:<\/p>\n<p><a style=\"color: #3eb6a8;\" href=\"#_ftnref1\" name=\"_ftn1\">[1]<\/a>Allt du beh\u00f6ver veta innan du k\u00f6per ett prefabricerat hus i Spanien Pacheco &amp; Asociados <a href=\"https:\/\/www.spanisharchitect.info\/2017\/08\/24\/everything-you-need-to-know-before-buying-a-prefabricated-house-in-spain\/\">https:\/\/www.spanisharchitect.info\/2017\/08\/24\/everything-you-need-to-know-before-buying-a-prefabricated-house-in-spain\/<\/a><\/p>\n","protected":false},"excerpt":{"rendered":"<p>Att bygga ett eget hus kr\u00e4ver noggrann planering och en god f\u00f6rst\u00e5else f\u00f6r de olika stadierna i byggprocessen. Genom att v\u00e4lja att bygga ditt hus med prefabricerade tekniker f\u00f6renklar du logistiken avsev\u00e4rt, eftersom det mesta av byggnadsarbetet utf\u00f6rs med en mycket industrialiserad metod. Den \u00f6vergripande husbyggnadsprocessen kan se lite annorlunda ut beroende p\u00e5 var du [&hellip;]<\/p>\n","protected":false},"author":194,"featured_media":77856,"parent":0,"menu_order":0,"comment_status":"closed","ping_status":"closed","template":"","meta":{"content-type":"","_FSMCFIC_featured_image_caption":"","_FSMCFIC_featured_image_nocaption":"","_FSMCFIC_featured_image_hide":"","footnotes":""},"class_list":["post-77854","page","type-page","status-publish","has-post-thumbnail","hentry"],"_wp_attached_file":null,"_wp_attachment_metadata":null,"_wp_attachment_backup_sizes":null,"siteground_optimizer_webp_conversion_attempts":null,"siteground_optimizer_is_converted_to_webp":null,"siteground_optimizer_optimization_attempts":null,"siteground_optimizer_optimization_failed":null,"wpml_media_processed":null,"_wp_attachment_image_alt":null,"siteground_optimizer_is_optimized":null,"siteground_optimizer_webp_conversion_failed":null,"_elementor_source_image_hash":null,"siteground_optimizer_compression_level":null,"_elementor_inline_svg":null,"_imagify_optimization_level":null,"_imagify_status":null,"_imagify_data":null,"siteground_optimizer_original_filesize":null,"wpse_external_file_url":null,"fave_currency":null,"fave_currency_info":null,"fave_property_id":null,"fave_property_map":null,"fave_property_location":null,"houzez_geolocation_lat":null,"houzez_geolocation_long":null,"fave_property_map_street_view":null,"fave_featured":null,"fave_loggedintoview":null,"fave_agent_display_option":null,"fave_prop_homeslider":null,"fave_single_top_area":null,"fave_single_content_area":null,"_yoast_wpseo_primary_property_type":null,"_yoast_wpseo_primary_property_feature":null,"_yoast_wpseo_primary_property_label":null,"_yoast_wpseo_primary_property_country":null,"houzez_manual_expire":null,"_houzez_expiration_date_status":null,"houzez_total_property_views":null,"houzez_views_by_date":null,"houzez_recently_viewed":null,"fave_property_price":null,"fave_property_price_prefix":null,"fave_property_size":null,"fave_property_bathrooms":null,"fave_property_garage":null,"fave_levels":null,"fave_roof-type":null,"fave_construction-type":null,"fave_video_url":null,"fave_video_image":null,"fave_payment_status":null,"fave_property_agency":null,"fave_countries":null,"fave_sleeps":null,"_yoast_wpseo_primary_property_status":null,"fave_property_images":null,"fave_attachments":null,"technical_description":null,"houzez_featured_listing_date":null,"fave_property_size_prefix":null,"fave_property_bedrooms":null,"fave_property_price_postfix":null,"fave_production-time-in-weeks":null,"fave_building-time-in-days":null,"fave_window-glazing":null,"_yoast_wpseo_primary_feature-2":null,"_yoast_wpseo_primary_feature-3":null,"fave_warranty-in-years":null,"fave_property_land":null,"fave_property_land_postfix":null,"wpsebeba57d406-00de-d339-8c02-3956a916f506":null,"_oembed_eefb35903900c5c166d55ccf7fc62a8a":null,"_oembed_30948e80c1a853da0b519e72c40d2e13":null,"_oembed_0b78a31d7c7e6041adc064d46c40f98b":null,"_oembed_42c2c13b5902a21593b1d521556aea88":null,"_oembed_4fb58e495f37e206f97738a42dbe566f":null,"_oembed_b2828bee61bd9076cd21ece641de7abc":null,"_oembed_0c92428c960763e658977ce4918863f4":null,"_oembed_02b72dc3d26bdba6ff900a268ade2517":null,"_oembed_8c819834f7fc0b74364aa34a8193f46f":null,"_oembed_088962b77808b37d57abe5c8143f9652":null,"_oembed_dfae0e674c59ba061a82b330fc7fdea0":null,"_oembed_74e5075f66c4cd04b0e118feb24f6636":null,"fave_mortgage_cal":null,"_air_wp_sync_record_id":null,"_air_wp_sync_hash":null,"_air_wp_sync_importer_id":null,"_air_wp_sync_updated_at":null,"external_listing_link":null,"fave_property_map_address":null,"fave_multi_units_ids":null,"$wpml_language$":null,"fave_virtual_tour":null,"fave_gross-external-area":null,"_houzez_expiration_date":null,"_houzez_expiration_date_options":null,"floor_plans":null,"_oembed_a17db82fa378d53b4dc6ed46e5344499":null,"_oembed_da390569a339f4d7147d95cfb8c04c12":null,"_oembed_6a3eda5947bcc098660397ca8e21a941":null,"fave_roof-angle":null,"fave_seo-content":null,"_oembed_a7b8941eeee966e7350aede20b4d62be":null,"_oembed_time_a7b8941eeee966e7350aede20b4d62be":null,"additional_features":null,"fave_multi_units":null,"_oembed_716f56b62500685a7dd15ea2ec7579bd":null,"_oembed_time_716f56b62500685a7dd15ea2ec7579bd":null,"_oembed_8ececd3dd2598a4aedb5dfc82df2a0f6":null,"_oembed_time_8ececd3dd2598a4aedb5dfc82df2a0f6":null,"_oembed_4cef7884ea6ef16d48cd8675b12e440d":null,"fave_property_garage_size":null,"_oembed_5c1eaf7b40f4e3a3089b38beb88ba480":null,"fave_property_zip":null,"_oembed_ccdd6e0304386ece64b3b91f572b0be4":null,"_oembed_ae30d19e3e861b389146a1ccc2828104":null,"fave_property_rooms":null,"fave_property_year":null,"two_page_speed":null,"fave_year_established":null,"Status":null,"_oembed_5b2d8d2cf33b469c98e488ea5b118c30":null,"WPML Language Code":null,"_links":{"self":[{"href":"https:\/\/staging.spassio.com\/sv\/wp-json\/wp\/v2\/pages\/77854","targetHints":{"allow":["GET"]}}],"collection":[{"href":"https:\/\/staging.spassio.com\/sv\/wp-json\/wp\/v2\/pages"}],"about":[{"href":"https:\/\/staging.spassio.com\/sv\/wp-json\/wp\/v2\/types\/page"}],"author":[{"embeddable":true,"href":"https:\/\/staging.spassio.com\/sv\/wp-json\/wp\/v2\/users\/194"}],"replies":[{"embeddable":true,"href":"https:\/\/staging.spassio.com\/sv\/wp-json\/wp\/v2\/comments?post=77854"}],"version-history":[{"count":0,"href":"https:\/\/staging.spassio.com\/sv\/wp-json\/wp\/v2\/pages\/77854\/revisions"}],"wp:featuredmedia":[{"embeddable":true,"href":"https:\/\/staging.spassio.com\/sv\/wp-json\/wp\/v2\/media\/77856"}],"wp:attachment":[{"href":"https:\/\/staging.spassio.com\/sv\/wp-json\/wp\/v2\/media?parent=77854"}],"curies":[{"name":"wp","href":"https:\/\/api.w.org\/{rel}","templated":true}]}}