{"id":77858,"date":"2023-04-02T17:04:06","date_gmt":"2023-04-02T16:04:06","guid":{"rendered":"https:\/\/staging.spassio.com\/?page_id=77858"},"modified":"2024-04-22T13:49:18","modified_gmt":"2024-04-22T12:49:18","slug":"smahus-fordelar-nackdelar-hus-pa-hjul","status":"publish","type":"page","link":"https:\/\/staging.spassio.com\/sv\/smahus-fordelar-nackdelar-hus-pa-hjul\/","title":{"rendered":"Vad \u00e4r Tiny Houses?  F\u00f6rdelar och nackdelar med att v\u00e4lja ett hus p\u00e5 hjul"},"content":{"rendered":"<p>Tiny houses \u00e4r en typ av prefabricerade hus som k\u00e4nnetecknas av sin ringa storlek och m\u00f6jligheten att flyttas fr\u00e5n plats till plats. Dessa konstruktioner kan anv\u00e4ndas som permanentbost\u00e4der, fritidshus eller som investeringar i hyresfastigheter. De kan vara i st\u00e4ndig r\u00f6relse eller installeras p\u00e5 samma plats under en l\u00e4ngre tid. Oavsett vilken livsstil som ryms i huset byggs sm\u00e5hus alltid med samma typ av konstruktion.<\/p>\n<h2>Vad \u00e4r skillnaden mellan ett litet hus och ett litet hus?<\/h2>\n<p><a href=\"https:\/\/staging.spassio.com\/categories\/tiny-houses\/\">Sm\u00e5hus<\/a> \u00e4r alltid sm\u00e5, men alla sm\u00e5hus \u00e4r inte sm\u00e5hus. Det \u00e4r vanligt att byta ut de olika termer som anv\u00e4nds f\u00f6r att beskriva sm\u00e5 bost\u00e4der, men det \u00e4r viktigt att f\u00f6rst\u00e5 egenskaperna hos vart och ett av dessa koncept, eftersom de \u00e4r byggda f\u00f6r olika \u00e4ndam\u00e5l.<\/p>\n<ul>\n<li><strong>Miniatyrhus<\/strong>: En typ av prefabricerat hus som \u00e4r utformat f\u00f6r att vara l\u00e4tt att transportera och d\u00e4rf\u00f6r alltid byggs p\u00e5 hjul. Att dessa hus \u00e4r s\u00e5 sm\u00e5 beror p\u00e5 att de m\u00e5ste uppfylla v\u00e4gtrafikreglerna eftersom de \u00e4r dragbara bost\u00e4der.<\/li>\n<li><strong>Stuga<\/strong>: En stuga \u00e4r en liten typ av permanent prefabricerat hus. Detta lilla prefabricerade hus, som bara har ett sovrum, installeras alltid p\u00e5 en grund.<\/li>\n<li><strong>ADU (Accessory Dwelling Units)<\/strong>: \u00c4ven k\u00e4nt som ett <a href=\"https:\/\/staging.spassio.com\/building-annexe-garden\/\">tr\u00e4dg\u00e5rdsannex<\/a> eller en mormorsl\u00e4genhet, detta koncept beskriver anv\u00e4ndningen av huset snarare \u00e4n typen av konstruktion. Ett litet hus, en <a href=\"https:\/\/staging.spassio.com\/categories\/cabins\/\">stuga<\/a> eller till och med ett litet hus byggt med traditionella byggmetoder kan vara en bra ADU s\u00e5 l\u00e4nge de \u00e4r utformade som sj\u00e4lvst\u00e4ndiga bost\u00e4der som delar fastigheten med ett huvudhus.<\/li>\n<\/ul>\n<h2>Vilka \u00e4r f\u00f6rdelarna med sm\u00e5 hus?<\/h2>\n<p>Tiny homes skiljer sig markant fr\u00e5n traditionella byggnader eftersom det \u00e4r ovanligt att ett hus byggs p\u00e5 hjul. Men egenskaperna hos denna typ av hus har i h\u00f6g grad bidragit till populariteten hos sm\u00e5husr\u00f6relsen eftersom de ger dem n\u00e5gra mycket attraktiva f\u00f6rdelar.<\/p>\n<h3>Tiny homes \u00e4r byggda med r\u00f6rlighet i \u00e5tanke<\/h3>\n<p>Den st\u00f6rsta f\u00f6rdelen med denna typ av hus \u00e4r m\u00f6jligheten att enkelt transportera det till olika platser. Trots att de ser ut som vackra hus \u00e4r tiny homes mobila hus som kan flyttas och parkeras var som helst.<\/p>\n<p>Eftersom tiny houses \u00e4r utformade som flyttbara hus \u00e4r de flesta av dem byggda som sj\u00e4lvf\u00f6rs\u00f6rjande enheter som kan drivas utanf\u00f6r eln\u00e4tet. Dessa funktioner g\u00f6r att du kan resa med ditt hus till vilken destination som helst, inklusive en avl\u00e4gsen naturmilj\u00f6.<\/p>\n<figure id=\"attachment_34835\" aria-describedby=\"caption-attachment-34835\" style=\"width: 1000px\" class=\"wp-caption alignnone\"><img fetchpriority=\"high\" decoding=\"async\" class=\"wp-image-34835 size-full\" src=\"https:\/\/staging.spassio.com\/wp-content\/uploads\/2023\/03\/what-are-tinyy-houses-the-pros-cons-of-choosing-a-house-on-wheels.webp\" alt=\"Vad \u00e4r Tiny Houses? F\u00f6r- och nackdelar med att v\u00e4lja ett hus p\u00e5 hjul\" width=\"1000\" height=\"563\" srcset=\"https:\/\/staging.spassio.com\/wp-content\/uploads\/2023\/03\/what-are-tinyy-houses-the-pros-cons-of-choosing-a-house-on-wheels.webp 1000w, https:\/\/staging.spassio.com\/wp-content\/uploads\/2023\/03\/what-are-tinyy-houses-the-pros-cons-of-choosing-a-house-on-wheels-300x169.webp 300w, https:\/\/staging.spassio.com\/wp-content\/uploads\/2023\/03\/what-are-tinyy-houses-the-pros-cons-of-choosing-a-house-on-wheels-768x432.webp 768w, https:\/\/staging.spassio.com\/wp-content\/uploads\/2023\/03\/what-are-tinyy-houses-the-pros-cons-of-choosing-a-house-on-wheels-496x279.webp 496w\" sizes=\"(max-width: 1000px) 100vw, 1000px\" \/><figcaption id=\"caption-attachment-34835\" class=\"wp-caption-text\">Det <a href=\"https:\/\/staging.spassio.com\/models\/tiny-eco-homes-uk-elegance-range\/\">lilla huset<\/a> fr\u00e5n <a href=\"https:\/\/staging.spassio.com\/models\/tiny-eco-homes-uk-elegance-range\/\">Elegance Range<\/a> bogseras.<\/figcaption><\/figure>\n<h3>De \u00e4r en kostnadseffektiv bostadsl\u00f6sning<\/h3>\n<p>Som prefabricerade konstruktioner \u00e4r sm\u00e5hus mycket billigare \u00e4n att bygga ett traditionellt hus. Att vara prefabricerad inneb\u00e4r att byggnadsarbetet sker utanf\u00f6r byggarbetsplatsen i en industrialiserad milj\u00f6. Det inneb\u00e4r att byggtiden och den manuella arbetsinsatsen minskar avsev\u00e4rt, liksom den totala byggkostnaden.<\/p>\n<p>Dessutom \u00e4r sm\u00e5hus anm\u00e4rkningsv\u00e4rt billigare \u00e4n andra prefabricerade hus, fr\u00e4mst eftersom de \u00e4r mindre s\u00e4nker de totala kostnaderna, men ocks\u00e5 f\u00f6r att de byggs p\u00e5 hjul och d\u00e4rf\u00f6r inte beh\u00f6ver n\u00e5gon grund. Att inte vara bunden till en specifik fastighet minskar direkt kostnaderna, till exempel f\u00f6r att k\u00f6pa mark eller anl\u00e4gga tr\u00e4dg\u00e5rdar.<\/p>\n<h3>Att bo litet kan bidra till att f\u00f6rb\u00e4ttra det psykiska v\u00e4lbefinnandet<\/h3>\n<p>De flesta tiny homes \u00e4r mindre \u00e4n 20 kvm, vilket \u00e4r fem g\u00e5nger mindre \u00e4n den genomsnittliga husstorleken i Europa och Storbritannien <a href=\"#_ftn1\" name=\"_ftnref1\">[1]<\/a>. F\u00f6r de flesta inneb\u00e4r tiny living att man anpassar sig till ett mycket enklare liv, vilket har en positiv inverkan p\u00e5 v\u00e5r h\u00e4lsa och v\u00e5rt v\u00e4lbefinnande.<\/p>\n<p>Genom att leva ett minimalt liv l\u00e4r du dig att prioritera och rensa, vilket har visat sig ha ett starkt samband med v\u00e5rt psykiska v\u00e4lbefinnande <a href=\"#_ftn2\" name=\"_ftnref2\">[2]<\/a>. Trots sin ringa storlek \u00e4r <a href=\"https:\/\/staging.spassio.com\/categories\/tiny-houses\/\">sm\u00e5husen<\/a> byggda med funktionalitet och komfort i \u00e5tanke. De erbjuder mycket kreativa layouter och f\u00f6rvaringsl\u00f6sningar som hj\u00e4lper till att h\u00e5lla huset st\u00e4dat och fritt fr\u00e5n r\u00f6ran.<\/p>\n<h3>Tiny houses \u00e4r en h\u00e5llbar typ av konstruktion<\/h3>\n<p>Sm\u00e5hus \u00e4r milj\u00f6v\u00e4nliga eftersom de byggs helt p\u00e5 plats, med arbete och lagring p\u00e5 samma plats. Denna centralisering av processen g\u00f6r tiny homes mer h\u00e5llbara \u00e4n traditionell byggnation eftersom det minskar transportbehovet och materialavfallet enormt.<\/p>\n<p>Sm\u00e5hus bidrar ocks\u00e5 till milj\u00f6n eftersom de \u00e4r sm\u00e5 byggnader. De har ett l\u00e4gre ekologiskt fotavtryck och f\u00f6rbrukar mindre energi, vilket g\u00f6r dem mer energieffektiva. Medan de flesta av dessa funktioner bara \u00e4r en positiv konsekvens av byggprocessen, v\u00e4ljer vissa tillverkare att medvetet utforma sina sm\u00e5hus \u00e4nnu mer h\u00e5llbara genom att v\u00e4lja naturmaterial eller l\u00e4gga till element som solpaneler.<\/p>\n<figure id=\"attachment_34836\" aria-describedby=\"caption-attachment-34836\" style=\"width: 1000px\" class=\"wp-caption alignnone\"><img decoding=\"async\" class=\"wp-image-34836 size-full\" src=\"https:\/\/staging.spassio.com\/wp-content\/uploads\/2023\/03\/tiny-house-with-solar-panelsescape-model-a17.webp\" alt=\"litet hus med solpaneler\" width=\"1000\" height=\"668\" srcset=\"https:\/\/staging.spassio.com\/wp-content\/uploads\/2023\/03\/tiny-house-with-solar-panelsescape-model-a17.webp 1000w, https:\/\/staging.spassio.com\/wp-content\/uploads\/2023\/03\/tiny-house-with-solar-panelsescape-model-a17-300x200.webp 300w, https:\/\/staging.spassio.com\/wp-content\/uploads\/2023\/03\/tiny-house-with-solar-panelsescape-model-a17-768x513.webp 768w, https:\/\/staging.spassio.com\/wp-content\/uploads\/2023\/03\/tiny-house-with-solar-panelsescape-model-a17-898x600.webp 898w, https:\/\/staging.spassio.com\/wp-content\/uploads\/2023\/03\/tiny-house-with-solar-panelsescape-model-a17-496x331.webp 496w\" sizes=\"(max-width: 1000px) 100vw, 1000px\" \/><figcaption id=\"caption-attachment-34836\" class=\"wp-caption-text\">Det <a href=\"https:\/\/staging.spassio.com\/models\/escape-a17\/\">lilla husetEscape A17<\/a> med solpaneler<\/figcaption><\/figure>\n<h2>Utmaningar och begr\u00e4nsningar med sm\u00e5 hus<\/h2>\n<p>Sm\u00e5hus har utm\u00e4rkande egenskaper som skiljer dem \u00e5t och bidrar till deras v\u00e4xande popularitet. Dessa skillnader har dock ocks\u00e5 potentiella nackdelar. Eftersom sm\u00e5hus inte \u00e4r ett perfekt val f\u00f6r alla \u00e4r det viktigt att f\u00f6rst\u00e5 deras begr\u00e4nsningar.<\/p>\n<ul>\n<li><strong>Kan vara sv\u00e5rt att hitta en l\u00e5ngsiktig<\/strong> plats: Trots att sm\u00e5husets design \u00e4r optimerad f\u00f6r att s\u00e4kerst\u00e4lla att huset enkelt kan flyttas och placeras i stort sett var som helst, \u00e4r det inte alla platser som till\u00e5ter det. Var du kan placera ett litet hus best\u00e4ms av byggnormerna och zonbest\u00e4mmelserna p\u00e5 din specifika plats. Dessa kan vara ganska begr\u00e4nsande.<\/li>\n<li><strong>De \u00e4r inte byggda p\u00e5 fundament<\/strong>: Att husen \u00e4r byggda p\u00e5 hjul ger en betydande frihet, men det har ocks\u00e5 sina nackdelar. Grunden ger stabilitet \u00e5t konstruktionen genom att skapa en solid bas som h\u00e5ller huset p\u00e5 plats. Att inte vara f\u00e4st vid grunden inneb\u00e4r automatiskt att kvaliteten p\u00e5 konstruktionen f\u00f6rs\u00e4mras.<\/li>\n<li>Bostadsutrymmet <strong>inomhus \u00e4r begr\u00e4nsat<\/strong>: Det begr\u00e4nsade utrymmet som ett litet hem erbjuder inspirerar dem som s\u00f6ker en minimalistisk livsstil, men det har ocks\u00e5 sina nackdelar. Varje centimeter av huset \u00e4r optimerad f\u00f6r att g\u00f6ra vardagen s\u00e5 bekv\u00e4m som m\u00f6jligt, men det finns inget utrymme f\u00f6r aktiviteter ut\u00f6ver det vanliga. D\u00e4rf\u00f6r \u00e4r aktiviteter som att ta emot g\u00e4ster kanske inte de mest bekv\u00e4ma.<\/li>\n<\/ul>\n<h2>Hur fungerar sm\u00e5hus?<\/h2>\n<p>Att det \u00e4r ett hus p\u00e5 hjul inneb\u00e4r att det inte f\u00f6ljer samma regelverk som g\u00e4ller f\u00f6r permanenta byggnader, men det behandlas inte heller som ett fordon. H\u00e4r \u00e4r n\u00e5gra av de viktigaste sakerna du b\u00f6r k\u00e4nna till om du planerar att k\u00f6pa ett litet hus:<\/p>\n<ul>\n<li>Reglerna f\u00f6r sm\u00e5hus beror helt och h\u00e5llet p\u00e5 platsen. Eftersom det inte finns n\u00e5gra s\u00e4rskilda best\u00e4mmelser f\u00f6r sm\u00e5hus b\u00f6r du som planerar att k\u00f6pa ett litet hus i Europa eller Storbritannien f\u00f6rst och fr\u00e4mst r\u00e5dg\u00f6ra med din lokala planeringsavdelning.<\/li>\n<li>Att installera ett litet hus p\u00e5 l\u00e5ng sikt i en fastighet kr\u00e4ver vanligtvis ett tillst\u00e5nd. Att placera ett litet hus i tr\u00e4dg\u00e5rden \u00e4r inte som att parkera en bil. Det kr\u00e4vs ofta ett tillst\u00e5nd som varierar fr\u00e5n en plats till en annan. I vissa l\u00e4nder, som Nederl\u00e4nderna eller Tyskland, behandlas sm\u00e5hus som bostadshus och m\u00e5ste d\u00e4rf\u00f6r uppfylla byggreglerna <a href=\"#_ftn3\" name=\"_ftnref3\">[3]<\/a>.<\/li>\n<li>Trafikreglerna \u00e4r str\u00e4nga f\u00f6r sm\u00e5hus. Att vara byggd p\u00e5 hjul \u00e4r inte tillr\u00e4ckligt. F\u00f6r att kunna flytta ett litet hus p\u00e5 europeiska v\u00e4gar m\u00e5ste huset uppfylla mycket strikta krav p\u00e5 storlek och vikt. Den allm\u00e4nna riktlinjen \u00e4r 4 m h\u00f6g, 2,55 m bred och 3,5 T men det kan variera fr\u00e5n land till land.<\/li>\n<li>Du beh\u00f6ver en s\u00e4rskild typ av fordon f\u00f6r att dra ett litet hus. Sm\u00e5hus \u00e4r avsedda att bogseras av sina \u00e4gare, men det \u00e4r inte alla fordon som klarar det. Detta beror p\u00e5 att fordonet m\u00e5ste vara tillr\u00e4ckligt starkt f\u00f6r att dra 3,5 ton. T\u00e4nk ocks\u00e5 p\u00e5 att om totalvikten \u00e4r \u00f6ver 3,5 ton kan du beh\u00f6va ett specialk\u00f6rkort.<\/li>\n<\/ul>\n<p>Referenser:<br \/>\n<a style=\"color: #3eb6a8;\" href=\"#_ftnref1\" name=\"_ftn1\">[1]<\/a>Wilson, L. Hur stort \u00e4r ett hus? Genomsnittlig husstorlek per land &#8211; 2023 Krymp fotavtrycket <a href=\"https:\/\/shrinkthatfootprint.com\/how-big-is-a-house\/\">https:\/\/shrinkthatfootprint.com\/how-big-is-a-house\/<\/a><br \/>\n<a style=\"color: #3eb6a8;\" href=\"#_ftnref2\" name=\"_ftn1\">[2]<\/a>Hammers-Crowell J. (2022, 14 juni) Hur r\u00f6ran p\u00e5verkar h\u00e4lsan H\u00f6glandssjukhuset <a href=\"https:\/\/highlandhosp.com\/how-clutter-impacts-health\/\">https:\/\/highlandhosp.com\/how-clutter-impacts-health\/<\/a><br \/>\n<a style=\"color: #3eb6a8;\" href=\"#_ftnref3\" name=\"_ftn1\">[3]<\/a>Tiny House-kulturer i j\u00e4mf\u00f6relse &#8211; Tyskland, USA, Nederl\u00e4nderna LiveEO <a href=\"https:\/\/live-eo.com\/tiny-house-cultures\/\">https:\/\/live-eo.com\/tiny-house-cultures\/<\/a><\/p>\n","protected":false},"excerpt":{"rendered":"<p>Tiny houses \u00e4r en typ av prefabricerade hus som k\u00e4nnetecknas av sin ringa storlek och m\u00f6jligheten att flyttas fr\u00e5n plats till plats. Dessa konstruktioner kan anv\u00e4ndas som permanentbost\u00e4der, fritidshus eller som investeringar i hyresfastigheter. De kan vara i st\u00e4ndig r\u00f6relse eller installeras p\u00e5 samma plats under en l\u00e4ngre tid. Oavsett vilken livsstil som ryms i [&hellip;]<\/p>\n","protected":false},"author":194,"featured_media":77860,"parent":0,"menu_order":0,"comment_status":"closed","ping_status":"closed","template":"","meta":{"content-type":"","_FSMCFIC_featured_image_caption":"","_FSMCFIC_featured_image_nocaption":"","_FSMCFIC_featured_image_hide":"","footnotes":""},"class_list":["post-77858","page","type-page","status-publish","has-post-thumbnail","hentry"],"_wp_attached_file":null,"_wp_attachment_metadata":null,"_wp_attachment_backup_sizes":null,"siteground_optimizer_webp_conversion_attempts":null,"siteground_optimizer_is_converted_to_webp":null,"siteground_optimizer_optimization_attempts":null,"siteground_optimizer_optimization_failed":null,"wpml_media_processed":null,"_wp_attachment_image_alt":null,"siteground_optimizer_is_optimized":null,"siteground_optimizer_webp_conversion_failed":null,"_elementor_source_image_hash":null,"siteground_optimizer_compression_level":null,"_elementor_inline_svg":null,"_imagify_optimization_level":null,"_imagify_status":null,"_imagify_data":null,"siteground_optimizer_original_filesize":null,"wpse_external_file_url":null,"fave_currency":null,"fave_currency_info":null,"fave_property_id":null,"fave_property_map":null,"fave_property_location":null,"houzez_geolocation_lat":null,"houzez_geolocation_long":null,"fave_property_map_street_view":null,"fave_featured":null,"fave_loggedintoview":null,"fave_agent_display_option":null,"fave_prop_homeslider":null,"fave_single_top_area":null,"fave_single_content_area":null,"_yoast_wpseo_primary_property_type":null,"_yoast_wpseo_primary_property_feature":null,"_yoast_wpseo_primary_property_label":null,"_yoast_wpseo_primary_property_country":null,"houzez_manual_expire":null,"_houzez_expiration_date_status":null,"houzez_total_property_views":null,"houzez_views_by_date":null,"houzez_recently_viewed":null,"fave_property_price":null,"fave_property_price_prefix":null,"fave_property_size":null,"fave_property_bathrooms":null,"fave_property_garage":null,"fave_levels":null,"fave_roof-type":null,"fave_construction-type":null,"fave_video_url":null,"fave_video_image":null,"fave_payment_status":null,"fave_property_agency":null,"fave_countries":null,"fave_sleeps":null,"_yoast_wpseo_primary_property_status":null,"fave_property_images":null,"fave_attachments":null,"technical_description":null,"houzez_featured_listing_date":null,"fave_property_size_prefix":null,"fave_property_bedrooms":null,"fave_property_price_postfix":null,"fave_production-time-in-weeks":null,"fave_building-time-in-days":null,"fave_window-glazing":null,"_yoast_wpseo_primary_feature-2":null,"_yoast_wpseo_primary_feature-3":null,"fave_warranty-in-years":null,"fave_property_land":null,"fave_property_land_postfix":null,"wpsebeba57d406-00de-d339-8c02-3956a916f506":null,"_oembed_eefb35903900c5c166d55ccf7fc62a8a":null,"_oembed_30948e80c1a853da0b519e72c40d2e13":null,"_oembed_0b78a31d7c7e6041adc064d46c40f98b":null,"_oembed_42c2c13b5902a21593b1d521556aea88":null,"_oembed_4fb58e495f37e206f97738a42dbe566f":null,"_oembed_b2828bee61bd9076cd21ece641de7abc":null,"_oembed_0c92428c960763e658977ce4918863f4":null,"_oembed_02b72dc3d26bdba6ff900a268ade2517":null,"_oembed_8c819834f7fc0b74364aa34a8193f46f":null,"_oembed_088962b77808b37d57abe5c8143f9652":null,"_oembed_dfae0e674c59ba061a82b330fc7fdea0":null,"_oembed_74e5075f66c4cd04b0e118feb24f6636":null,"fave_mortgage_cal":null,"_air_wp_sync_record_id":null,"_air_wp_sync_hash":null,"_air_wp_sync_importer_id":null,"_air_wp_sync_updated_at":null,"external_listing_link":null,"fave_property_map_address":null,"fave_multi_units_ids":null,"$wpml_language$":null,"fave_virtual_tour":null,"fave_gross-external-area":null,"_houzez_expiration_date":null,"_houzez_expiration_date_options":null,"floor_plans":null,"_oembed_a17db82fa378d53b4dc6ed46e5344499":null,"_oembed_da390569a339f4d7147d95cfb8c04c12":null,"_oembed_6a3eda5947bcc098660397ca8e21a941":null,"fave_roof-angle":null,"fave_seo-content":null,"_oembed_a7b8941eeee966e7350aede20b4d62be":null,"_oembed_time_a7b8941eeee966e7350aede20b4d62be":null,"additional_features":null,"fave_multi_units":null,"_oembed_716f56b62500685a7dd15ea2ec7579bd":null,"_oembed_time_716f56b62500685a7dd15ea2ec7579bd":null,"_oembed_8ececd3dd2598a4aedb5dfc82df2a0f6":null,"_oembed_time_8ececd3dd2598a4aedb5dfc82df2a0f6":null,"_oembed_4cef7884ea6ef16d48cd8675b12e440d":null,"fave_property_garage_size":null,"_oembed_5c1eaf7b40f4e3a3089b38beb88ba480":null,"fave_property_zip":null,"_oembed_ccdd6e0304386ece64b3b91f572b0be4":null,"_oembed_ae30d19e3e861b389146a1ccc2828104":null,"fave_property_rooms":null,"fave_property_year":null,"two_page_speed":null,"fave_year_established":null,"Status":null,"_oembed_5b2d8d2cf33b469c98e488ea5b118c30":null,"WPML Language Code":null,"_links":{"self":[{"href":"https:\/\/staging.spassio.com\/sv\/wp-json\/wp\/v2\/pages\/77858","targetHints":{"allow":["GET"]}}],"collection":[{"href":"https:\/\/staging.spassio.com\/sv\/wp-json\/wp\/v2\/pages"}],"about":[{"href":"https:\/\/staging.spassio.com\/sv\/wp-json\/wp\/v2\/types\/page"}],"author":[{"embeddable":true,"href":"https:\/\/staging.spassio.com\/sv\/wp-json\/wp\/v2\/users\/194"}],"replies":[{"embeddable":true,"href":"https:\/\/staging.spassio.com\/sv\/wp-json\/wp\/v2\/comments?post=77858"}],"version-history":[{"count":0,"href":"https:\/\/staging.spassio.com\/sv\/wp-json\/wp\/v2\/pages\/77858\/revisions"}],"wp:featuredmedia":[{"embeddable":true,"href":"https:\/\/staging.spassio.com\/sv\/wp-json\/wp\/v2\/media\/77860"}],"wp:attachment":[{"href":"https:\/\/staging.spassio.com\/sv\/wp-json\/wp\/v2\/media?parent=77858"}],"curies":[{"name":"wp","href":"https:\/\/api.w.org\/{rel}","templated":true}]}}