{"id":80544,"date":"2023-10-17T11:41:18","date_gmt":"2023-10-17T10:41:18","guid":{"rendered":"https:\/\/staging.spassio.com\/?page_id=80544"},"modified":"2025-11-13T09:54:14","modified_gmt":"2025-11-13T08:54:14","slug":"about","status":"publish","type":"page","link":"https:\/\/staging.spassio.com\/sv\/about\/","title":{"rendered":"Om"},"content":{"rendered":"\t\t<div data-elementor-type=\"wp-page\" data-elementor-id=\"80544\" class=\"elementor elementor-80544 elementor-63389\" data-elementor-post-type=\"page\">\n\t\t\t\t<div class=\"elementor-element elementor-element-79ed607 e-flex e-con-boxed e-con e-parent\" data-id=\"79ed607\" data-element_type=\"container\" data-settings=\"{&quot;background_background&quot;:&quot;classic&quot;}\">\n\t\t\t\t\t<div class=\"e-con-inner\">\n\t\t\t\t<div class=\"elementor-element elementor-element-34a06fa exad-sticky-section-no exad-glass-effect-no elementor-widget elementor-widget-houzez_elementor_space\" data-id=\"34a06fa\" data-element_type=\"widget\" data-widget_type=\"houzez_elementor_space.default\">\n\t\t\t\t<div class=\"elementor-widget-container\">\n\t\t\t\t\t        <div class=\"houzez-spacer\">\n            <div class=\"houzez-spacer-inner\"><\/div>\n        <\/div>\n        \t\t\t\t<\/div>\n\t\t\t\t<\/div>\n\t\t\t\t\t<\/div>\n\t\t\t\t<\/div>\n\t\t<div class=\"elementor-element elementor-element-qyozvcoia e-flex e-con-boxed elementor-invisible e-con e-parent\" data-id=\"qyozvcoia\" data-element_type=\"container\" data-settings=\"{&quot;background_background&quot;:&quot;gradient&quot;,&quot;animation&quot;:&quot;fadeIn&quot;}\">\n\t\t\t\t\t<div class=\"e-con-inner\">\n\t\t<div class=\"elementor-element elementor-element-ip2wqzl9f e-con-full e-flex e-con e-child\" data-id=\"ip2wqzl9f\" data-element_type=\"container\">\n\t\t<div class=\"elementor-element elementor-element-krkthky1m e-con-full e-flex e-con e-child\" data-id=\"krkthky1m\" data-element_type=\"container\">\n\t\t<div class=\"elementor-element elementor-element-c9txvyvq1 e-con-full e-flex e-con e-child\" data-id=\"c9txvyvq1\" data-element_type=\"container\">\n\t\t\t\t<div class=\"elementor-element elementor-element-3704c33 exad-sticky-section-no exad-glass-effect-no elementor-widget elementor-widget-houzez_elementor_section_title\" data-id=\"3704c33\" data-element_type=\"widget\" data-widget_type=\"houzez_elementor_section_title.default\">\n\t\t\t\t<div class=\"elementor-widget-container\">\n\t\t\t\t\t            <div class=\"houzez_section_title_wrap section-title-module\">\n                                    <h2 class=\"houzez_section_title\">About Spassio<\/h2>\n                \n                            <\/div>\n            \t\t\t\t<\/div>\n\t\t\t\t<\/div>\n\t\t\t\t<div class=\"elementor-element elementor-element-cza460lis exad-sticky-section-no exad-glass-effect-no elementor-widget elementor-widget-text-editor\" data-id=\"cza460lis\" data-element_type=\"widget\" data-widget_type=\"text-editor.default\">\n\t\t\t\t<div class=\"elementor-widget-container\">\n\t\t\t\t\t\t\t\t\t<div class=\"elementor-element elementor-element-ed98977 exad-sticky-section-no exad-glass-effect-no elementor-widget elementor-widget-heading\" data-id=\"ed98977\" data-element_type=\"widget\" data-widget_type=\"heading.default\"><div class=\"elementor-widget-container\">V\u00e4lkommen till Spassio, den sj\u00e4lvklara plattformen f\u00f6r alla som vill j\u00e4mf\u00f6ra modeller och Tillverkare av prefabricerade hus.<\/div><div> <\/div><div class=\"elementor-widget-container\">Att v\u00e4lja det perfekta prefabricerade hemmet kan vara en skr\u00e4mmande uppgift, med otaliga alternativ tillg\u00e4ngliga. Det \u00e4r h\u00e4r Spassio kommer in i bilden och tillhandah\u00e5ller v\u00e4rdefulla resurser och insikter f\u00f6r att fatta ett v\u00e4linformerat beslut. Vi har sammanst\u00e4llt en omfattande databas med modeller och tillverkare av prefabricerade hus i hela Europa, vilket g\u00f6r det enkelt att j\u00e4mf\u00f6ra och kontrastera olika alternativ och f\u00e5 tillg\u00e5ng till de som passar dig b\u00e4ttre.  <\/div><div> <\/div><\/div><div class=\"elementor-element elementor-element-5e840230 exad-sticky-section-no exad-glass-effect-no elementor-widget elementor-widget-text-editor\" data-id=\"5e840230\" data-element_type=\"widget\" data-widget_type=\"text-editor.default\"><div class=\"elementor-widget-container\">V\u00e5rt anv\u00e4ndarv\u00e4nliga gr\u00e4nssnitt g\u00f6r att du kan filtrera efter storlek, stil, pris och l\u00e4ge, s\u00e5 att du enkelt kan hitta det hus du letar efter. Du kan j\u00e4mf\u00f6ra olika modeller sida vid sida och f\u00e5 en tydlig bild av funktionerna och f\u00f6rdelarna med var och en av dem.  <\/div><\/div>\t\t\t\t\t\t\t\t<\/div>\n\t\t\t\t<\/div>\n\t\t\t\t<\/div>\n\t\t<div class=\"elementor-element elementor-element-zgd4qasx2 e-con-full e-flex e-con e-child\" data-id=\"zgd4qasx2\" data-element_type=\"container\">\n\t\t\t\t<div class=\"elementor-element elementor-element-h4gyiut4r exad-sticky-section-no exad-glass-effect-no elementor-invisible elementor-widget elementor-widget-image\" data-id=\"h4gyiut4r\" data-element_type=\"widget\" data-settings=\"{&quot;_animation&quot;:&quot;fadeInRight&quot;}\" data-widget_type=\"image.default\">\n\t\t\t\t<div class=\"elementor-widget-container\">\n\t\t\t\t\t\t\t\t\t\t\t\t\t\t\t<img fetchpriority=\"high\" decoding=\"async\" width=\"1024\" height=\"683\" src=\"https:\/\/staging.spassio.com\/wp-content\/uploads\/2025\/11\/IMG01934.jpg\" class=\"attachment-large size-large wp-image-178260\" alt=\"\" srcset=\"https:\/\/staging.spassio.com\/wp-content\/uploads\/2025\/11\/IMG01934.jpg 2400w, https:\/\/staging.spassio.com\/wp-content\/uploads\/2025\/11\/IMG01934-1536x1024.jpg 1536w, https:\/\/staging.spassio.com\/wp-content\/uploads\/2025\/11\/IMG01934-2048x1365.jpg 2048w\" sizes=\"(max-width: 1024px) 100vw, 1024px\" \/>\t\t\t\t\t\t\t\t\t\t\t\t\t\t\t<\/div>\n\t\t\t\t<\/div>\n\t\t\t\t<\/div>\n\t\t\t\t<\/div>\n\t\t\t\t<\/div>\n\t\t\t\t\t<\/div>\n\t\t\t\t<\/div>\n\t\t<div class=\"elementor-element elementor-element-x6vx0mz8s e-flex e-con-boxed elementor-invisible e-con e-parent\" data-id=\"x6vx0mz8s\" data-element_type=\"container\" data-settings=\"{&quot;background_background&quot;:&quot;gradient&quot;,&quot;animation&quot;:&quot;fadeIn&quot;}\">\n\t\t\t\t\t<div class=\"e-con-inner\">\n\t\t<div class=\"elementor-element elementor-element-yq7b4n0yl e-con-full e-flex e-con e-child\" data-id=\"yq7b4n0yl\" data-element_type=\"container\">\n\t\t<div class=\"elementor-element elementor-element-40mmeuimr e-con-full e-flex e-con e-child\" data-id=\"40mmeuimr\" data-element_type=\"container\">\n\t\t<div class=\"elementor-element elementor-element-3riphba7n e-con-full e-flex e-con e-child\" data-id=\"3riphba7n\" data-element_type=\"container\">\n\t\t\t\t<div class=\"elementor-element elementor-element-l8eguzu1y exad-sticky-section-no exad-glass-effect-no elementor-invisible elementor-widget elementor-widget-image\" data-id=\"l8eguzu1y\" data-element_type=\"widget\" data-settings=\"{&quot;_animation&quot;:&quot;fadeInLeft&quot;}\" data-widget_type=\"image.default\">\n\t\t\t\t<div class=\"elementor-widget-container\">\n\t\t\t\t\t\t\t\t\t\t\t\t\t\t\t<img decoding=\"async\" width=\"1024\" height=\"683\" src=\"https:\/\/staging.spassio.com\/wp-content\/uploads\/2025\/11\/IMG02035.jpg\" class=\"attachment-large size-large wp-image-178405\" alt=\"\" srcset=\"https:\/\/staging.spassio.com\/wp-content\/uploads\/2025\/11\/IMG02035.jpg 2400w, https:\/\/staging.spassio.com\/wp-content\/uploads\/2025\/11\/IMG02035-1536x1024.jpg 1536w, https:\/\/staging.spassio.com\/wp-content\/uploads\/2025\/11\/IMG02035-2048x1365.jpg 2048w\" sizes=\"(max-width: 1024px) 100vw, 1024px\" \/>\t\t\t\t\t\t\t\t\t\t\t\t\t\t\t<\/div>\n\t\t\t\t<\/div>\n\t\t\t\t<\/div>\n\t\t<div class=\"elementor-element elementor-element-3glbfp3cg e-con-full e-flex e-con e-child\" data-id=\"3glbfp3cg\" data-element_type=\"container\">\n\t\t\t\t<div class=\"elementor-element elementor-element-v3g5ga87h exad-sticky-section-no exad-glass-effect-no elementor-widget elementor-widget-text-editor\" data-id=\"v3g5ga87h\" data-element_type=\"widget\" data-widget_type=\"text-editor.default\">\n\t\t\t\t<div class=\"elementor-widget-container\">\n\t\t\t\t\t\t\t\t\t<p>Plattformen ger dig ocks\u00e5 korrekt information om tillverkare av prefabricerade produkter, s\u00e5 att du enkelt kan kontakta dem som uppfyller dina unika behov. Dessutom har Spassio ocks\u00e5 lanserat en anv\u00e4ndbar utbildningshub med dussintals artiklar i form av guider och blogginl\u00e4gg, vilket ger dig \u00e4nnu fler resurser f\u00f6r att hj\u00e4lpa dig att g\u00f6ra det b\u00e4sta valet.<\/p><p>Sammanfattningsvis \u00e4r v\u00e5rt m\u00e5l att st\u00e4rka din kunskap och dina beslut genom att ge dig tillf\u00f6rlitlig information och en omfattande \u00f6versikt \u00f6ver marknaden f\u00f6r prefabricerade hus. Oavsett om du \u00e4r en f\u00f6rstag\u00e5ngsk\u00f6pare eller en erfaren fastighetsutvecklare ger v\u00e5r plattform dig de verktyg du beh\u00f6ver f\u00f6r att hitta det perfekta hemmet f\u00f6r din livsstil och budget.<\/p><p>Med Spassio har det aldrig varit enklare att hitta ditt dr\u00f6mhus i prefabricerade byggnader. B\u00f6rja utforska v\u00e5r omfattande databas och ta det f\u00f6rsta steget mot ditt perfekta prefabricerade hem! <\/p>\t\t\t\t\t\t\t\t<\/div>\n\t\t\t\t<\/div>\n\t\t\t\t<\/div>\n\t\t\t\t<\/div>\n\t\t\t\t<\/div>\n\t\t\t\t\t<\/div>\n\t\t\t\t<\/div>\n\t\t\t\t<\/div>\n\t\t","protected":false},"excerpt":{"rendered":"<p>About Spassio V\u00e4lkommen till Spassio, den sj\u00e4lvklara plattformen f\u00f6r alla som vill j\u00e4mf\u00f6ra modeller och Tillverkare av prefabricerade hus. Att v\u00e4lja det perfekta prefabricerade hemmet kan vara en skr\u00e4mmande uppgift, med otaliga alternativ tillg\u00e4ngliga. Det \u00e4r h\u00e4r Spassio kommer in i bilden och tillhandah\u00e5ller v\u00e4rdefulla resurser och insikter f\u00f6r att fatta ett v\u00e4linformerat beslut. Vi [&hellip;]<\/p>\n","protected":false},"author":45,"featured_media":0,"parent":0,"menu_order":0,"comment_status":"closed","ping_status":"closed","template":"elementor_header_footer","meta":{"content-type":"","_FSMCFIC_featured_image_caption":"","_FSMCFIC_featured_image_nocaption":"","_FSMCFIC_featured_image_hide":"","footnotes":""},"class_list":["post-80544","page","type-page","status-publish","hentry"],"_wp_attached_file":null,"_wp_attachment_metadata":null,"_wp_attachment_backup_sizes":null,"siteground_optimizer_webp_conversion_attempts":null,"siteground_optimizer_is_converted_to_webp":null,"siteground_optimizer_optimization_attempts":null,"siteground_optimizer_optimization_failed":null,"wpml_media_processed":null,"_wp_attachment_image_alt":null,"siteground_optimizer_is_optimized":null,"siteground_optimizer_webp_conversion_failed":null,"_elementor_source_image_hash":null,"siteground_optimizer_compression_level":null,"_elementor_inline_svg":null,"_imagify_optimization_level":null,"_imagify_status":null,"_imagify_data":null,"siteground_optimizer_original_filesize":null,"wpse_external_file_url":null,"fave_currency":null,"fave_currency_info":null,"fave_property_id":null,"fave_property_map":null,"fave_property_location":null,"houzez_geolocation_lat":null,"houzez_geolocation_long":null,"fave_property_map_street_view":null,"fave_featured":null,"fave_loggedintoview":null,"fave_agent_display_option":null,"fave_prop_homeslider":null,"fave_single_top_area":null,"fave_single_content_area":null,"_yoast_wpseo_primary_property_type":null,"_yoast_wpseo_primary_property_feature":null,"_yoast_wpseo_primary_property_label":null,"_yoast_wpseo_primary_property_country":null,"houzez_manual_expire":null,"_houzez_expiration_date_status":null,"houzez_total_property_views":null,"houzez_views_by_date":null,"houzez_recently_viewed":null,"fave_property_price":null,"fave_property_price_prefix":null,"fave_property_size":null,"fave_property_bathrooms":null,"fave_property_garage":null,"fave_levels":null,"fave_roof-type":null,"fave_construction-type":null,"fave_video_url":null,"fave_video_image":null,"fave_payment_status":null,"fave_property_agency":null,"fave_countries":null,"fave_sleeps":null,"_yoast_wpseo_primary_property_status":null,"fave_property_images":null,"fave_attachments":null,"technical_description":null,"houzez_featured_listing_date":null,"fave_property_size_prefix":null,"fave_property_bedrooms":null,"fave_property_price_postfix":null,"fave_production-time-in-weeks":null,"fave_building-time-in-days":null,"fave_window-glazing":null,"_yoast_wpseo_primary_feature-2":null,"_yoast_wpseo_primary_feature-3":null,"fave_warranty-in-years":null,"fave_property_land":null,"fave_property_land_postfix":null,"wpsebeba57d406-00de-d339-8c02-3956a916f506":null,"_oembed_eefb35903900c5c166d55ccf7fc62a8a":null,"_oembed_30948e80c1a853da0b519e72c40d2e13":null,"_oembed_0b78a31d7c7e6041adc064d46c40f98b":null,"_oembed_42c2c13b5902a21593b1d521556aea88":null,"_oembed_4fb58e495f37e206f97738a42dbe566f":null,"_oembed_b2828bee61bd9076cd21ece641de7abc":null,"_oembed_0c92428c960763e658977ce4918863f4":null,"_oembed_02b72dc3d26bdba6ff900a268ade2517":null,"_oembed_8c819834f7fc0b74364aa34a8193f46f":null,"_oembed_088962b77808b37d57abe5c8143f9652":null,"_oembed_dfae0e674c59ba061a82b330fc7fdea0":null,"_oembed_74e5075f66c4cd04b0e118feb24f6636":null,"fave_mortgage_cal":null,"_air_wp_sync_record_id":null,"_air_wp_sync_hash":null,"_air_wp_sync_importer_id":null,"_air_wp_sync_updated_at":null,"external_listing_link":null,"fave_property_map_address":null,"fave_multi_units_ids":null,"$wpml_language$":null,"fave_virtual_tour":null,"fave_gross-external-area":null,"_houzez_expiration_date":null,"_houzez_expiration_date_options":null,"floor_plans":null,"_oembed_a17db82fa378d53b4dc6ed46e5344499":null,"_oembed_da390569a339f4d7147d95cfb8c04c12":null,"_oembed_6a3eda5947bcc098660397ca8e21a941":null,"fave_roof-angle":null,"fave_seo-content":null,"_oembed_a7b8941eeee966e7350aede20b4d62be":null,"_oembed_time_a7b8941eeee966e7350aede20b4d62be":null,"additional_features":null,"fave_multi_units":null,"_oembed_716f56b62500685a7dd15ea2ec7579bd":null,"_oembed_time_716f56b62500685a7dd15ea2ec7579bd":null,"_oembed_8ececd3dd2598a4aedb5dfc82df2a0f6":null,"_oembed_time_8ececd3dd2598a4aedb5dfc82df2a0f6":null,"_oembed_4cef7884ea6ef16d48cd8675b12e440d":null,"fave_property_garage_size":null,"_oembed_5c1eaf7b40f4e3a3089b38beb88ba480":null,"fave_property_zip":null,"_oembed_ccdd6e0304386ece64b3b91f572b0be4":null,"_oembed_ae30d19e3e861b389146a1ccc2828104":null,"fave_property_rooms":null,"fave_property_year":null,"two_page_speed":null,"fave_year_established":null,"Status":null,"_oembed_5b2d8d2cf33b469c98e488ea5b118c30":null,"WPML Language Code":null,"_links":{"self":[{"href":"https:\/\/staging.spassio.com\/sv\/wp-json\/wp\/v2\/pages\/80544","targetHints":{"allow":["GET"]}}],"collection":[{"href":"https:\/\/staging.spassio.com\/sv\/wp-json\/wp\/v2\/pages"}],"about":[{"href":"https:\/\/staging.spassio.com\/sv\/wp-json\/wp\/v2\/types\/page"}],"author":[{"embeddable":true,"href":"https:\/\/staging.spassio.com\/sv\/wp-json\/wp\/v2\/users\/45"}],"replies":[{"embeddable":true,"href":"https:\/\/staging.spassio.com\/sv\/wp-json\/wp\/v2\/comments?post=80544"}],"version-history":[{"count":3,"href":"https:\/\/staging.spassio.com\/sv\/wp-json\/wp\/v2\/pages\/80544\/revisions"}],"predecessor-version":[{"id":178743,"href":"https:\/\/staging.spassio.com\/sv\/wp-json\/wp\/v2\/pages\/80544\/revisions\/178743"}],"wp:attachment":[{"href":"https:\/\/staging.spassio.com\/sv\/wp-json\/wp\/v2\/media?parent=80544"}],"curies":[{"name":"wp","href":"https:\/\/api.w.org\/{rel}","templated":true}]}}