{"id":80554,"date":"2023-01-10T18:13:09","date_gmt":"2023-01-10T17:13:09","guid":{"rendered":"https:\/\/staging.spassio.com\/?page_id=80554"},"modified":"2024-05-02T11:13:47","modified_gmt":"2024-05-02T10:13:47","slug":"vanliga-fragor-och-svar","status":"publish","type":"page","link":"https:\/\/staging.spassio.com\/sv\/vanliga-fragor-och-svar\/","title":{"rendered":"Vanliga fr\u00e5gor och svar"},"content":{"rendered":"\t\t<div data-elementor-type=\"wp-page\" data-elementor-id=\"80554\" class=\"elementor elementor-80554 elementor-33021\" data-elementor-post-type=\"page\">\n\t\t\t\t\t\t<section class=\"elementor-section elementor-top-section elementor-element elementor-element-5634f16 elementor-section-boxed elementor-section-height-default elementor-section-height-default exad-glass-effect-no exad-sticky-section-no\" data-id=\"5634f16\" data-element_type=\"section\">\n\t\t\t\t\t\t<div class=\"elementor-container elementor-column-gap-default\">\n\t\t\t\t\t<div class=\"elementor-column elementor-col-100 elementor-top-column elementor-element elementor-element-6d1323b exad-glass-effect-no exad-sticky-section-no\" data-id=\"6d1323b\" data-element_type=\"column\">\n\t\t\t<div class=\"elementor-widget-wrap elementor-element-populated\">\n\t\t\t\t\t\t<div class=\"elementor-element elementor-element-f070dc6 exad-sticky-section-no exad-glass-effect-no elementor-widget elementor-widget-spacer\" data-id=\"f070dc6\" data-element_type=\"widget\" data-widget_type=\"spacer.default\">\n\t\t\t\t<div class=\"elementor-widget-container\">\n\t\t\t\t\t\t\t<div class=\"elementor-spacer\">\n\t\t\t<div class=\"elementor-spacer-inner\"><\/div>\n\t\t<\/div>\n\t\t\t\t\t\t<\/div>\n\t\t\t\t<\/div>\n\t\t\t\t<div class=\"elementor-element elementor-element-ceeb51b exad-sticky-section-no exad-glass-effect-no elementor-widget elementor-widget-text-editor\" data-id=\"ceeb51b\" data-element_type=\"widget\" data-widget_type=\"text-editor.default\">\n\t\t\t\t<div class=\"elementor-widget-container\">\n\t\t\t\t\t\t\t\t\t<p><b>What is Spassio?<br \/><\/b>Spassio is an online portal connecting buyers with prefab house manufacturers in Europe. We do not produce prefab homes ourselves. We provide a platform for users to compare different models and manufacturers easily.<\/p><p><b>Who can use Spassio?<\/b><br \/>Spassio online portal allows anyone interested in purchasing a prefab home. To start their research to find a manufacturer that meets their needs.<\/p><p><b>Does Spassio only work with European manufacturers?<\/b><br \/>Yes, currently Spassio only works with prefab manufacturers based in Europe.<\/p><p><b>Can I purchase a prefab home from a manufacturer on Spassio and have it delivered outside of Europe?<\/b><br \/>Some manufacturers on Spassio may be able to deliver their homes outside of Europe. But this you can confirm with the manufacturer.<\/p><p><b>What types of prefab homes are available on Spassio?<\/b><br \/>Spassio works with various manufacturers with different types and models of prefab homes. This includes tiny houses, cabins, panel-built, log, and modular homes. There is a wide range of options to suit different needs and budgets.<\/p><p><b>What information can I find on Spassio?<\/b><br \/>Spassio provides detailed information on different prefab home models and manufacturers. This includes floor plans, images, prices, and specifications. You can also find reviews and ratings from other users to help you make an informed decision.<\/p><p><b>How do I purchase a prefab home through Spassio?<\/b><br \/>Once you have researched and compared different options on Spassio. Contact the manufacturer to begin the purchasing process. Spassio does not facilitate the sale of homes. We connect interested buyers with manufacturers.<\/p><p><b>Are the prices on Spassio negotiable?<\/b><br \/>The prices listed on Spassio are provided by the manufacturers. Prices are not negotiable through Spassio. However, you may be able to discuss the price with the manufacturer.<\/p><p><b>Is there any warranty or guarantee on the prefab homes from the manufacturers on Spassio?<\/b><br \/>The manufacturers provide the warranty and guarantee on the prefab homes. Check with the manufacturer for more information on their policies or warranties.<\/p><p><b>I am a prefab manufacturer, how can I advertise on your platform?<\/b><br \/>If you would like to advertise your prefab models on Spassio.com, please email us at <span \n                data-original-string='FQvbnf+nUuK0ze7\/SiO4sw==df9uJSSvSS1CxFoT\/6Y6UUDynQvQlXAQltKYxYN546Vhg0='\n                class='apbct-email-encoder'\n                title='This contact has been encoded by Anti-Spam by CleanTalk. Click to decode. To finish the decoding make sure that JavaScript is enabled in your browser.'>in<span class=\"apbct-blur\">**<\/span>@<span class=\"apbct-blur\">*****<\/span>io.com<\/span> to discuss your option<\/p>\t\t\t\t\t\t\t\t<\/div>\n\t\t\t\t<\/div>\n\t\t\t\t\t<\/div>\n\t\t<\/div>\n\t\t\t\t\t<\/div>\n\t\t<\/section>\n\t\t\t\t<section class=\"elementor-section elementor-top-section elementor-element elementor-element-c33ac30 elementor-section-boxed elementor-section-height-default elementor-section-height-default exad-glass-effect-no exad-sticky-section-no\" data-id=\"c33ac30\" data-element_type=\"section\">\n\t\t\t\t\t\t<div class=\"elementor-container elementor-column-gap-default\">\n\t\t\t\t\t<div class=\"elementor-column elementor-col-100 elementor-top-column elementor-element elementor-element-d06e559 exad-glass-effect-no exad-sticky-section-no\" data-id=\"d06e559\" data-element_type=\"column\">\n\t\t\t<div class=\"elementor-widget-wrap elementor-element-populated\">\n\t\t\t\t\t\t<div class=\"elementor-element elementor-element-6946607 exad-sticky-section-no exad-glass-effect-no elementor-widget elementor-widget-heading\" data-id=\"6946607\" data-element_type=\"widget\" data-widget_type=\"heading.default\">\n\t\t\t\t<div class=\"elementor-widget-container\">\n\t\t\t\t\t<h2 class=\"elementor-heading-title elementor-size-default\">For any further information, please contact us below:<\/h2>\t\t\t\t<\/div>\n\t\t\t\t<\/div>\n\t\t\t\t<div class=\"elementor-element elementor-element-f3f8fc3 exad-sticky-section-no exad-glass-effect-no elementor-widget elementor-widget-spacer\" data-id=\"f3f8fc3\" data-element_type=\"widget\" data-widget_type=\"spacer.default\">\n\t\t\t\t<div class=\"elementor-widget-container\">\n\t\t\t\t\t\t\t<div class=\"elementor-spacer\">\n\t\t\t<div class=\"elementor-spacer-inner\"><\/div>\n\t\t<\/div>\n\t\t\t\t\t\t<\/div>\n\t\t\t\t<\/div>\n\t\t\t\t<div class=\"elementor-element elementor-element-a00b7a9 exad-sticky-section-no exad-glass-effect-no elementor-widget elementor-widget-html\" data-id=\"a00b7a9\" data-element_type=\"widget\" data-widget_type=\"html.default\">\n\t\t\t\t<div class=\"elementor-widget-container\">\n\t\t\t\t\t<script charset=\"utf-8\" type=\"text\/javascript\" src=\"\/\/js.hsforms.net\/forms\/embed\/v2.js\"><\/script>\n<script>\n  hbspt.forms.create({\n    region: \"na1\",\n    portalId: \"7615939\",\n    formId: \"d7f52e62-c597-4547-b93f-78605d3ff4e6\"\n  });\n<\/script>\t\t\t\t<\/div>\n\t\t\t\t<\/div>\n\t\t\t\t\t<\/div>\n\t\t<\/div>\n\t\t\t\t\t<\/div>\n\t\t<\/section>\n\t\t\t\t<\/div>\n\t\t","protected":false},"excerpt":{"rendered":"<p>Vad \u00e4r Spassio?Spassio \u00e4r en onlineportal som sammanf\u00f6r k\u00f6pare med tillverkare av prefabricerade hus i Europa. Vi producerar inte prefabricerade hem sj\u00e4lva. Vi tillhandah\u00e5ller en plattform f\u00f6r anv\u00e4ndare som enkelt kan j\u00e4mf\u00f6ra olika modeller och Tillverkare. Vem kan anv\u00e4nda Spassio?Spassio onlineportal g\u00f6r det m\u00f6jligt f\u00f6r alla som \u00e4r intresserade av att k\u00f6pa ett prefabricerat hem. [&hellip;]<\/p>\n","protected":false},"author":45,"featured_media":0,"parent":0,"menu_order":0,"comment_status":"closed","ping_status":"closed","template":"template\/template-page.php","meta":{"content-type":"","_FSMCFIC_featured_image_caption":"","_FSMCFIC_featured_image_nocaption":"","_FSMCFIC_featured_image_hide":"","footnotes":""},"class_list":["post-80554","page","type-page","status-publish","hentry"],"_wp_attached_file":null,"_wp_attachment_metadata":null,"_wp_attachment_backup_sizes":null,"siteground_optimizer_webp_conversion_attempts":null,"siteground_optimizer_is_converted_to_webp":null,"siteground_optimizer_optimization_attempts":null,"siteground_optimizer_optimization_failed":null,"wpml_media_processed":null,"_wp_attachment_image_alt":null,"siteground_optimizer_is_optimized":null,"siteground_optimizer_webp_conversion_failed":null,"_elementor_source_image_hash":null,"siteground_optimizer_compression_level":null,"_elementor_inline_svg":null,"_imagify_optimization_level":null,"_imagify_status":null,"_imagify_data":null,"siteground_optimizer_original_filesize":null,"wpse_external_file_url":null,"fave_currency":null,"fave_currency_info":null,"fave_property_id":null,"fave_property_map":null,"fave_property_location":null,"houzez_geolocation_lat":null,"houzez_geolocation_long":null,"fave_property_map_street_view":null,"fave_featured":null,"fave_loggedintoview":null,"fave_agent_display_option":null,"fave_prop_homeslider":null,"fave_single_top_area":null,"fave_single_content_area":null,"_yoast_wpseo_primary_property_type":null,"_yoast_wpseo_primary_property_feature":null,"_yoast_wpseo_primary_property_label":null,"_yoast_wpseo_primary_property_country":null,"houzez_manual_expire":null,"_houzez_expiration_date_status":null,"houzez_total_property_views":null,"houzez_views_by_date":null,"houzez_recently_viewed":null,"fave_property_price":null,"fave_property_price_prefix":null,"fave_property_size":null,"fave_property_bathrooms":null,"fave_property_garage":null,"fave_levels":null,"fave_roof-type":null,"fave_construction-type":null,"fave_video_url":null,"fave_video_image":null,"fave_payment_status":null,"fave_property_agency":null,"fave_countries":null,"fave_sleeps":null,"_yoast_wpseo_primary_property_status":null,"fave_property_images":null,"fave_attachments":null,"technical_description":null,"houzez_featured_listing_date":null,"fave_property_size_prefix":null,"fave_property_bedrooms":null,"fave_property_price_postfix":null,"fave_production-time-in-weeks":null,"fave_building-time-in-days":null,"fave_window-glazing":null,"_yoast_wpseo_primary_feature-2":null,"_yoast_wpseo_primary_feature-3":null,"fave_warranty-in-years":null,"fave_property_land":null,"fave_property_land_postfix":null,"wpsebeba57d406-00de-d339-8c02-3956a916f506":null,"_oembed_eefb35903900c5c166d55ccf7fc62a8a":null,"_oembed_30948e80c1a853da0b519e72c40d2e13":null,"_oembed_0b78a31d7c7e6041adc064d46c40f98b":null,"_oembed_42c2c13b5902a21593b1d521556aea88":null,"_oembed_4fb58e495f37e206f97738a42dbe566f":null,"_oembed_b2828bee61bd9076cd21ece641de7abc":null,"_oembed_0c92428c960763e658977ce4918863f4":null,"_oembed_02b72dc3d26bdba6ff900a268ade2517":null,"_oembed_8c819834f7fc0b74364aa34a8193f46f":null,"_oembed_088962b77808b37d57abe5c8143f9652":null,"_oembed_dfae0e674c59ba061a82b330fc7fdea0":null,"_oembed_74e5075f66c4cd04b0e118feb24f6636":null,"fave_mortgage_cal":null,"_air_wp_sync_record_id":null,"_air_wp_sync_hash":null,"_air_wp_sync_importer_id":null,"_air_wp_sync_updated_at":null,"external_listing_link":null,"fave_property_map_address":null,"fave_multi_units_ids":null,"$wpml_language$":null,"fave_virtual_tour":null,"fave_gross-external-area":null,"_houzez_expiration_date":null,"_houzez_expiration_date_options":null,"floor_plans":null,"_oembed_a17db82fa378d53b4dc6ed46e5344499":null,"_oembed_da390569a339f4d7147d95cfb8c04c12":null,"_oembed_6a3eda5947bcc098660397ca8e21a941":null,"fave_roof-angle":null,"fave_seo-content":null,"_oembed_a7b8941eeee966e7350aede20b4d62be":null,"_oembed_time_a7b8941eeee966e7350aede20b4d62be":null,"additional_features":null,"fave_multi_units":null,"_oembed_716f56b62500685a7dd15ea2ec7579bd":null,"_oembed_time_716f56b62500685a7dd15ea2ec7579bd":null,"_oembed_8ececd3dd2598a4aedb5dfc82df2a0f6":null,"_oembed_time_8ececd3dd2598a4aedb5dfc82df2a0f6":null,"_oembed_4cef7884ea6ef16d48cd8675b12e440d":null,"fave_property_garage_size":null,"_oembed_5c1eaf7b40f4e3a3089b38beb88ba480":null,"fave_property_zip":null,"_oembed_ccdd6e0304386ece64b3b91f572b0be4":null,"_oembed_ae30d19e3e861b389146a1ccc2828104":null,"fave_property_rooms":null,"fave_property_year":null,"two_page_speed":null,"fave_year_established":null,"Status":null,"_oembed_5b2d8d2cf33b469c98e488ea5b118c30":null,"WPML Language Code":null,"_links":{"self":[{"href":"https:\/\/staging.spassio.com\/sv\/wp-json\/wp\/v2\/pages\/80554","targetHints":{"allow":["GET"]}}],"collection":[{"href":"https:\/\/staging.spassio.com\/sv\/wp-json\/wp\/v2\/pages"}],"about":[{"href":"https:\/\/staging.spassio.com\/sv\/wp-json\/wp\/v2\/types\/page"}],"author":[{"embeddable":true,"href":"https:\/\/staging.spassio.com\/sv\/wp-json\/wp\/v2\/users\/45"}],"replies":[{"embeddable":true,"href":"https:\/\/staging.spassio.com\/sv\/wp-json\/wp\/v2\/comments?post=80554"}],"version-history":[{"count":0,"href":"https:\/\/staging.spassio.com\/sv\/wp-json\/wp\/v2\/pages\/80554\/revisions"}],"wp:attachment":[{"href":"https:\/\/staging.spassio.com\/sv\/wp-json\/wp\/v2\/media?parent=80554"}],"curies":[{"name":"wp","href":"https:\/\/api.w.org\/{rel}","templated":true}]}}